{"id":3426,"date":"2023-02-08T08:57:02","date_gmt":"2023-02-08T07:57:02","guid":{"rendered":"https:\/\/gomagom.es\/gomagom\/"},"modified":"2024-10-29T16:37:20","modified_gmt":"2024-10-29T15:37:20","slug":"gomagom","status":"publish","type":"page","link":"https:\/\/gomagom.es\/fr\/","title":{"rendered":"GomaGom"},"content":{"rendered":"<div class=\"wpb-content-wrapper\"><p>[vc_row][vc_column]<div id=\"ultimate-heading-433569da051990191\" class=\"uvc-heading ult-adjust-bottom-margin ultimate-heading-433569da051990191 uvc-3932  uvc-heading-default-font-sizes\" data-hspacer=\"no_spacer\"  data-halign=\"center\" style=\"text-align:center\"><div class=\"uvc-heading-spacer no_spacer\" style=\"top\"><\/div><div class=\"uvc-main-heading ult-responsive\"  data-ultimate-target='.uvc-heading.ultimate-heading-433569da051990191 h2'  data-responsive-json-new='{\"font-size\":\"\",\"line-height\":\"\"}' ><h2 style=\"font-family:&#039;Montserrat&#039;;font-weight:300;margin-bottom:35px;\">DUNSA, SL<\/h2><\/div><\/div>[vc_column_text css=\u00a0\u00bb\u00a0\u00bb]<\/p>\n<p style=\"text-align: center;\">Plus de 30 ans d&rsquo;exp\u00e9rience dans la fabrication de barres adh\u00e9sives et de colles nous permettent d&rsquo;offrir une gamme de produits de pointe.<\/p>\n<p style=\"text-align: center;\">Nos entrep\u00f4ts de distribution sont situ\u00e9s \u00e0 30 km de Barcelone, dans une zone industrielle proche de l&rsquo;un des centres logistiques les plus importants de la r\u00e9gion.<\/p>\n<p style=\"text-align: center;\">Notre syst\u00e8me de stockage enti\u00e8rement informatis\u00e9 nous permet de r\u00e9pondre imm\u00e9diatement aux besoins de nos clients.<\/p>\n<p style=\"text-align: center;\">Nous disposons d&rsquo;un important soutien industriel avec une grande capacit\u00e9 de production et la possibilit\u00e9 d&rsquo;offrir chaque ann\u00e9e des produits innovants sur le march\u00e9 de la papeterie.<\/p>\n<p>[\/vc_column_text][\/vc_column][\/vc_row]<\/p>\n<\/div>","protected":false},"excerpt":{"rendered":"<p>[vc_row][vc_column][vc_column_text css=\u00a0\u00bb\u00a0\u00bb] Plus de 30 ans d&rsquo;exp\u00e9rience dans la fabrication de barres adh\u00e9sives et de colles nous permettent d&rsquo;offrir une gamme de produits de pointe. Nos entrep\u00f4ts de distribution sont situ\u00e9s \u00e0 30 km de Barcelone, dans une zone industrielle proche de l&rsquo;un des centres logistiques les plus importants de la r\u00e9gion. Notre syst\u00e8me de&hellip;<\/p>\n","protected":false},"author":9,"featured_media":0,"parent":0,"menu_order":0,"comment_status":"closed","ping_status":"closed","template":"","meta":{"_acf_changed":false,"footnotes":""},"class_list":["post-3426","page","type-page","status-publish","hentry","description-off"],"acf":[],"jetpack_sharing_enabled":true,"_links":{"self":[{"href":"https:\/\/gomagom.es\/fr\/wp-json\/wp\/v2\/pages\/3426","targetHints":{"allow":["GET"]}}],"collection":[{"href":"https:\/\/gomagom.es\/fr\/wp-json\/wp\/v2\/pages"}],"about":[{"href":"https:\/\/gomagom.es\/fr\/wp-json\/wp\/v2\/types\/page"}],"author":[{"embeddable":true,"href":"https:\/\/gomagom.es\/fr\/wp-json\/wp\/v2\/users\/9"}],"replies":[{"embeddable":true,"href":"https:\/\/gomagom.es\/fr\/wp-json\/wp\/v2\/comments?post=3426"}],"version-history":[{"count":3,"href":"https:\/\/gomagom.es\/fr\/wp-json\/wp\/v2\/pages\/3426\/revisions"}],"predecessor-version":[{"id":10191,"href":"https:\/\/gomagom.es\/fr\/wp-json\/wp\/v2\/pages\/3426\/revisions\/10191"}],"wp:attachment":[{"href":"https:\/\/gomagom.es\/fr\/wp-json\/wp\/v2\/media?parent=3426"}],"curies":[{"name":"wp","href":"https:\/\/api.w.org\/{rel}","templated":true}]}}