{"id":5540,"date":"2023-07-03T11:09:29","date_gmt":"2023-07-03T09:09:29","guid":{"rendered":"https:\/\/gomagom.es\/descargas\/"},"modified":"2026-01-16T08:12:24","modified_gmt":"2026-01-16T07:12:24","slug":"telechargements","status":"publish","type":"page","link":"https:\/\/gomagom.es\/fr\/telechargements\/","title":{"rendered":"T\u00e9l\u00e9chargements"},"content":{"rendered":"<div class=\"wpb-content-wrapper\"><p>[vc_row content_placement=\u00a0\u00bbmiddle\u00a0\u00bb][vc_column width=\u00a0\u00bb1\/2&Prime;][vc_single_image image=\u00a0\u00bb3518&Prime; img_size=\u00a0\u00bb500&#215;500&Prime; style=\u00a0\u00bbvc_box_outline\u00a0\u00bb][\/vc_column][vc_column width=\u00a0\u00bb1\/2&Prime;][vc_column_text]Pour obtenir votre pack d&rsquo;images gratuit, cliquez simplement sur le lien de t\u00e9l\u00e9chargement ci-dessous.<\/p>\n<p>[\/vc_column_text][vc_btn title=\u00a0\u00bbT\u00e9l\u00e9charger des images de BRICOLAGE\u00a0\u00bb color=\u00a0\u00bbsuccess\u00a0\u00bb size=\u00a0\u00bblg\u00a0\u00bb align=\u00a0\u00bbleft\u00a0\u00bb i_icon_fontawesome=\u00a0\u00bbfas fa-arrow-alt-circle-down\u00a0\u00bb css=\u00a0\u00bb.vc_custom_1702396540834{margin-top: 25px !important;margin-bottom: 25px !important;}\u00a0\u00bb add_icon=\u00a0\u00bbtrue\u00a0\u00bb link=\u00a0\u00bburl:https%3A%2F%2Fgomagom.es%2Fdescargas%2FGG_BRICO.rar|title:T%C3%A9l%C3%A9charger%20des%20images%20de%20BRICOLAGE|target:_blank|\u00a0\u00bb][vc_btn title=\u00a0\u00bbT\u00e9l\u00e9charger des images PAPETERIE\u00a0\u00bb color=\u00a0\u00bbsuccess\u00a0\u00bb size=\u00a0\u00bblg\u00a0\u00bb align=\u00a0\u00bbleft\u00a0\u00bb i_icon_fontawesome=\u00a0\u00bbfas fa-arrow-alt-circle-down\u00a0\u00bb css=\u00a0\u00bb.vc_custom_1702396580685{margin-top: 25px !important;margin-bottom: 25px !important;}\u00a0\u00bb add_icon=\u00a0\u00bbtrue\u00a0\u00bb link=\u00a0\u00bburl:https%3A%2F%2Fgomagom.es%2Fdescargas%2FGG_PAPERERIA.rar|title:T%C3%A9l%C3%A9charger%20des%20images%20PAPETERIE|target:_blank|\u00a0\u00bb][vc_btn title=\u00a0\u00bbT\u00e9l\u00e9charger le catalogue GOMAGOM\u00a0\u00bb color=\u00a0\u00bbsuccess\u00a0\u00bb size=\u00a0\u00bblg\u00a0\u00bb align=\u00a0\u00bbleft\u00a0\u00bb i_icon_fontawesome=\u00a0\u00bbfa fa-solid fa-circle-arrow-down\u00a0\u00bb css=\u00a0\u00bb.vc_custom_1768547331925{margin-top: 25px !important;margin-bottom: 25px !important;}\u00a0\u00bb add_icon=\u00a0\u00bbtrue\u00a0\u00bb link=\u00a0\u00bburl:https%3A%2F%2Fgomagom.es%2Fwp-content%2Fuploads%2F2026%2F01%2FCatalogo-Dunsa-2026b.pdf|title:T%C3%A9l%C3%A9charger%20le%20catalogue%20GOMAGOM|target:_blank|\u00a0\u00bb][vc_column_text]Si vous avez des questions ou avez besoin de plus d&rsquo;informations sur un produit particulier, n&rsquo;h\u00e9sitez pas \u00e0 contacter notre service client. Nous sommes l\u00e0 pour vous aider.[\/vc_column_text][\/vc_column][\/vc_row]<\/p>\n<\/div>","protected":false},"excerpt":{"rendered":"<p>[vc_row content_placement=\u00a0\u00bbmiddle\u00a0\u00bb][vc_column width=\u00a0\u00bb1\/2&Prime;][vc_single_image image=\u00a0\u00bb3518&Prime; img_size=\u00a0\u00bb500&#215;500&Prime; style=\u00a0\u00bbvc_box_outline\u00a0\u00bb][\/vc_column][vc_column width=\u00a0\u00bb1\/2&Prime;][vc_column_text]Pour obtenir votre pack d&rsquo;images gratuit, cliquez simplement sur le lien de t\u00e9l\u00e9chargement ci-dessous. [\/vc_column_text][vc_btn title=\u00a0\u00bbT\u00e9l\u00e9charger des images de BRICOLAGE\u00a0\u00bb color=\u00a0\u00bbsuccess\u00a0\u00bb size=\u00a0\u00bblg\u00a0\u00bb align=\u00a0\u00bbleft\u00a0\u00bb i_icon_fontawesome=\u00a0\u00bbfas fa-arrow-alt-circle-down\u00a0\u00bb css=\u00a0\u00bb.vc_custom_1702396540834{margin-top: 25px !important;margin-bottom: 25px !important;}\u00a0\u00bb add_icon=\u00a0\u00bbtrue\u00a0\u00bb link=\u00a0\u00bburl:https%3A%2F%2Fgomagom.es%2Fdescargas%2FGG_BRICO.rar|title:T%C3%A9l%C3%A9charger%20des%20images%20de%20BRICOLAGE|target:_blank|\u00a0\u00bb][vc_btn title=\u00a0\u00bbT\u00e9l\u00e9charger des images PAPETERIE\u00a0\u00bb color=\u00a0\u00bbsuccess\u00a0\u00bb size=\u00a0\u00bblg\u00a0\u00bb align=\u00a0\u00bbleft\u00a0\u00bb i_icon_fontawesome=\u00a0\u00bbfas fa-arrow-alt-circle-down\u00a0\u00bb css=\u00a0\u00bb.vc_custom_1702396580685{margin-top: 25px !important;margin-bottom: 25px !important;}\u00a0\u00bb add_icon=\u00a0\u00bbtrue\u00a0\u00bb link=\u00a0\u00bburl:https%3A%2F%2Fgomagom.es%2Fdescargas%2FGG_PAPERERIA.rar|title:T%C3%A9l%C3%A9charger%20des%20images%20PAPETERIE|target:_blank|\u00a0\u00bb][vc_btn title=\u00a0\u00bbT\u00e9l\u00e9charger&hellip;<\/p>\n","protected":false},"author":9,"featured_media":0,"parent":0,"menu_order":0,"comment_status":"closed","ping_status":"closed","template":"","meta":{"_acf_changed":false,"footnotes":""},"class_list":["post-5540","page","type-page","status-publish","hentry","description-off"],"acf":[],"jetpack_sharing_enabled":true,"_links":{"self":[{"href":"https:\/\/gomagom.es\/fr\/wp-json\/wp\/v2\/pages\/5540","targetHints":{"allow":["GET"]}}],"collection":[{"href":"https:\/\/gomagom.es\/fr\/wp-json\/wp\/v2\/pages"}],"about":[{"href":"https:\/\/gomagom.es\/fr\/wp-json\/wp\/v2\/types\/page"}],"author":[{"embeddable":true,"href":"https:\/\/gomagom.es\/fr\/wp-json\/wp\/v2\/users\/9"}],"replies":[{"embeddable":true,"href":"https:\/\/gomagom.es\/fr\/wp-json\/wp\/v2\/comments?post=5540"}],"version-history":[{"count":13,"href":"https:\/\/gomagom.es\/fr\/wp-json\/wp\/v2\/pages\/5540\/revisions"}],"predecessor-version":[{"id":10367,"href":"https:\/\/gomagom.es\/fr\/wp-json\/wp\/v2\/pages\/5540\/revisions\/10367"}],"wp:attachment":[{"href":"https:\/\/gomagom.es\/fr\/wp-json\/wp\/v2\/media?parent=5540"}],"curies":[{"name":"wp","href":"https:\/\/api.w.org\/{rel}","templated":true}]}}