{"id":10206,"date":"2024-12-18T13:30:36","date_gmt":"2024-12-18T12:30:36","guid":{"rendered":"https:\/\/gomagom.es\/catalog\/non%20class\u00e9\/cinta-adhesiva-doble-cara-bl\/"},"modified":"2024-12-18T13:41:46","modified_gmt":"2024-12-18T12:41:46","slug":"cinta-adhesiva-doble-cara-bl","status":"publish","type":"product","link":"https:\/\/gomagom.es\/fr\/catalog\/cinta-adhesiva-doble-cara-bl\/","title":{"rendered":"RUBAN ADH\u00c9SIF DOUBLE FACE"},"content":{"rendered":"","protected":false},"excerpt":{"rendered":"<p><strong><span style=\"color: #ff0000;\">N\u00ba 30<\/span> | Ref: GG21391<\/strong> | <i class=\"fa-solid fa-box\"><\/i> 12u. <i class=\"fa-solid fa-box fa-2x\"><\/i> 72u.<br \/>\nPour coller: Crochets, assiettes, panneaux, ornements, fixer le t\u00e9l\u00e9phone, etc. Tr\u00e8s utile \u00e0 la maison, au bureau et \u00e0 l\u2019\u00e9cole. Pour fixer toutes sortes d\u2019objets de mani\u00e8re propre, rapide et facile. Convient pour un usage enfantin et\/ou domestique.<\/p>\n","protected":false},"featured_media":11830,"comment_status":"closed","ping_status":"closed","template":"","meta":{"_acf_changed":false},"product_brand":[],"product_cat":[138,216],"product_tag":[],"class_list":{"0":"post-10206","1":"product","2":"type-product","3":"status-publish","4":"has-post-thumbnail","6":"product_cat-bricolaje-fr","7":"product_cat-cintas-adhesivas-bricolaje-fr","8":"description-off","10":"first","11":"instock","12":"purchasable","13":"product-type-simple"},"acf":[],"jetpack_sharing_enabled":true,"_links":{"self":[{"href":"https:\/\/gomagom.es\/fr\/wp-json\/wp\/v2\/product\/10206","targetHints":{"allow":["GET"]}}],"collection":[{"href":"https:\/\/gomagom.es\/fr\/wp-json\/wp\/v2\/product"}],"about":[{"href":"https:\/\/gomagom.es\/fr\/wp-json\/wp\/v2\/types\/product"}],"replies":[{"embeddable":true,"href":"https:\/\/gomagom.es\/fr\/wp-json\/wp\/v2\/comments?post=10206"}],"wp:featuredmedia":[{"embeddable":true,"href":"https:\/\/gomagom.es\/fr\/wp-json\/wp\/v2\/media\/11830"}],"wp:attachment":[{"href":"https:\/\/gomagom.es\/fr\/wp-json\/wp\/v2\/media?parent=10206"}],"wp:term":[{"taxonomy":"product_brand","embeddable":true,"href":"https:\/\/gomagom.es\/fr\/wp-json\/wp\/v2\/product_brand?post=10206"},{"taxonomy":"product_cat","embeddable":true,"href":"https:\/\/gomagom.es\/fr\/wp-json\/wp\/v2\/product_cat?post=10206"},{"taxonomy":"product_tag","embeddable":true,"href":"https:\/\/gomagom.es\/fr\/wp-json\/wp\/v2\/product_tag?post=10206"}],"curies":[{"name":"wp","href":"https:\/\/api.w.org\/{rel}","templated":true}]}}