{"id":10235,"date":"2025-02-27T14:39:44","date_gmt":"2025-02-27T13:39:44","guid":{"rendered":"https:\/\/gomagom.es\/?post_type=product&#038;p=10235"},"modified":"2026-03-27T12:35:05","modified_gmt":"2026-03-27T11:35:05","slug":"adhesivo-para-tuberias-de-pvc-50ml-copia-2","status":"publish","type":"product","link":"https:\/\/gomagom.es\/fr\/catalog\/adhesivo-para-tuberias-de-pvc-50ml-copia-2\/","title":{"rendered":"ADHESIF POUR TUYAUX EN PVC 20ml"},"content":{"rendered":"","protected":false},"excerpt":{"rendered":"<p><span style=\"color: #ff0000;\"><strong>NO. 16<\/strong><\/span> | <strong>Ref : 22101<\/strong> | <i class=\"fa-solid fa-box\"><\/i> 12u. <i class=\"fa-solid fa-box fa-2x\"><\/i> 144u.<br \/>\nPOUR LE GLUAGE : Tuyaux en PVC rigide, tuyaux en PVC, conduits, installations, mat\u00e9riaux en PVC rigide, r\u00e9parations et objets en PVC en g\u00e9n\u00e9ral. El ADHESIVO PARA TUBER\u00cdAS DE PVC GOMAGOM adhiere perfectamente pl\u00e1sticos r\u00edgidos de PVC, especialmente conducciones de agua, que soporten presi\u00f3n. Permet d&rsquo;obtenir un collage parfait sans fuites et avec une grande r\u00e9sistance.<br \/>\nMODE D&rsquo;EMPLOI : Appliquer une fine couche de produit sur les deux surfaces \u00e0 coller, pr\u00e9alablement nettoy\u00e9es et s\u00e8ches. Acoplar los tubos a unir, sin girarlos. Resiste presi\u00f3n a las 6 horas, m\u00e1xima resistencia 12 horas aproximadamente.<\/p>\n","protected":false},"featured_media":11848,"comment_status":"closed","ping_status":"closed","template":"","meta":{"_acf_changed":false},"product_brand":[],"product_cat":[138,209],"product_tag":[140,335],"class_list":{"0":"post-10235","1":"product","2":"type-product","3":"status-publish","4":"has-post-thumbnail","6":"product_cat-bricolaje-fr","7":"product_cat-adhesivo-para-plasticos-fr","8":"product_tag-reparar-pegar-fr","9":"product_tag-sellar-fr","10":"description-off","12":"first","13":"instock","14":"purchasable","15":"product-type-simple"},"acf":[],"jetpack_sharing_enabled":true,"_links":{"self":[{"href":"https:\/\/gomagom.es\/fr\/wp-json\/wp\/v2\/product\/10235","targetHints":{"allow":["GET"]}}],"collection":[{"href":"https:\/\/gomagom.es\/fr\/wp-json\/wp\/v2\/product"}],"about":[{"href":"https:\/\/gomagom.es\/fr\/wp-json\/wp\/v2\/types\/product"}],"replies":[{"embeddable":true,"href":"https:\/\/gomagom.es\/fr\/wp-json\/wp\/v2\/comments?post=10235"}],"wp:featuredmedia":[{"embeddable":true,"href":"https:\/\/gomagom.es\/fr\/wp-json\/wp\/v2\/media\/11848"}],"wp:attachment":[{"href":"https:\/\/gomagom.es\/fr\/wp-json\/wp\/v2\/media?parent=10235"}],"wp:term":[{"taxonomy":"product_brand","embeddable":true,"href":"https:\/\/gomagom.es\/fr\/wp-json\/wp\/v2\/product_brand?post=10235"},{"taxonomy":"product_cat","embeddable":true,"href":"https:\/\/gomagom.es\/fr\/wp-json\/wp\/v2\/product_cat?post=10235"},{"taxonomy":"product_tag","embeddable":true,"href":"https:\/\/gomagom.es\/fr\/wp-json\/wp\/v2\/product_tag?post=10235"}],"curies":[{"name":"wp","href":"https:\/\/api.w.org\/{rel}","templated":true}]}}