{"id":8995,"date":"2024-02-02T13:38:54","date_gmt":"2024-02-02T12:38:54","guid":{"rendered":"https:\/\/gomagom.es\/catalog\/sin%20categor\u00eda\/colle-super-instantanee-3g\/"},"modified":"2025-04-01T15:25:59","modified_gmt":"2025-04-01T13:25:59","slug":"colle-super-instantanee-3g","status":"publish","type":"product","link":"https:\/\/gomagom.es\/fr\/catalog\/colle-super-instantanee-3g\/","title":{"rendered":"COLLE SUPER INSTANTAN\u00c9E 3g"},"content":{"rendered":"","protected":false},"excerpt":{"rendered":"<p><span style=\"color: #ff0000;\"><strong>N\u00ba 5<\/strong><\/span> |\u00a0<strong>Ref: GG16050<\/strong>  |\u00a0<i class=\"fa-solid fa-box\"><\/i> 24u. \u00a0<i class=\"fa-solid fa-box fa-2x\"><\/i> 144u.<\/br><br \/>\nPOUR COLLER: Le plastique, la c\u00e9ramique, le caoutchouc, les gommes, la porcelaine, les bois durs, le marbre, les m\u00e9taux, le nacre, le verre, etc. MODE D&rsquo;EMPLOI: Les superficies \u00e0 unir doivent \u00eatre propres, s\u00e8ches et sans poussi\u00e8re ou graisse. Appliquez une petite quantit\u00e9 de colle, une goutte suffit. Si vous en mettez trop, vous diminuez l&rsquo;efficacit\u00e9 et la rapidit\u00e9 a union. Assembler les pi\u00e8ces \u00e0 encoller, en evitant le contact avec les doigts. Appuyez pendant 15-30 secondes, temps n\u00e9cessaire pour effectuer l&rsquo;union, en atteignant la r\u00e9sistance maximale au bout de 12 heures. Enlever les restes en frottant avec de l&rsquo;ac\u00e9tone. Conserver dans un lieu frais et sec, prot\u00e9g\u00e9 de la lumiere.<br \/>\nPRODUIT NETTOYANT D&rsquo;ADH\u00c9SIFS INSTANTAN\u00c9ES 3g<br \/>\nVALABLE POUR: \u00c9liminer l&rsquo;exc\u00e8s d&rsquo;adh\u00e9sif, \u00e9liminer Fadh\u00e9sif de sur les mains. \u00c9liminer t\u00e2ches d&rsquo;adh\u00e9sif sur: bois, plastique, m\u00e9tal, caoutchouc, verre, marbre, m\u00e9lamine, papier, carton. Elimine t\u00e4ches et restes d&rsquo;adh\u00e9sif sur tous types de surfaces. MODE D&rsquo;EMPLOI: Appliquer une couche de prodult de fa\u00e7on \u00e0 ce que la surface choisie se trouve compl\u00e8tement impr\u00e9gn\u00e9e. Placer un papier absorbant sur la surface pour qu&rsquo;il absorbe Fadh\u00e9sif et laisser agir durant 2-4 minutes. Retirer le papier et \u00e9liminer les restes en frottant l\u00e9g\u00e8rement Passer un chiffon humide dessus. Sur les mains: d\u00e8s que vous remarquez que radh\u00e9sif se ramollit, retirez avec un papier absorbant. Laver \u00e0 grande eau et savon.<\/p>\n","protected":false},"featured_media":11570,"comment_status":"closed","ping_status":"closed","template":"","meta":{"_acf_changed":false},"product_brand":[],"product_cat":[138,139],"product_tag":[140],"class_list":{"0":"post-8995","1":"product","2":"type-product","3":"status-publish","4":"has-post-thumbnail","6":"product_cat-bricolaje-fr","7":"product_cat-adhesivo-super-instantaneo-fr","8":"product_tag-reparar-pegar-fr","9":"description-off","11":"first","12":"instock","13":"purchasable","14":"product-type-simple"},"acf":[],"jetpack_sharing_enabled":true,"_links":{"self":[{"href":"https:\/\/gomagom.es\/fr\/wp-json\/wp\/v2\/product\/8995","targetHints":{"allow":["GET"]}}],"collection":[{"href":"https:\/\/gomagom.es\/fr\/wp-json\/wp\/v2\/product"}],"about":[{"href":"https:\/\/gomagom.es\/fr\/wp-json\/wp\/v2\/types\/product"}],"replies":[{"embeddable":true,"href":"https:\/\/gomagom.es\/fr\/wp-json\/wp\/v2\/comments?post=8995"}],"wp:featuredmedia":[{"embeddable":true,"href":"https:\/\/gomagom.es\/fr\/wp-json\/wp\/v2\/media\/11570"}],"wp:attachment":[{"href":"https:\/\/gomagom.es\/fr\/wp-json\/wp\/v2\/media?parent=8995"}],"wp:term":[{"taxonomy":"product_brand","embeddable":true,"href":"https:\/\/gomagom.es\/fr\/wp-json\/wp\/v2\/product_brand?post=8995"},{"taxonomy":"product_cat","embeddable":true,"href":"https:\/\/gomagom.es\/fr\/wp-json\/wp\/v2\/product_cat?post=8995"},{"taxonomy":"product_tag","embeddable":true,"href":"https:\/\/gomagom.es\/fr\/wp-json\/wp\/v2\/product_tag?post=8995"}],"curies":[{"name":"wp","href":"https:\/\/api.w.org\/{rel}","templated":true}]}}