{"id":8998,"date":"2024-05-22T15:00:15","date_gmt":"2024-05-22T14:00:15","guid":{"rendered":"https:\/\/gomagom.es\/catalog\/sin%20categor\u00eda\/colle-super-instantanee-3g-2\/"},"modified":"2025-04-01T15:26:01","modified_gmt":"2025-04-01T13:26:01","slug":"colle-super-instantanee-3g-2","status":"publish","type":"product","link":"https:\/\/gomagom.es\/fr\/catalog\/colle-super-instantanee-3g-2\/","title":{"rendered":"COLLE SUPER INSTANTAN\u00c9E 3g"},"content":{"rendered":"","protected":false},"excerpt":{"rendered":"<p><span style=\"color: #ff0000;\"><strong>N\u00ba 8<\/strong><\/span> |\u00a0<strong>Ref: GG16070<\/strong>  |\u00a0<i class=\"fa-solid fa-box\"><\/i> 12u. \u00a0<i class=\"fa-solid fa-box fa-2x\"><\/i> 144u.<\/br><br \/>\nPOUR COLLER: le plastique, le caoutchouc, les gommes, la porcelaine, les bois durs, le marbre, les m\u00e9taux, le nacre, le verre, etc.<br \/>\nMODE DE EMPLOI: Les superficies \u00e0 unir doivent \u00eatre propes, s\u00e8ches et sans poussi\u00e8re ou graisse. Appliquez une petite quantit\u00e9 de  colle, une goutte suffit. Assembler les pi\u00e8ces \u00e0 encoller, en evitant le contact avec les doigts. Appuyez pendant 15-30  secondes, temps n\u00e9cessaire pour effectuer l\u2019union, en atteignant la r\u00e9sistance maximale au bout de 12 heures.  Enlever les restes en frottant avec le Produit Nettoyant d\u2019adh\u00e9sifs.<br \/>\nCOLLE ULTRA RAPIDE GEL 3g<br \/>\nPOUR COLLER: le plastique, les m\u00e9taux, le marbre, la c\u00e9ramique, le caoutchouc, la porcelaine, les bois durs, le verre, etc. La COLLE ULTRA RAPIDE GEL assemble pratiquement tous les mat\u00e9riaux, qu\u2019ils soient poreux ou non (sauf T\u00e9flon\u00ae, poli\u00e9thyl\u00e8ne, polypropyl\u00e8ne, Porexpan\u00ae et tissus synth\u00e9tiques). Id\u00e9al pour les prises rapides ou difficiles.<br \/>\nMODE D\u2019EMPLOI: Les surfaces \u00e0 assembler doivent \u00eatre propes et s\u00e8ches. Appliquer une goutte de produit sur une seule surface. Assembler les pi\u00e8ces \u00e0 encoller, en \u00e9vitant tout contact avec les doigts. Appuyer de 20 secondes \u00e0 deux minutes. C\u2019est le temps de prise n\u00e9cessaire mais il faudra 12 heures pour que la r\u00e9sistance soit maximale. Apr\u00e8s utilisation, nettoyer imm\u00e9diatement la pointe  de la canule avec un chiffon. Bien fermer le tube en vissant le capuchon.<br \/>\nNETTOYANT D\u2019ADH\u00c9SIFS INSTANTAN\u00c9ES 3g<br \/>\nVALABLE POUR: \u00c9liminer l\u2019exc\u00e8s d\u2019adh\u00e9sifs, \u00e9liminer l\u2019adh\u00e9sif de sur les mains. \u00c9liminer t\u00e2ches d\u2019adh\u00e9sif sur: bois, plastique, m\u00e9tal, caoutchouc, verre, marbre, m\u00e9lamine, papier, carton. \u00c9limine t\u00e2ches et restes d\u2019adh\u00e9sif sur tous types de surfaces. MODE D\u2019EMPLOI: Appliquer une couche de produit de fa\u00e7on \u00e0 ce que la surface choisie se trouve compl\u00e8tement impr\u00e9gn\u00e9e. Placer un papier absorbant sur la surface pour qu\u2019il absorbe l\u2019adh\u00e9sif et laisser agir durant 2-4 minutes. Retirer le papier et \u00e9liminer les restes en frottant l\u00e9g\u00e8rement. Passer un chiffon humide dessus. Sur les mains: d\u00e8s que vous remarquez que l\u2019adh\u00e9sif se ramollit, retirez avec un papier absorbant. Laver \u00e0 grande eau et savon.<\/p>\n","protected":false},"featured_media":301,"comment_status":"closed","ping_status":"open","template":"","meta":{"_acf_changed":false},"product_brand":[],"product_cat":[50,16],"product_tag":[134],"class_list":{"0":"post-8998","1":"product","2":"type-product","3":"status-publish","4":"has-post-thumbnail","6":"product_cat-adhesivo-super-instantaneo","7":"product_cat-bricolaje","8":"product_tag-reparar-pegar","9":"description-off","11":"first","12":"instock","13":"purchasable","14":"product-type-simple"},"acf":[],"jetpack_sharing_enabled":true,"_links":{"self":[{"href":"https:\/\/gomagom.es\/fr\/wp-json\/wp\/v2\/product\/8998","targetHints":{"allow":["GET"]}}],"collection":[{"href":"https:\/\/gomagom.es\/fr\/wp-json\/wp\/v2\/product"}],"about":[{"href":"https:\/\/gomagom.es\/fr\/wp-json\/wp\/v2\/types\/product"}],"replies":[{"embeddable":true,"href":"https:\/\/gomagom.es\/fr\/wp-json\/wp\/v2\/comments?post=8998"}],"wp:featuredmedia":[{"embeddable":true,"href":"https:\/\/gomagom.es\/fr\/wp-json\/wp\/v2\/media\/301"}],"wp:attachment":[{"href":"https:\/\/gomagom.es\/fr\/wp-json\/wp\/v2\/media?parent=8998"}],"wp:term":[{"taxonomy":"product_brand","embeddable":true,"href":"https:\/\/gomagom.es\/fr\/wp-json\/wp\/v2\/product_brand?post=8998"},{"taxonomy":"product_cat","embeddable":true,"href":"https:\/\/gomagom.es\/fr\/wp-json\/wp\/v2\/product_cat?post=8998"},{"taxonomy":"product_tag","embeddable":true,"href":"https:\/\/gomagom.es\/fr\/wp-json\/wp\/v2\/product_tag?post=8998"}],"curies":[{"name":"wp","href":"https:\/\/api.w.org\/{rel}","templated":true}]}}