{"id":9001,"date":"2024-02-02T13:38:54","date_gmt":"2024-02-02T12:38:54","guid":{"rendered":"https:\/\/gomagom.es\/catalog\/sin%20categor\u00eda\/colle-universelle-transparente-20ml\/"},"modified":"2026-04-07T16:28:38","modified_gmt":"2026-04-07T14:28:38","slug":"colle-universelle-transparente-20ml","status":"publish","type":"product","link":"https:\/\/gomagom.es\/fr\/catalog\/colle-universelle-transparente-20ml\/","title":{"rendered":"COLLE UNIVERSELLE TRANSPARENTE 20ml"},"content":{"rendered":"","protected":false},"excerpt":{"rendered":"<p><span style=\"color: #ff0000;\"><strong>N\u00ba 11<\/strong><\/span> |\u00a0<strong>Ref: GG15008<\/strong> |\u00a0<i class=\"fa-solid fa-box\"><\/i> 12u. \u00a0<i class=\"fa-solid fa-box fa-2x\"><\/i> 144u.<br \/>\nID\u00c9ALE POUR: papier, carton, cuir, porcelaine, bois, fa\u00efence, marbre, m\u00e9taux, mat\u00e9riaux en PVC et la plupart des plastiques.<br \/>\nL\u2019ADH\u00c9SIF UNIVERSEL GomaGom colle solidement deux surfaces de mani\u00e8re durable.<br \/>\nMODE D\u2019EMPLOI: les surfaces \u00e0 coller doivent \u00eatre propres, s\u00e8ches et sans poussi\u00e8re ou graisse. Appliquez sur une des surfaces et faites imm\u00e9diatement le collage, en pressant l\u00e9g\u00e8rement et uniform\u00e9ment. Sur mat\u00e9riaux poreux, appliquez sur les deux surfaces.<\/p>\n","protected":false},"featured_media":11051,"comment_status":"closed","ping_status":"closed","template":"","meta":{"_acf_changed":false},"product_brand":[],"product_cat":[138,196],"product_tag":[140],"class_list":{"0":"post-9001","1":"product","2":"type-product","3":"status-publish","4":"has-post-thumbnail","6":"product_cat-bricolaje-fr","7":"product_cat-adhesivo-universal-fr","8":"product_tag-reparar-pegar-fr","9":"description-off","11":"first","12":"instock","13":"purchasable","14":"product-type-simple"},"acf":[],"jetpack_sharing_enabled":true,"_links":{"self":[{"href":"https:\/\/gomagom.es\/fr\/wp-json\/wp\/v2\/product\/9001","targetHints":{"allow":["GET"]}}],"collection":[{"href":"https:\/\/gomagom.es\/fr\/wp-json\/wp\/v2\/product"}],"about":[{"href":"https:\/\/gomagom.es\/fr\/wp-json\/wp\/v2\/types\/product"}],"replies":[{"embeddable":true,"href":"https:\/\/gomagom.es\/fr\/wp-json\/wp\/v2\/comments?post=9001"}],"wp:featuredmedia":[{"embeddable":true,"href":"https:\/\/gomagom.es\/fr\/wp-json\/wp\/v2\/media\/11051"}],"wp:attachment":[{"href":"https:\/\/gomagom.es\/fr\/wp-json\/wp\/v2\/media?parent=9001"}],"wp:term":[{"taxonomy":"product_brand","embeddable":true,"href":"https:\/\/gomagom.es\/fr\/wp-json\/wp\/v2\/product_brand?post=9001"},{"taxonomy":"product_cat","embeddable":true,"href":"https:\/\/gomagom.es\/fr\/wp-json\/wp\/v2\/product_cat?post=9001"},{"taxonomy":"product_tag","embeddable":true,"href":"https:\/\/gomagom.es\/fr\/wp-json\/wp\/v2\/product_tag?post=9001"}],"curies":[{"name":"wp","href":"https:\/\/api.w.org\/{rel}","templated":true}]}}