{"id":9002,"date":"2024-02-02T13:38:54","date_gmt":"2024-02-02T12:38:54","guid":{"rendered":"https:\/\/gomagom.es\/catalog\/sin%20categor\u00eda\/colle-de-contact-multiusage-neoprene-20ml\/"},"modified":"2026-04-08T11:50:20","modified_gmt":"2026-04-08T09:50:20","slug":"colle-de-contact-multiusage-neoprene-20ml","status":"publish","type":"product","link":"https:\/\/gomagom.es\/fr\/catalog\/colle-de-contact-multiusage-neoprene-20ml\/","title":{"rendered":"COLLE DE CONTACT MULTIUSAGE N\u00c9OPR\u00c8NE 20ml"},"content":{"rendered":"","protected":false},"excerpt":{"rendered":"<p><span style=\"color: #ff0000;\"><strong>N\u00ba 12<\/strong><\/span> |\u00a0<strong>Ref: GG15009<\/strong> |\u00a0<i class=\"fa-solid fa-box\"><\/i> 12u. \u00a0<i class=\"fa-solid fa-box fa-2x\"><\/i> 144u.<br \/>\nPOUR COLLER: Du formica, du bois, du conglom\u00e9rat, du plaqu\u00e9, du t\u00f4lage (m\u00e9tal), de la gomme, du cuir, des tissus, de la fa\u00efence, du li\u00e8ge, des moquettes, des m\u00e9taux, des plastiques, etc.<br \/>\nLA COLLE DE CONTACT N\u00c9OPR\u00c8NE MULTIUSAGE GOMAGOM est id\u00e9ale pour son utilisation avec des mat\u00e9riaux poreux et non poreux. Elle colle parfaitement deux superficies \u00e0 joindre de mani\u00e8re d\u00e9finitive. Id\u00e9al pour coller des mat\u00e9riaux de couleur blanche.<br \/>\nMODE D&rsquo;EMPLOI: Les superficies \u00e0 coller doivent \u00eatre bien propres, s\u00e8ches, sans poussi\u00e8re et sans graisse. Appliquer une fine couche d&rsquo;adh\u00e9sif sur les deux superficies. Laisser s\u00e9cher jusqu&rsquo;\u00e0 ce que la colle ne se colle pas au contact des doigts (10 minutes aprox.). Puis, unir les deux superficies en efectuant une pression suffisante (avec les mains, un marteau, un rouleau, etc.) pour obtenir le contact total de celles-ci.<\/p>\n","protected":false},"featured_media":926,"comment_status":"closed","ping_status":"closed","template":"","meta":{"_acf_changed":false},"product_brand":[],"product_cat":[138,181],"product_tag":[140],"class_list":{"0":"post-9002","1":"product","2":"type-product","3":"status-publish","4":"has-post-thumbnail","6":"product_cat-bricolaje-fr","7":"product_cat-adhesivo-contacto-fr","8":"product_tag-reparar-pegar-fr","9":"description-off","11":"first","12":"instock","13":"purchasable","14":"product-type-simple"},"acf":[],"jetpack_sharing_enabled":true,"_links":{"self":[{"href":"https:\/\/gomagom.es\/fr\/wp-json\/wp\/v2\/product\/9002","targetHints":{"allow":["GET"]}}],"collection":[{"href":"https:\/\/gomagom.es\/fr\/wp-json\/wp\/v2\/product"}],"about":[{"href":"https:\/\/gomagom.es\/fr\/wp-json\/wp\/v2\/types\/product"}],"replies":[{"embeddable":true,"href":"https:\/\/gomagom.es\/fr\/wp-json\/wp\/v2\/comments?post=9002"}],"wp:featuredmedia":[{"embeddable":true,"href":"https:\/\/gomagom.es\/fr\/wp-json\/wp\/v2\/media\/926"}],"wp:attachment":[{"href":"https:\/\/gomagom.es\/fr\/wp-json\/wp\/v2\/media?parent=9002"}],"wp:term":[{"taxonomy":"product_brand","embeddable":true,"href":"https:\/\/gomagom.es\/fr\/wp-json\/wp\/v2\/product_brand?post=9002"},{"taxonomy":"product_cat","embeddable":true,"href":"https:\/\/gomagom.es\/fr\/wp-json\/wp\/v2\/product_cat?post=9002"},{"taxonomy":"product_tag","embeddable":true,"href":"https:\/\/gomagom.es\/fr\/wp-json\/wp\/v2\/product_tag?post=9002"}],"curies":[{"name":"wp","href":"https:\/\/api.w.org\/{rel}","templated":true}]}}