{"id":9003,"date":"2024-02-02T13:38:54","date_gmt":"2024-02-02T12:38:54","guid":{"rendered":"https:\/\/gomagom.es\/catalog\/sin%20categor\u00eda\/silicone-transparente-30ml\/"},"modified":"2026-04-08T12:12:38","modified_gmt":"2026-04-08T10:12:38","slug":"silicone-transparente-30ml","status":"publish","type":"product","link":"https:\/\/gomagom.es\/fr\/catalog\/silicone-transparente-30ml\/","title":{"rendered":"SILICONE TRANSPARENTE 30ml"},"content":{"rendered":"","protected":false},"excerpt":{"rendered":"<p><span style=\"color: #ff0000;\"><strong>N\u00ba 13<\/strong><\/span> |\u00a0<strong>Ref: GG15061<\/strong> |\u00a0<i class=\"fa-solid fa-box\"><\/i> 12u. \u00a0<i class=\"fa-solid fa-box fa-2x\"><\/i> 144u.<br \/>\nAPPLICATIONS: Pour le scellage de sanitaires, robinets, et cloisons ou portes de baignoires et de douches. Dans la cuisine, il \u00e9vite les filtrations d\u2019eau dans les \u00e9viers et les robinets. Il scelle et adh\u00e8re aux vitres dans les vitrines, vitrages avec menuiserie en bois, aluminium en en PVC. Avec le SILICONE TRANSPARENTE , vous \u00e9viterez que la moisissure se produise l\u00e0 o\u00f9 vous l&rsquo;aurez appliqu\u00e9. Il reste toujours \u00e9lastique et ne se fendille pas avec le temps. Sa particuli\u00e8re composition le fait sp\u00e9cialement r\u00e9sistant dans les endroits qui sou rent d\u2019un exc\u00e8s d\u2019eau ou d\u2019humidit\u00e9.<br \/>\nMODE D&rsquo;EMPLOI: Bien nettoyer les super cies \u00e0 unir, en \u00e9vitant la poussi\u00e8re, l\u2019eau et la salet\u00e9 en g\u00e9n\u00e9ral. \u00c9tendre \u00e0 l&rsquo;aide d&rsquo;une spatule ou avec le bout des doigts impr\u00e9gn\u00e9s d&rsquo;eau savonneuse. 24 heures plus tard, le joint sera vulcanis\u00e9, vous pourrez alors d\u00e9couper, avec une lame de rasoir, le surplus de silicone.<\/p>\n","protected":false},"featured_media":977,"comment_status":"closed","ping_status":"closed","template":"","meta":{"_acf_changed":false},"product_brand":[],"product_cat":[138,245],"product_tag":[335],"class_list":{"0":"post-9003","1":"product","2":"type-product","3":"status-publish","4":"has-post-thumbnail","6":"product_cat-bricolaje-fr","7":"product_cat-selladores-siliconas-fr","8":"product_tag-sellar-fr","9":"description-off","11":"first","12":"instock","13":"purchasable","14":"product-type-simple"},"acf":[],"jetpack_sharing_enabled":true,"_links":{"self":[{"href":"https:\/\/gomagom.es\/fr\/wp-json\/wp\/v2\/product\/9003","targetHints":{"allow":["GET"]}}],"collection":[{"href":"https:\/\/gomagom.es\/fr\/wp-json\/wp\/v2\/product"}],"about":[{"href":"https:\/\/gomagom.es\/fr\/wp-json\/wp\/v2\/types\/product"}],"replies":[{"embeddable":true,"href":"https:\/\/gomagom.es\/fr\/wp-json\/wp\/v2\/comments?post=9003"}],"wp:featuredmedia":[{"embeddable":true,"href":"https:\/\/gomagom.es\/fr\/wp-json\/wp\/v2\/media\/977"}],"wp:attachment":[{"href":"https:\/\/gomagom.es\/fr\/wp-json\/wp\/v2\/media?parent=9003"}],"wp:term":[{"taxonomy":"product_brand","embeddable":true,"href":"https:\/\/gomagom.es\/fr\/wp-json\/wp\/v2\/product_brand?post=9003"},{"taxonomy":"product_cat","embeddable":true,"href":"https:\/\/gomagom.es\/fr\/wp-json\/wp\/v2\/product_cat?post=9003"},{"taxonomy":"product_tag","embeddable":true,"href":"https:\/\/gomagom.es\/fr\/wp-json\/wp\/v2\/product_tag?post=9003"}],"curies":[{"name":"wp","href":"https:\/\/api.w.org\/{rel}","templated":true}]}}