{"id":9005,"date":"2024-02-02T13:38:54","date_gmt":"2024-02-02T12:38:54","guid":{"rendered":"https:\/\/gomagom.es\/catalog\/sin%20categor\u00eda\/colle-blanche-rapide-20ml\/"},"modified":"2025-04-01T15:26:04","modified_gmt":"2025-04-01T13:26:04","slug":"colle-blanche-rapide-20ml","status":"publish","type":"product","link":"https:\/\/gomagom.es\/fr\/catalog\/colle-blanche-rapide-20ml\/","title":{"rendered":"COLLE BLANCHE RAPIDE 20ml"},"content":{"rendered":"","protected":false},"excerpt":{"rendered":"<p><span style=\"color: #ff0000;\"><strong>N\u00ba 15<\/strong><\/span> |\u00a0<strong>Ref: GG15007<\/strong>  |\u00a0<i class=\"fa-solid fa-box\"><\/i> 12u. \u00a0<i class=\"fa-solid fa-box fa-2x\"><\/i> 144u.<\/br><br \/>\nID\u00c9ALE POUR: bois, contre-plaqu\u00e9, agglom\u00e9r\u00e9, cuir, tissus, li\u00e8ge,<br \/>\ncarton, papier, etc. La COLLE BLANCHE RAPIDE GomaGom est id\u00e9ale pour l&rsquo;usage sur<br \/>\ndes mat\u00e9riaux poreux. Elle colle parfaitement deux surfaces qui ainsi resteront unies ind\u00e9finiment.<br \/>\nMODE D&rsquo;EMPLOI: Appliquez une fine couche de colle sur une des surfaces et pressez l\u00e9g\u00e8rement. Transparente apr\u00e8s le s\u00e9chage. Lavable \u00e0 l&rsquo;eau. Ne contient pas de solvants.<\/p>\n","protected":false},"featured_media":11033,"comment_status":"closed","ping_status":"closed","template":"","meta":{"_acf_changed":false},"product_brand":[],"product_cat":[138,221],"product_tag":[321,140],"class_list":{"0":"post-9005","1":"product","2":"type-product","3":"status-publish","4":"has-post-thumbnail","6":"product_cat-bricolaje-fr","7":"product_cat-cola-blanca-liquida-bricolaje-fr","8":"product_tag-crear-fr","9":"product_tag-reparar-pegar-fr","10":"description-off","12":"first","13":"instock","14":"purchasable","15":"product-type-simple"},"acf":[],"jetpack_sharing_enabled":true,"_links":{"self":[{"href":"https:\/\/gomagom.es\/fr\/wp-json\/wp\/v2\/product\/9005","targetHints":{"allow":["GET"]}}],"collection":[{"href":"https:\/\/gomagom.es\/fr\/wp-json\/wp\/v2\/product"}],"about":[{"href":"https:\/\/gomagom.es\/fr\/wp-json\/wp\/v2\/types\/product"}],"replies":[{"embeddable":true,"href":"https:\/\/gomagom.es\/fr\/wp-json\/wp\/v2\/comments?post=9005"}],"wp:featuredmedia":[{"embeddable":true,"href":"https:\/\/gomagom.es\/fr\/wp-json\/wp\/v2\/media\/11033"}],"wp:attachment":[{"href":"https:\/\/gomagom.es\/fr\/wp-json\/wp\/v2\/media?parent=9005"}],"wp:term":[{"taxonomy":"product_brand","embeddable":true,"href":"https:\/\/gomagom.es\/fr\/wp-json\/wp\/v2\/product_brand?post=9005"},{"taxonomy":"product_cat","embeddable":true,"href":"https:\/\/gomagom.es\/fr\/wp-json\/wp\/v2\/product_cat?post=9005"},{"taxonomy":"product_tag","embeddable":true,"href":"https:\/\/gomagom.es\/fr\/wp-json\/wp\/v2\/product_tag?post=9005"}],"curies":[{"name":"wp","href":"https:\/\/api.w.org\/{rel}","templated":true}]}}