{"id":9007,"date":"2024-02-02T13:38:54","date_gmt":"2024-02-02T12:38:54","guid":{"rendered":"https:\/\/gomagom.es\/catalog\/sin%20categor\u00eda\/adhesif-pour-plastique-rigide-20ml\/"},"modified":"2025-04-01T15:26:05","modified_gmt":"2025-04-01T13:26:05","slug":"adhesif-pour-plastique-rigide-20ml","status":"publish","type":"product","link":"https:\/\/gomagom.es\/fr\/catalog\/adhesif-pour-plastique-rigide-20ml\/","title":{"rendered":"ADH\u00c9SIF POUR PLASTIQUE RIGIDE 20ml"},"content":{"rendered":"","protected":false},"excerpt":{"rendered":"<p><span style=\"color: #ff0000;\"><strong>N\u00ba 17<\/strong><\/span> |\u00a0<strong>Ref: GG22201<\/strong>  |\u00a0<i class=\"fa-solid fa-box\"><\/i> 12u. \u00a0<i class=\"fa-solid fa-box fa-2x\"><\/i> 144u.<\/br><br \/>\nID\u00c9ALE POUR: tuyaux en PVC, tuyaux d&rsquo;arrosage en PVC, jouets, maquettes, planches en polyester, bricolage. L&rsquo;ADH\u00c9SIF POUR PLASTIQUE RIGIDE GOMAGOM colle parfaitement plastique rigide, PVC, polyester, polystyr\u00e8ne, m\u00e9thacrylate, ABS, etc. Il n&rsquo;est pas indiqu\u00e9 pour le poly\u00e9thyl\u00e8ne, polypropyl\u00e8ne, polycarbonate. MODE D&rsquo;EMPLOI: appliquez une fine couche du produit sur une des surfaces, pr\u00e9alablement nettoy\u00e9 et s\u00e9ch\u00e9. Joindre les parties. S\u00e9chage 1 heure; r\u00e9sistance maximale au bout 24 heures.<\/p>\n","protected":false},"featured_media":11866,"comment_status":"closed","ping_status":"closed","template":"","meta":{"_acf_changed":false},"product_brand":[],"product_cat":[138,209],"product_tag":[140],"class_list":{"0":"post-9007","1":"product","2":"type-product","3":"status-publish","4":"has-post-thumbnail","6":"product_cat-bricolaje-fr","7":"product_cat-adhesivo-para-plasticos-fr","8":"product_tag-reparar-pegar-fr","9":"description-off","11":"first","12":"instock","13":"purchasable","14":"product-type-simple"},"acf":[],"jetpack_sharing_enabled":true,"_links":{"self":[{"href":"https:\/\/gomagom.es\/fr\/wp-json\/wp\/v2\/product\/9007","targetHints":{"allow":["GET"]}}],"collection":[{"href":"https:\/\/gomagom.es\/fr\/wp-json\/wp\/v2\/product"}],"about":[{"href":"https:\/\/gomagom.es\/fr\/wp-json\/wp\/v2\/types\/product"}],"replies":[{"embeddable":true,"href":"https:\/\/gomagom.es\/fr\/wp-json\/wp\/v2\/comments?post=9007"}],"wp:featuredmedia":[{"embeddable":true,"href":"https:\/\/gomagom.es\/fr\/wp-json\/wp\/v2\/media\/11866"}],"wp:attachment":[{"href":"https:\/\/gomagom.es\/fr\/wp-json\/wp\/v2\/media?parent=9007"}],"wp:term":[{"taxonomy":"product_brand","embeddable":true,"href":"https:\/\/gomagom.es\/fr\/wp-json\/wp\/v2\/product_brand?post=9007"},{"taxonomy":"product_cat","embeddable":true,"href":"https:\/\/gomagom.es\/fr\/wp-json\/wp\/v2\/product_cat?post=9007"},{"taxonomy":"product_tag","embeddable":true,"href":"https:\/\/gomagom.es\/fr\/wp-json\/wp\/v2\/product_tag?post=9007"}],"curies":[{"name":"wp","href":"https:\/\/api.w.org\/{rel}","templated":true}]}}