{"id":9008,"date":"2024-02-02T13:38:54","date_gmt":"2024-02-02T12:38:54","guid":{"rendered":"https:\/\/gomagom.es\/catalog\/sin%20categor\u00eda\/adhesif-pour-plastiques-souples-20ml\/"},"modified":"2025-04-01T15:26:06","modified_gmt":"2025-04-01T13:26:06","slug":"adhesif-pour-plastiques-souples-20ml","status":"publish","type":"product","link":"https:\/\/gomagom.es\/fr\/catalog\/adhesif-pour-plastiques-souples-20ml\/","title":{"rendered":"ADH\u00c9SIF POUR PLASTIQUES SOUPLES 20ml"},"content":{"rendered":"","protected":false},"excerpt":{"rendered":"<p><span style=\"color: #ff0000;\"><strong>N\u00ba 18<\/strong><\/span> |\u00a0<strong>Ref: GG22301<\/strong>  |\u00a0<i class=\"fa-solid fa-box\"><\/i> 12u. \u00a0<i class=\"fa-solid fa-box fa-2x\"><\/i> 144u.<\/br><br \/>\nID\u00c9ALE POUR: plastique souple, toile de voile, simili cuir, cuir, vinyles souples, comme:<br \/>\ntapisserie en simili cuir, ballons de plage, piscines gon ables, stores, etc.<br \/>\nR\u00e9pare parfaitement plastique souple, vinyles souples, tissus synth\u00e9tiques, etc. Il est rapide, transparent, flexible et tr\u00e8s durable.<br \/>\nMODE D&rsquo;EMPLOI: appliquez une fine couche sur les parties perc\u00e8es en les maintenant unis. Apr\u00e8s une demi-heure, appliquez une deuxi\u00e8me couches plus \u00e9paisse et large. R\u00e9sistance maximale au bout de 12 heures.<\/p>\n","protected":false},"featured_media":11884,"comment_status":"closed","ping_status":"closed","template":"","meta":{"_acf_changed":false},"product_brand":[],"product_cat":[138,209],"product_tag":[140],"class_list":{"0":"post-9008","1":"product","2":"type-product","3":"status-publish","4":"has-post-thumbnail","6":"product_cat-bricolaje-fr","7":"product_cat-adhesivo-para-plasticos-fr","8":"product_tag-reparar-pegar-fr","9":"description-off","11":"first","12":"instock","13":"purchasable","14":"product-type-simple"},"acf":[],"jetpack_sharing_enabled":true,"_links":{"self":[{"href":"https:\/\/gomagom.es\/fr\/wp-json\/wp\/v2\/product\/9008","targetHints":{"allow":["GET"]}}],"collection":[{"href":"https:\/\/gomagom.es\/fr\/wp-json\/wp\/v2\/product"}],"about":[{"href":"https:\/\/gomagom.es\/fr\/wp-json\/wp\/v2\/types\/product"}],"replies":[{"embeddable":true,"href":"https:\/\/gomagom.es\/fr\/wp-json\/wp\/v2\/comments?post=9008"}],"wp:featuredmedia":[{"embeddable":true,"href":"https:\/\/gomagom.es\/fr\/wp-json\/wp\/v2\/media\/11884"}],"wp:attachment":[{"href":"https:\/\/gomagom.es\/fr\/wp-json\/wp\/v2\/media?parent=9008"}],"wp:term":[{"taxonomy":"product_brand","embeddable":true,"href":"https:\/\/gomagom.es\/fr\/wp-json\/wp\/v2\/product_brand?post=9008"},{"taxonomy":"product_cat","embeddable":true,"href":"https:\/\/gomagom.es\/fr\/wp-json\/wp\/v2\/product_cat?post=9008"},{"taxonomy":"product_tag","embeddable":true,"href":"https:\/\/gomagom.es\/fr\/wp-json\/wp\/v2\/product_tag?post=9008"}],"curies":[{"name":"wp","href":"https:\/\/api.w.org\/{rel}","templated":true}]}}