{"id":9009,"date":"2024-02-02T13:38:54","date_gmt":"2024-02-02T12:38:54","guid":{"rendered":"https:\/\/gomagom.es\/catalog\/sin%20categor\u00eda\/adhesif-pour-tissus-20ml\/"},"modified":"2026-04-08T16:28:59","modified_gmt":"2026-04-08T14:28:59","slug":"adhesif-pour-tissus-20ml","status":"publish","type":"product","link":"https:\/\/gomagom.es\/fr\/catalog\/adhesif-pour-tissus-20ml\/","title":{"rendered":"ADH\u00c9SIF POUR TISSUS 20ml"},"content":{"rendered":"","protected":false},"excerpt":{"rendered":"<p><span style=\"color: #ff0000;\"><strong>N\u00ba 19<\/strong><\/span> |\u00a0<strong>Ref: GG22501<\/strong> |\u00a0<i class=\"fa-solid fa-box\"><\/i> 12u. \u00a0<i class=\"fa-solid fa-box fa-2x\"><\/i> 144u.<br \/>\nIDEALE POUR: tissus \u00e9pais, tissus de coton ou polyester-coton, laine, feutre comme:<br \/>\njeans ou pantalons, housses, parasols, bleus de travail, tentes, etc. L&rsquo;ADH\u00c9SIF POUR<br \/>\nTISSUS GomaGom colle parfaitement toute sorte de tissus, ainsi qu&rsquo;avec d&rsquo;autres mat\u00e9riaux. Pour un collage durable, propre, flexible et sans coutures. Apr\u00e8s le s\u00e9chage il est transparent. R\u00e9sistant au lavage et repassage.<br \/>\nMODE D&rsquo;EMPLOI: appliquez une fine couche du produit sur les deux surfaces, pr\u00e9alablement nettoy\u00e9es et s\u00e8ch\u00e8es. Maintenir coll\u00e9 pendant au moins 2 heures. R\u00e9sistance maximale au bout de 12 heures.<\/p>\n","protected":false},"featured_media":11920,"comment_status":"closed","ping_status":"closed","template":"","meta":{"_acf_changed":false},"product_brand":[],"product_cat":[138,190,233],"product_tag":[321],"class_list":{"0":"post-9009","1":"product","2":"type-product","3":"status-publish","4":"has-post-thumbnail","6":"product_cat-bricolaje-fr","7":"product_cat-adhesivo-especifico-fr","8":"product_cat-otros-productos-fr","9":"product_tag-crear-fr","10":"description-off","12":"first","13":"instock","14":"purchasable","15":"product-type-simple"},"acf":[],"jetpack_sharing_enabled":true,"_links":{"self":[{"href":"https:\/\/gomagom.es\/fr\/wp-json\/wp\/v2\/product\/9009","targetHints":{"allow":["GET"]}}],"collection":[{"href":"https:\/\/gomagom.es\/fr\/wp-json\/wp\/v2\/product"}],"about":[{"href":"https:\/\/gomagom.es\/fr\/wp-json\/wp\/v2\/types\/product"}],"replies":[{"embeddable":true,"href":"https:\/\/gomagom.es\/fr\/wp-json\/wp\/v2\/comments?post=9009"}],"wp:featuredmedia":[{"embeddable":true,"href":"https:\/\/gomagom.es\/fr\/wp-json\/wp\/v2\/media\/11920"}],"wp:attachment":[{"href":"https:\/\/gomagom.es\/fr\/wp-json\/wp\/v2\/media?parent=9009"}],"wp:term":[{"taxonomy":"product_brand","embeddable":true,"href":"https:\/\/gomagom.es\/fr\/wp-json\/wp\/v2\/product_brand?post=9009"},{"taxonomy":"product_cat","embeddable":true,"href":"https:\/\/gomagom.es\/fr\/wp-json\/wp\/v2\/product_cat?post=9009"},{"taxonomy":"product_tag","embeddable":true,"href":"https:\/\/gomagom.es\/fr\/wp-json\/wp\/v2\/product_tag?post=9009"}],"curies":[{"name":"wp","href":"https:\/\/api.w.org\/{rel}","templated":true}]}}