{"id":9011,"date":"2024-02-02T13:39:00","date_gmt":"2024-02-02T12:39:00","guid":{"rendered":"https:\/\/gomagom.es\/catalog\/sin%20categor\u00eda\/produit-nettoyant-dadhesifs-instantanees-3g\/"},"modified":"2025-04-01T15:26:11","modified_gmt":"2025-04-01T13:26:11","slug":"produit-nettoyant-dadhesifs-instantanees-3g","status":"publish","type":"product","link":"https:\/\/gomagom.es\/fr\/catalog\/produit-nettoyant-dadhesifs-instantanees-3g\/","title":{"rendered":"PRODUIT NETTOYANT D&rsquo;ADH\u00c9SIFS INSTANTAN\u00c9ES 3g"},"content":{"rendered":"","protected":false},"excerpt":{"rendered":"<p><span style=\"color: #ff0000;\"><strong>N\u00ba 21<\/strong><\/span> |\u00a0<strong>Ref: GG22701<\/strong>  |\u00a0<i class=\"fa-solid fa-box\"><\/i> 24u. \u00a0<i class=\"fa-solid fa-box fa-2x\"><\/i> 144u.<\/br><br \/>\nVALABLE POUR: \u00c9liminer l&rsquo;exc\u00e8s d&rsquo;adh\u00e9sif, \u00e9liminer l&rsquo;adh\u00e9sif de sur les mains. \u00c9liminer t\u00e2ches d&rsquo;adh\u00e9sif sur: bois, plastique, m\u00e9tal, caoutchouc, verre, marbre, m\u00e9lamine, papier, carton. Le PRODUIT NETTOYANT D&rsquo;ADH\u00c9SIFS INSTANTAN\u00c9ES GOMAGOM \u00e9limine t\u00e2ches et restes d&rsquo;adh\u00e9sif sur tous types de surfaces. Son emballage permet un acc\u00e8s facile dans les endroits dificiles gr\u00e2ce \u00e0 une application exacte, pr\u00e9cise et permet \u00e9galement de r\u00e9aliser des applications sur des surfaces verticales.<br \/>\nMODE D&rsquo;EMPLOI: Appliquer une couche de produit de fa\u00e7on \u00e0 ce que la surface choisie se trouve compl\u00e8tement impr\u00e9gn\u00e9e. Placer un papier absorbant sur la surface pour qu&rsquo;il absorbe l&rsquo;adh\u00e9sif et laisser agir durant 2-4 minutes. Retirer le papier et \u00e9liminer les restes en frottant l\u00e9g\u00e8rement. Passer un chiflon humide dessus. Sur les mains: d\u00e8s que vous remarquez que l&rsquo;adh\u00e9sif se ramollit, retirez avec un papier absorbant. Laver \u00e0 grande eau et savon.<\/p>\n","protected":false},"featured_media":11956,"comment_status":"closed","ping_status":"closed","template":"","meta":{"_acf_changed":false},"product_brand":[],"product_cat":[138,139,190],"product_tag":[329],"class_list":{"0":"post-9011","1":"product","2":"type-product","3":"status-publish","4":"has-post-thumbnail","6":"product_cat-bricolaje-fr","7":"product_cat-adhesivo-super-instantaneo-fr","8":"product_cat-adhesivo-especifico-fr","9":"product_tag-limpiar-fr","10":"description-off","12":"first","13":"instock","14":"purchasable","15":"product-type-simple"},"acf":[],"jetpack_sharing_enabled":true,"_links":{"self":[{"href":"https:\/\/gomagom.es\/fr\/wp-json\/wp\/v2\/product\/9011","targetHints":{"allow":["GET"]}}],"collection":[{"href":"https:\/\/gomagom.es\/fr\/wp-json\/wp\/v2\/product"}],"about":[{"href":"https:\/\/gomagom.es\/fr\/wp-json\/wp\/v2\/types\/product"}],"replies":[{"embeddable":true,"href":"https:\/\/gomagom.es\/fr\/wp-json\/wp\/v2\/comments?post=9011"}],"wp:featuredmedia":[{"embeddable":true,"href":"https:\/\/gomagom.es\/fr\/wp-json\/wp\/v2\/media\/11956"}],"wp:attachment":[{"href":"https:\/\/gomagom.es\/fr\/wp-json\/wp\/v2\/media?parent=9011"}],"wp:term":[{"taxonomy":"product_brand","embeddable":true,"href":"https:\/\/gomagom.es\/fr\/wp-json\/wp\/v2\/product_brand?post=9011"},{"taxonomy":"product_cat","embeddable":true,"href":"https:\/\/gomagom.es\/fr\/wp-json\/wp\/v2\/product_cat?post=9011"},{"taxonomy":"product_tag","embeddable":true,"href":"https:\/\/gomagom.es\/fr\/wp-json\/wp\/v2\/product_tag?post=9011"}],"curies":[{"name":"wp","href":"https:\/\/api.w.org\/{rel}","templated":true}]}}