{"id":9013,"date":"2024-02-02T13:39:00","date_gmt":"2024-02-02T12:39:00","guid":{"rendered":"https:\/\/gomagom.es\/catalog\/sin%20categor\u00eda\/restaurateur-ceramique-15ml\/"},"modified":"2025-04-01T15:26:12","modified_gmt":"2025-04-01T13:26:12","slug":"restaurateur-ceramique-15ml","status":"publish","type":"product","link":"https:\/\/gomagom.es\/fr\/catalog\/restaurateur-ceramique-15ml\/","title":{"rendered":"RESTAURATEUR C\u00c9RAMIQUE 15ml"},"content":{"rendered":"","protected":false},"excerpt":{"rendered":"<p><span style=\"color: #ff0000;\"><strong>N\u00ba 23<\/strong><\/span> |\u00a0<strong>Ref: GG22801<\/strong>  |\u00a0<i class=\"fa-solid fa-box\"><\/i> 12u. \u00a0<i class=\"fa-solid fa-box fa-2x\"><\/i> 144u.<\/br><br \/>\nPOUR R\u00c9PARER: Baignoires, lavabos, armoires \u00e9maill\u00e9es, carreaux de fa\u00efence \u00e9maill\u00e9e,<br \/>\nporcelaines, etc. Le RESTAURATEUR C\u00c9RAMIQUE est un \u00e9mail blanc qui r\u00e9pare les<br \/>\nrayures et les coups sur les superficies \u00e9maill\u00e9es et sur les c\u00e9ramiques. Application<br \/>\nfacile. S\u00e8che rapidement. Finition en blanc brillant. De longue dur\u00e9e.<br \/>\nMODE D&rsquo;EMPLOI: Les superficies \u00e0 r\u00e9parer doivent \u00eatre propres et s\u00e8ches (polir avec un<br \/>\npapier verre en cas d&rsquo;irr\u00e9gularit\u00e9s). Appliquez avec un petit pinceau une fine couche de produit. Si la r\u00e9paration est profonde passer une seconde couche. Laisser s\u00e9cher la premi\u00e8re un minimum de 4 heures. S\u00e9chage total: environ 6 heures. Duret\u00e9 maximale: 24 heures.<\/p>\n","protected":false},"featured_media":11974,"comment_status":"closed","ping_status":"closed","template":"","meta":{"_acf_changed":false},"product_brand":[],"product_cat":[138,190,233],"product_tag":[140],"class_list":{"0":"post-9013","1":"product","2":"type-product","3":"status-publish","4":"has-post-thumbnail","6":"product_cat-bricolaje-fr","7":"product_cat-adhesivo-especifico-fr","8":"product_cat-otros-productos-fr","9":"product_tag-reparar-pegar-fr","10":"description-off","12":"first","13":"instock","14":"purchasable","15":"product-type-simple"},"acf":[],"jetpack_sharing_enabled":true,"_links":{"self":[{"href":"https:\/\/gomagom.es\/fr\/wp-json\/wp\/v2\/product\/9013","targetHints":{"allow":["GET"]}}],"collection":[{"href":"https:\/\/gomagom.es\/fr\/wp-json\/wp\/v2\/product"}],"about":[{"href":"https:\/\/gomagom.es\/fr\/wp-json\/wp\/v2\/types\/product"}],"replies":[{"embeddable":true,"href":"https:\/\/gomagom.es\/fr\/wp-json\/wp\/v2\/comments?post=9013"}],"wp:featuredmedia":[{"embeddable":true,"href":"https:\/\/gomagom.es\/fr\/wp-json\/wp\/v2\/media\/11974"}],"wp:attachment":[{"href":"https:\/\/gomagom.es\/fr\/wp-json\/wp\/v2\/media?parent=9013"}],"wp:term":[{"taxonomy":"product_brand","embeddable":true,"href":"https:\/\/gomagom.es\/fr\/wp-json\/wp\/v2\/product_brand?post=9013"},{"taxonomy":"product_cat","embeddable":true,"href":"https:\/\/gomagom.es\/fr\/wp-json\/wp\/v2\/product_cat?post=9013"},{"taxonomy":"product_tag","embeddable":true,"href":"https:\/\/gomagom.es\/fr\/wp-json\/wp\/v2\/product_tag?post=9013"}],"curies":[{"name":"wp","href":"https:\/\/api.w.org\/{rel}","templated":true}]}}