{"id":9014,"date":"2024-02-02T13:39:00","date_gmt":"2024-02-02T12:39:00","guid":{"rendered":"https:\/\/gomagom.es\/catalog\/sin%20categor\u00eda\/baton-de-cole-super-fort-20g\/"},"modified":"2025-04-01T15:26:12","modified_gmt":"2025-04-01T13:26:12","slug":"baton-de-cole-super-fort-20g","status":"publish","type":"product","link":"https:\/\/gomagom.es\/fr\/catalog\/baton-de-cole-super-fort-20g\/","title":{"rendered":"B\u00c2TON DE COLE SUPER FORT 20g"},"content":{"rendered":"","protected":false},"excerpt":{"rendered":"<p><span style=\"color: #ff0000;\"><strong>N\u00ba 24<\/strong><\/span> |\u00a0<strong>Ref: GG15821<\/strong>  |\u00a0<i class=\"fa-solid fa-box\"><\/i> 12u. \u00a0<i class=\"fa-solid fa-box fa-2x\"><\/i> 144u.<\/br><br \/>\nAvec elle on peut coller nombreux mat\u00e9riels: bois, m\u00e9tal, verre, c\u00e9ramique, polystyr\u00e8ne,<br \/>\nplastiques, li\u00e8ge, tissus, papier, carton, &#8230; Pourvu que l\u2019un d\u2019eux soit poreux. Adh\u00e9rence rapide. Grand pouvoir adh\u00e9sif. Maxime r\u00e9sistance apr\u00e8s 3 heures. Sans solvants.<\/p>\n","protected":false},"featured_media":11443,"comment_status":"closed","ping_status":"closed","template":"","meta":{"_acf_changed":false},"product_brand":[],"product_cat":[138,206,196],"product_tag":[321,140],"class_list":{"0":"post-9014","1":"product","2":"type-product","3":"status-publish","4":"has-post-thumbnail","6":"product_cat-bricolaje-fr","7":"product_cat-adhesivo-en-barra-multimaterial-fr","8":"product_cat-adhesivo-universal-fr","9":"product_tag-crear-fr","10":"product_tag-reparar-pegar-fr","11":"description-off","13":"first","14":"instock","15":"purchasable","16":"product-type-simple"},"acf":[],"jetpack_sharing_enabled":true,"_links":{"self":[{"href":"https:\/\/gomagom.es\/fr\/wp-json\/wp\/v2\/product\/9014","targetHints":{"allow":["GET"]}}],"collection":[{"href":"https:\/\/gomagom.es\/fr\/wp-json\/wp\/v2\/product"}],"about":[{"href":"https:\/\/gomagom.es\/fr\/wp-json\/wp\/v2\/types\/product"}],"replies":[{"embeddable":true,"href":"https:\/\/gomagom.es\/fr\/wp-json\/wp\/v2\/comments?post=9014"}],"wp:featuredmedia":[{"embeddable":true,"href":"https:\/\/gomagom.es\/fr\/wp-json\/wp\/v2\/media\/11443"}],"wp:attachment":[{"href":"https:\/\/gomagom.es\/fr\/wp-json\/wp\/v2\/media?parent=9014"}],"wp:term":[{"taxonomy":"product_brand","embeddable":true,"href":"https:\/\/gomagom.es\/fr\/wp-json\/wp\/v2\/product_brand?post=9014"},{"taxonomy":"product_cat","embeddable":true,"href":"https:\/\/gomagom.es\/fr\/wp-json\/wp\/v2\/product_cat?post=9014"},{"taxonomy":"product_tag","embeddable":true,"href":"https:\/\/gomagom.es\/fr\/wp-json\/wp\/v2\/product_tag?post=9014"}],"curies":[{"name":"wp","href":"https:\/\/api.w.org\/{rel}","templated":true}]}}