{"id":9015,"date":"2024-02-02T13:39:00","date_gmt":"2024-02-02T12:39:00","guid":{"rendered":"https:\/\/gomagom.es\/catalog\/sin%20categor\u00eda\/colle-universelle-transparente-20ml-2\/"},"modified":"2026-04-08T12:06:38","modified_gmt":"2026-04-08T10:06:38","slug":"colle-universelle-transparente-20ml-2","status":"publish","type":"product","link":"https:\/\/gomagom.es\/fr\/catalog\/colle-universelle-transparente-20ml-2\/","title":{"rendered":"COLLE UNIVERSELLE TRANSPARENTE 20ml"},"content":{"rendered":"","protected":false},"excerpt":{"rendered":"<p><span style=\"color: #ff0000;\"><strong>N\u00ba 25<\/strong><\/span> |\u00a0<strong>Ref: GG15025<\/strong> |\u00a0<i class=\"fa-solid fa-box\"><\/i> 12u. \u00a0<i class=\"fa-solid fa-box fa-2x\"><\/i> 144u.<br \/>\nID\u00c9ALE POUR: Pour coller, papier, carton, tissues, cuir, bois&#8230;<br \/>\nMODE D\u2019EMPLOI: Appliquer sur une des superficies et effectuer inm\u00e9diatement l&rsquo;adh\u00e9sion en faisant une l\u00e9g\u00e8re pression uniforme. Pour du mat\u00e9riel poreux, appliquer sur les deux superficies. Sans solvant.<\/p>\n","protected":false},"featured_media":11220,"comment_status":"closed","ping_status":"closed","template":"","meta":{"_acf_changed":false},"product_brand":[],"product_cat":[138,196],"product_tag":[140],"class_list":{"0":"post-9015","1":"product","2":"type-product","3":"status-publish","4":"has-post-thumbnail","6":"product_cat-bricolaje-fr","7":"product_cat-adhesivo-universal-fr","8":"product_tag-reparar-pegar-fr","9":"description-off","11":"first","12":"instock","13":"purchasable","14":"product-type-simple"},"acf":[],"jetpack_sharing_enabled":true,"_links":{"self":[{"href":"https:\/\/gomagom.es\/fr\/wp-json\/wp\/v2\/product\/9015","targetHints":{"allow":["GET"]}}],"collection":[{"href":"https:\/\/gomagom.es\/fr\/wp-json\/wp\/v2\/product"}],"about":[{"href":"https:\/\/gomagom.es\/fr\/wp-json\/wp\/v2\/types\/product"}],"replies":[{"embeddable":true,"href":"https:\/\/gomagom.es\/fr\/wp-json\/wp\/v2\/comments?post=9015"}],"wp:featuredmedia":[{"embeddable":true,"href":"https:\/\/gomagom.es\/fr\/wp-json\/wp\/v2\/media\/11220"}],"wp:attachment":[{"href":"https:\/\/gomagom.es\/fr\/wp-json\/wp\/v2\/media?parent=9015"}],"wp:term":[{"taxonomy":"product_brand","embeddable":true,"href":"https:\/\/gomagom.es\/fr\/wp-json\/wp\/v2\/product_brand?post=9015"},{"taxonomy":"product_cat","embeddable":true,"href":"https:\/\/gomagom.es\/fr\/wp-json\/wp\/v2\/product_cat?post=9015"},{"taxonomy":"product_tag","embeddable":true,"href":"https:\/\/gomagom.es\/fr\/wp-json\/wp\/v2\/product_tag?post=9015"}],"curies":[{"name":"wp","href":"https:\/\/api.w.org\/{rel}","templated":true}]}}