{"id":9018,"date":"2024-02-02T13:39:00","date_gmt":"2024-02-02T12:39:00","guid":{"rendered":"https:\/\/gomagom.es\/catalog\/sin%20categor\u00eda\/colle-epoxy-6ml\/"},"modified":"2025-04-01T15:26:14","modified_gmt":"2025-04-01T13:26:14","slug":"colle-epoxy-6ml","status":"publish","type":"product","link":"https:\/\/gomagom.es\/fr\/catalog\/colle-epoxy-6ml\/","title":{"rendered":"COLLE EPOXY 6ml"},"content":{"rendered":"","protected":false},"excerpt":{"rendered":"<p><span style=\"color: #ff0000;\"><strong>N\u00ba 28<\/strong><\/span> |\u00a0<strong>Ref: GG15014<\/strong>  |\u00a0<i class=\"fa-solid fa-box\"><\/i> 12u. \u00a0<i class=\"fa-solid fa-box fa-2x\"><\/i> 144u.<\/br><br \/>\nColle parfaitement le cuir, la porcelaine, le verre, la c\u00e9ramique, le marbre, les m\u00e9taux et la majorit\u00e9 des platiques. R\u00e9sistant aux solvants, \u00e0 l\u2019eau et aux impacts. La seringue fournit toujours des quantit\u00e9s \u00e9quivalentes de r\u00e9sine et de durcisseur.<br \/>\nMODE D\u2019EMPLOI: 1. Prot\u00e9gez la zone de travail. Les surfaces doivent \u00eatre propres, s\u00e8ches et sans graisse ni huile. Raclez les surfaces lisses pour permettre une meilleure adh\u00e9sion. 2. envelez la baguette du m\u00e9lange du centre des pistons (Fig.1) 3. Envelez et conservez le couvercle d\u2019stockage (Fig.2) 4. Pressez le piston sur une surface propre et jetable (Fig.3) 5. M\u00e9langez compl\u00e8tement (Fig.4) 6. Appliquez sur les surfaces \u00e0 colmater ou \u00e0<br \/>\nadh\u00e9rer. Eliminez imm\u00e9diatement toute quantit\u00e9 excessive d\u2019adh\u00e9sif avec des alcools min\u00e9raux, de l\u2019ac\u00e9tone ou de l\u2019alcool de frottement. 7. Nettoyer le bout de la seringue, retirer l\u00e9g\u00e8rement le piston et recouvrez avec le couvercle assortie. Assurez-vous que le couvercle soit toujours plac\u00e9 dans le m\u00eame sens sur les extr\u00e9mit\u00e9s. 8. L\u2019adh\u00e9sif s\u00e8che entre 2 et 4 minutes. Les objets peuvent \u00eatre boug\u00e9s apr\u00e8s 20 minutes. Attendez 24 heures avant e polir ou de machiner. A des temp\u00e9ratures plus froides, le temps de s\u00e9chage peut \u00eatre plus important. Les adh\u00e9sifs ne fonctionnent pas sur des produits en<br \/>\npoly\u00e9thyl\u00e8ne ou en polypropyl\u00e8ne.<\/p>\n","protected":false},"featured_media":11148,"comment_status":"closed","ping_status":"closed","template":"","meta":{"_acf_changed":false},"product_brand":[],"product_cat":[138,185],"product_tag":[140],"class_list":{"0":"post-9018","1":"product","2":"type-product","3":"status-publish","4":"has-post-thumbnail","6":"product_cat-bricolaje-fr","7":"product_cat-adhesivo-epoxy-2-componentes-fr","8":"product_tag-reparar-pegar-fr","9":"description-off","11":"first","12":"instock","13":"purchasable","14":"product-type-simple"},"acf":[],"jetpack_sharing_enabled":true,"_links":{"self":[{"href":"https:\/\/gomagom.es\/fr\/wp-json\/wp\/v2\/product\/9018","targetHints":{"allow":["GET"]}}],"collection":[{"href":"https:\/\/gomagom.es\/fr\/wp-json\/wp\/v2\/product"}],"about":[{"href":"https:\/\/gomagom.es\/fr\/wp-json\/wp\/v2\/types\/product"}],"replies":[{"embeddable":true,"href":"https:\/\/gomagom.es\/fr\/wp-json\/wp\/v2\/comments?post=9018"}],"wp:featuredmedia":[{"embeddable":true,"href":"https:\/\/gomagom.es\/fr\/wp-json\/wp\/v2\/media\/11148"}],"wp:attachment":[{"href":"https:\/\/gomagom.es\/fr\/wp-json\/wp\/v2\/media?parent=9018"}],"wp:term":[{"taxonomy":"product_brand","embeddable":true,"href":"https:\/\/gomagom.es\/fr\/wp-json\/wp\/v2\/product_brand?post=9018"},{"taxonomy":"product_cat","embeddable":true,"href":"https:\/\/gomagom.es\/fr\/wp-json\/wp\/v2\/product_cat?post=9018"},{"taxonomy":"product_tag","embeddable":true,"href":"https:\/\/gomagom.es\/fr\/wp-json\/wp\/v2\/product_tag?post=9018"}],"curies":[{"name":"wp","href":"https:\/\/api.w.org\/{rel}","templated":true}]}}