{"id":9019,"date":"2024-02-02T13:39:00","date_gmt":"2024-02-02T12:39:00","guid":{"rendered":"https:\/\/gomagom.es\/catalog\/sin%20categor\u00eda\/pate-a-coller-epoxy-universelle-28g\/"},"modified":"2025-04-01T15:26:15","modified_gmt":"2025-04-01T13:26:15","slug":"pate-a-coller-epoxy-universelle-28g","status":"publish","type":"product","link":"https:\/\/gomagom.es\/fr\/catalog\/pate-a-coller-epoxy-universelle-28g\/","title":{"rendered":"P\u00c2TE \u00c0 COLLER EPOXY UNIVERSELLE 28g"},"content":{"rendered":"","protected":false},"excerpt":{"rendered":"<p><span style=\"color: #ff0000;\"><strong>N\u00ba 29<\/strong><\/span> |\u00a0<strong>Ref: GG16080<\/strong>  |\u00a0<i class=\"fa-solid fa-box\"><\/i> 12u. \u00a0<i class=\"fa-solid fa-box fa-2x\"><\/i> 144u.<\/br><br \/>\nCARACT\u00c9RISTIQUES ET APPLICATIONS: Mastic epoxy a deux composants qui r\u00e9agissent chimiquement en se melangeant. Rapide et de grande r\u00e9sistance. Il grise une fois sec. Il peut \u00eatre lim\u00e9, peint et verni. Utilisable pour coller de la pierre, du m\u00e9tal, du bois, de la c\u00e9ramique, de la porcelaine, du verre, du plastique (sauf le poly\u00e9thyl\u00e8ne, le polypropyl\u00e8ne et le teflon). DURCIT SOUS L&rsquo;EAU. Sp\u00e9cialement con\u00e7u pour le masticage, le bouchage de trous de vis, la reconstruction de pi\u00e8ces cass\u00e9es, la r\u00e9paration de  ssures, le scellement de tuyaux, les fuites de radiateurs, etc.<br \/>\nMODE D&rsquo;EMPLOI: Appliquer sur des surfaces propres, s\u00e8ches et sans graisse. Couper la quantit\u00e9 n\u00e9cessaire de la barre et retirer le papier transparent. Malaxer avec les doigts jusqu&rsquo;\u00e0 ce que le produit prenne une couleur uniforme. Une fois le m\u00e9lange r\u00e9alis\u00e9, vous disposez de 12 \u00e0 15 minutes pour appliquer le produit exer\u00e7ant une l\u00e9g\u00e8re pression. Temps de durcissement: 15 \u00e0 20 minutes. R\u00e9sistance maximale apr\u00e8s 24 heures. CONSERVATION: 24 mois dans un endroit frais et sec.<\/p>\n","protected":false},"featured_media":11624,"comment_status":"closed","ping_status":"closed","template":"","meta":{"_acf_changed":false},"product_brand":[],"product_cat":[138,185],"product_tag":[140],"class_list":{"0":"post-9019","1":"product","2":"type-product","3":"status-publish","4":"has-post-thumbnail","6":"product_cat-bricolaje-fr","7":"product_cat-adhesivo-epoxy-2-componentes-fr","8":"product_tag-reparar-pegar-fr","9":"description-off","11":"first","12":"instock","13":"purchasable","14":"product-type-simple"},"acf":[],"jetpack_sharing_enabled":true,"_links":{"self":[{"href":"https:\/\/gomagom.es\/fr\/wp-json\/wp\/v2\/product\/9019","targetHints":{"allow":["GET"]}}],"collection":[{"href":"https:\/\/gomagom.es\/fr\/wp-json\/wp\/v2\/product"}],"about":[{"href":"https:\/\/gomagom.es\/fr\/wp-json\/wp\/v2\/types\/product"}],"replies":[{"embeddable":true,"href":"https:\/\/gomagom.es\/fr\/wp-json\/wp\/v2\/comments?post=9019"}],"wp:featuredmedia":[{"embeddable":true,"href":"https:\/\/gomagom.es\/fr\/wp-json\/wp\/v2\/media\/11624"}],"wp:attachment":[{"href":"https:\/\/gomagom.es\/fr\/wp-json\/wp\/v2\/media?parent=9019"}],"wp:term":[{"taxonomy":"product_brand","embeddable":true,"href":"https:\/\/gomagom.es\/fr\/wp-json\/wp\/v2\/product_brand?post=9019"},{"taxonomy":"product_cat","embeddable":true,"href":"https:\/\/gomagom.es\/fr\/wp-json\/wp\/v2\/product_cat?post=9019"},{"taxonomy":"product_tag","embeddable":true,"href":"https:\/\/gomagom.es\/fr\/wp-json\/wp\/v2\/product_tag?post=9019"}],"curies":[{"name":"wp","href":"https:\/\/api.w.org\/{rel}","templated":true}]}}