{"id":9020,"date":"2024-02-02T13:39:00","date_gmt":"2024-02-02T12:39:00","guid":{"rendered":"https:\/\/gomagom.es\/catalog\/sin%20categor\u00eda\/pate-a-coller-epoxy-30g\/"},"modified":"2025-04-01T15:26:16","modified_gmt":"2025-04-01T13:26:16","slug":"pate-a-coller-epoxy-30g","status":"publish","type":"product","link":"https:\/\/gomagom.es\/fr\/catalog\/pate-a-coller-epoxy-30g\/","title":{"rendered":"PAT\u00ca \u00c0 COLLER EPOXY 30g"},"content":{"rendered":"","protected":false},"excerpt":{"rendered":"<p><span style=\"color: #ff0000;\"><strong>N\u00ba 31<\/strong><\/span> |\u00a0<strong>Ref: GG15026<\/strong>  |\u00a0<i class=\"fa-solid fa-box\"><\/i> 12u. \u00a0<i class=\"fa-solid fa-box fa-2x\"><\/i> 144u.<\/br><br \/>\nR\u00c9PARE: Piscines, m\u00e9tal, carrelage, marbre, terrazzo, canalisations, etc.<br \/>\nMODE D\u2019EMPLOI: Nettoyer les surfaces. Couper en parties \u00e9gales le quantit\u00e9 n\u00e9cessaire et les m\u00e9langer jusqu\u2019\u00e0 obtenir une couleur homog\u00e8ne. Appliquer sur le zone \u00e0 p\u00e9parer et laissez s\u00b4ceher. Il durcit sons l\u2019eau. Peut se modeler, se poncer, se forer, se peindre, etc.<\/p>\n","protected":false},"featured_media":11256,"comment_status":"closed","ping_status":"closed","template":"","meta":{"_acf_changed":false},"product_brand":[],"product_cat":[138,185],"product_tag":[140],"class_list":{"0":"post-9020","1":"product","2":"type-product","3":"status-publish","4":"has-post-thumbnail","6":"product_cat-bricolaje-fr","7":"product_cat-adhesivo-epoxy-2-componentes-fr","8":"product_tag-reparar-pegar-fr","9":"description-off","11":"first","12":"instock","13":"purchasable","14":"product-type-simple"},"acf":[],"jetpack_sharing_enabled":true,"_links":{"self":[{"href":"https:\/\/gomagom.es\/fr\/wp-json\/wp\/v2\/product\/9020","targetHints":{"allow":["GET"]}}],"collection":[{"href":"https:\/\/gomagom.es\/fr\/wp-json\/wp\/v2\/product"}],"about":[{"href":"https:\/\/gomagom.es\/fr\/wp-json\/wp\/v2\/types\/product"}],"replies":[{"embeddable":true,"href":"https:\/\/gomagom.es\/fr\/wp-json\/wp\/v2\/comments?post=9020"}],"wp:featuredmedia":[{"embeddable":true,"href":"https:\/\/gomagom.es\/fr\/wp-json\/wp\/v2\/media\/11256"}],"wp:attachment":[{"href":"https:\/\/gomagom.es\/fr\/wp-json\/wp\/v2\/media?parent=9020"}],"wp:term":[{"taxonomy":"product_brand","embeddable":true,"href":"https:\/\/gomagom.es\/fr\/wp-json\/wp\/v2\/product_brand?post=9020"},{"taxonomy":"product_cat","embeddable":true,"href":"https:\/\/gomagom.es\/fr\/wp-json\/wp\/v2\/product_cat?post=9020"},{"taxonomy":"product_tag","embeddable":true,"href":"https:\/\/gomagom.es\/fr\/wp-json\/wp\/v2\/product_tag?post=9020"}],"curies":[{"name":"wp","href":"https:\/\/api.w.org\/{rel}","templated":true}]}}