{"id":9021,"date":"2024-05-22T15:00:28","date_gmt":"2024-05-22T14:00:28","guid":{"rendered":"https:\/\/gomagom.es\/catalog\/sin%20categor\u00eda\/mastic-exterieur-20g\/"},"modified":"2025-04-01T15:26:16","modified_gmt":"2025-04-01T13:26:16","slug":"mastic-exterieur-20g","status":"publish","type":"product","link":"https:\/\/gomagom.es\/fr\/catalog\/mastic-exterieur-20g\/","title":{"rendered":"MASTIC EXT\u00c9RIEUR 20g"},"content":{"rendered":"","protected":false},"excerpt":{"rendered":"<p><span style=\"color: #ff0000;\"><strong>N\u00ba 32<\/strong><\/span> |\u00a0<strong>Ref: GG15023<\/strong>  |\u00a0<i class=\"fa-solid fa-box\"><\/i> 15u. \u00a0<i class=\"fa-solid fa-box fa-2x\"><\/i> 300u.<\/br><br \/>\nMastic Ext\u00e9rieur est le nouveau mastic adh\u00e9sif r\u00e9volutionnaire, puissant et r\u00e9utilisable. Puissant et facile \u00e0 utiliser. Le Mastic Ext\u00e9rieur est un mastic ultra-puissant et multi-usages, pour r\u00e9aliser un millier d&rsquo;utilisations quotidiennes et travaux de bricolage, c&rsquo;est pourquoi il s&rsquo;agit d&rsquo;une option id\u00e9ale pour un usage domestique, au bureau et dans le garage. Applications: R\u00e9parations, bricolage et assemblages.<br \/>\nMODE D&rsquo;EMPLOI: 1. D\u00e9collez la quantit\u00e9 n\u00e9cessaire du Mastic Ext\u00e9rieur et formez une boule avec. 2. Appliquez le Mastic Ext\u00e9rieur sur la partie post\u00e9rieure de l&rsquo;objet et appuyez fermement pour le placer \u00e0 l&rsquo;endroit pr\u00e9vu. 3. Pour l&rsquo;enlever: Tordez doucement et avec pr\u00e9caution les surfaces pour les s\u00e9parer. Note: N&rsquo;utilisez pas le Mastic Ext\u00e9rieur sur des surfaces absorbantes, d\u00e9licates, humides, poussi\u00e9reuses ou r\u00e9cemment peintes. Nous vous conseillons de faire un essai sur une petite zone. Les qualit\u00e9s adh\u00e9sives du Mastic Ext\u00e9rieur s&rsquo;am\u00e9liorent avec le temps, vous devez le retirez avec pr\u00e9caution. Tenir hors de port\u00e9e des enfants de moins de 36 mois. Ce produit contient des petites pi\u00e8ces.<\/p>\n","protected":false},"featured_media":247,"comment_status":"closed","ping_status":"open","template":"","meta":{"_acf_changed":false},"product_brand":[],"product_cat":[16,59],"product_tag":[98],"class_list":{"0":"post-9021","1":"product","2":"type-product","3":"status-publish","4":"has-post-thumbnail","6":"product_cat-bricolaje","7":"product_cat-masilla-adhesiva-bricolaje","8":"product_tag-fijar","9":"description-off","11":"first","12":"instock","13":"purchasable","14":"product-type-simple"},"acf":[],"jetpack_sharing_enabled":true,"_links":{"self":[{"href":"https:\/\/gomagom.es\/fr\/wp-json\/wp\/v2\/product\/9021","targetHints":{"allow":["GET"]}}],"collection":[{"href":"https:\/\/gomagom.es\/fr\/wp-json\/wp\/v2\/product"}],"about":[{"href":"https:\/\/gomagom.es\/fr\/wp-json\/wp\/v2\/types\/product"}],"replies":[{"embeddable":true,"href":"https:\/\/gomagom.es\/fr\/wp-json\/wp\/v2\/comments?post=9021"}],"wp:featuredmedia":[{"embeddable":true,"href":"https:\/\/gomagom.es\/fr\/wp-json\/wp\/v2\/media\/247"}],"wp:attachment":[{"href":"https:\/\/gomagom.es\/fr\/wp-json\/wp\/v2\/media?parent=9021"}],"wp:term":[{"taxonomy":"product_brand","embeddable":true,"href":"https:\/\/gomagom.es\/fr\/wp-json\/wp\/v2\/product_brand?post=9021"},{"taxonomy":"product_cat","embeddable":true,"href":"https:\/\/gomagom.es\/fr\/wp-json\/wp\/v2\/product_cat?post=9021"},{"taxonomy":"product_tag","embeddable":true,"href":"https:\/\/gomagom.es\/fr\/wp-json\/wp\/v2\/product_tag?post=9021"}],"curies":[{"name":"wp","href":"https:\/\/api.w.org\/{rel}","templated":true}]}}