{"id":9022,"date":"2024-05-22T15:00:28","date_gmt":"2024-05-22T13:00:28","guid":{"rendered":"https:\/\/gomagom.es\/catalog\/sin%20categor\u00eda\/silicone-blanche-260ml\/"},"modified":"2025-04-01T15:26:17","modified_gmt":"2025-04-01T13:26:17","slug":"silicone-blanche-260ml","status":"publish","type":"product","link":"https:\/\/gomagom.es\/fr\/catalog\/silicone-blanche-260ml\/","title":{"rendered":"SILICONE BLANCHE 260ml"},"content":{"rendered":"","protected":false},"excerpt":{"rendered":"<p><span style=\"color: #ff0000;\"><strong>N\u00ba 33<\/strong><\/span> |\u00a0<strong>Ref: GG95005<\/strong>  |\u00a0<i class=\"fa-solid fa-box\"><\/i> u. \u00a0<i class=\"fa-solid fa-box fa-2x\"><\/i> 24u.<\/br><br \/>\nCARACT\u00c9RISTIQUES ET APPLICATIONS: Mastic silicone ac\u00e9tique id\u00e9al pour les salles de<br \/>\nbains et les cuisines. Excellente adh\u00e9rence sur verre, l&rsquo;aluminium, c\u00e9ramique, carreaux<br \/>\nde fience, surfaces vitrifi\u00e9es et d&rsquo;autres mat\u00e9riaux non poreux. Evite les filtrations<br \/>\nd&rsquo;air, d\u2019eau et de poussi\u00e8re, et permet un scellement herm\u00e9tique et r\u00e9sistant \u00e0<br \/>\nintemp\u00e9rie et au vieillissement.<br \/>\nMODE D\u2019EMPLOI: Appliquer sur des surfaces propres, s\u00e8ches et sans graisse. Couper le bout du filet de la cartouche sans l\u2019abimer. Visser la buse et la couper en biais selon le diam\u00e8tre d\u00e9sir\u00e9. Utiliser un pistolet pour extraire le produit. Appliquer un cordon uniforme tout au long du joint. Lisser avec le doigt mouill\u00e9 dans de l\u2019eau savonneuse ou avec une spatule.<br \/>\nCONSERVATION: Fond scell\u00e9, longue conservation. 24 mois dans un endroit frais et sec (15-30\u00baC). Ne conserver que dans le f\u00fbt d\u2019origine. Tenir hors de port\u00e9e des enfants. \u00c9viter tout contact avec les yeux, la peau ou les v\u00eatements.<\/p>\n","protected":false},"featured_media":10289,"comment_status":"closed","ping_status":"closed","template":"","meta":{"_acf_changed":false},"product_brand":[],"product_cat":[138,245],"product_tag":[335],"class_list":{"0":"post-9022","1":"product","2":"type-product","3":"status-publish","4":"has-post-thumbnail","6":"product_cat-bricolaje-fr","7":"product_cat-selladores-siliconas-fr","8":"product_tag-sellar-fr","9":"description-off","11":"first","12":"instock","13":"purchasable","14":"product-type-simple"},"acf":[],"jetpack_sharing_enabled":true,"_links":{"self":[{"href":"https:\/\/gomagom.es\/fr\/wp-json\/wp\/v2\/product\/9022","targetHints":{"allow":["GET"]}}],"collection":[{"href":"https:\/\/gomagom.es\/fr\/wp-json\/wp\/v2\/product"}],"about":[{"href":"https:\/\/gomagom.es\/fr\/wp-json\/wp\/v2\/types\/product"}],"replies":[{"embeddable":true,"href":"https:\/\/gomagom.es\/fr\/wp-json\/wp\/v2\/comments?post=9022"}],"wp:featuredmedia":[{"embeddable":true,"href":"https:\/\/gomagom.es\/fr\/wp-json\/wp\/v2\/media\/10289"}],"wp:attachment":[{"href":"https:\/\/gomagom.es\/fr\/wp-json\/wp\/v2\/media?parent=9022"}],"wp:term":[{"taxonomy":"product_brand","embeddable":true,"href":"https:\/\/gomagom.es\/fr\/wp-json\/wp\/v2\/product_brand?post=9022"},{"taxonomy":"product_cat","embeddable":true,"href":"https:\/\/gomagom.es\/fr\/wp-json\/wp\/v2\/product_cat?post=9022"},{"taxonomy":"product_tag","embeddable":true,"href":"https:\/\/gomagom.es\/fr\/wp-json\/wp\/v2\/product_tag?post=9022"}],"curies":[{"name":"wp","href":"https:\/\/api.w.org\/{rel}","templated":true}]}}