{"id":9026,"date":"2024-02-02T13:39:00","date_gmt":"2024-02-02T12:39:00","guid":{"rendered":"https:\/\/gomagom.es\/catalog\/sin%20categor\u00eda\/colle-super-instantanee-3g-precision-5\/"},"modified":"2025-04-01T15:26:19","modified_gmt":"2025-04-01T13:26:19","slug":"colle-super-instantanee-3g-precision-5","status":"publish","type":"product","link":"https:\/\/gomagom.es\/fr\/catalog\/colle-super-instantanee-3g-precision-5\/","title":{"rendered":"COLLE SUPER INSTANTAN\u00c9E 3g PRECISION"},"content":{"rendered":"","protected":false},"excerpt":{"rendered":"<p><span style=\"color: #ff0000;\"><strong>N\u00ba 37<\/strong><\/span> |\u00a0<strong>Ref: GG17020<\/strong>  |\u00a0<i class=\"fa-solid fa-box\"><\/i> u. \u00a0<i class=\"fa-solid fa-box fa-2x\"><\/i> u.<\/br><br \/>\nPOUR COLLER: Le plastique, la c\u00e9ramique, le caoutchouc, les gommes, la porcelaine, les bois durs, le marbre, les m\u00e9taux, le nacre, le verre, etc.<br \/>\nMODE D&rsquo;EMPLOI: Les superficies \u00e0 unir doivent \u00eatre propres, s\u00e8ches et sans poussi\u00e8re ou graisse. Appliquez une petite quantit\u00e9 de colle, une goutte suffit. Si vous en mettez trop, vous diminuez l&rsquo;efficacit\u00e9 et la rapidit\u00e9 a union. Assembler les pi\u00e8ces \u00e0 encoller, en evitant le contact avec les doigts. Appuyez pendant 15-30 secondes, temps n\u00e9cessaire pour effectuer l&rsquo;union, en atteignant la r\u00e9sistance maximale au bout de 12 heures. S\u00e9cher l&rsquo;extremit\u00e9 apr\u00e8s l&rsquo;utilisaition et visser le bouchon jusqu&rsquo;\u00e0 ce qu&rsquo;il reste compl\u00e8tement ferm\u00e9. Enlever les restes en frottant avec de l&rsquo;ac\u00e9tone. Enlever les restes en frottant avec de l&rsquo;ac\u00e9tone. Conserver dans un lieu frais et sec, prot\u00e9g\u00e9 de la lumiere.<\/p>\n","protected":false},"featured_media":11642,"comment_status":"closed","ping_status":"closed","template":"","meta":{"_acf_changed":false},"product_brand":[],"product_cat":[138,139],"product_tag":[140],"class_list":{"0":"post-9026","1":"product","2":"type-product","3":"status-publish","4":"has-post-thumbnail","6":"product_cat-bricolaje-fr","7":"product_cat-adhesivo-super-instantaneo-fr","8":"product_tag-reparar-pegar-fr","9":"description-off","11":"first","12":"instock","13":"purchasable","14":"product-type-simple"},"acf":[],"jetpack_sharing_enabled":true,"_links":{"self":[{"href":"https:\/\/gomagom.es\/fr\/wp-json\/wp\/v2\/product\/9026","targetHints":{"allow":["GET"]}}],"collection":[{"href":"https:\/\/gomagom.es\/fr\/wp-json\/wp\/v2\/product"}],"about":[{"href":"https:\/\/gomagom.es\/fr\/wp-json\/wp\/v2\/types\/product"}],"replies":[{"embeddable":true,"href":"https:\/\/gomagom.es\/fr\/wp-json\/wp\/v2\/comments?post=9026"}],"wp:featuredmedia":[{"embeddable":true,"href":"https:\/\/gomagom.es\/fr\/wp-json\/wp\/v2\/media\/11642"}],"wp:attachment":[{"href":"https:\/\/gomagom.es\/fr\/wp-json\/wp\/v2\/media?parent=9026"}],"wp:term":[{"taxonomy":"product_brand","embeddable":true,"href":"https:\/\/gomagom.es\/fr\/wp-json\/wp\/v2\/product_brand?post=9026"},{"taxonomy":"product_cat","embeddable":true,"href":"https:\/\/gomagom.es\/fr\/wp-json\/wp\/v2\/product_cat?post=9026"},{"taxonomy":"product_tag","embeddable":true,"href":"https:\/\/gomagom.es\/fr\/wp-json\/wp\/v2\/product_tag?post=9026"}],"curies":[{"name":"wp","href":"https:\/\/api.w.org\/{rel}","templated":true}]}}