{"id":9027,"date":"2024-05-22T15:00:28","date_gmt":"2024-05-22T14:00:28","guid":{"rendered":"https:\/\/gomagom.es\/catalog\/sin%20categor\u00eda\/colle-de-montage-extra-forte-200g\/"},"modified":"2025-04-01T15:26:20","modified_gmt":"2025-04-01T13:26:20","slug":"colle-de-montage-extra-forte-200g","status":"publish","type":"product","link":"https:\/\/gomagom.es\/fr\/catalog\/colle-de-montage-extra-forte-200g\/","title":{"rendered":"COLLE DE MONTAGE EXTRA-FORTE 200g"},"content":{"rendered":"","protected":false},"excerpt":{"rendered":"<p><span style=\"color: #ff0000;\"><strong>N\u00ba 41<\/strong><\/span> |\u00a0<strong>Ref: GG15092<\/strong>  |\u00a0<i class=\"fa-solid fa-box\"><\/i> 12u. \u00a0<i class=\"fa-solid fa-box fa-2x\"><\/i> 72u.<\/br><br \/>\nId\u00e9ale pour installer des rev\u00eatements de mur, des sols, du carrelage, des moulures, pour fixer des tableaux, des pi\u00e8ces, etc.<br \/>\nAPPLICATIONS :<br \/>\nElle colle une grande vari\u00e9t\u00e9 de mat\u00e9riaux : joints en m\u00e9tal avec bois, bois avec bois, accessoires de bain, cabines de douche en fibre de verre, m\u00e9tal, brique, pl\u00e2tre, b\u00e9ton, moquettes, plinthes,  carreaux en c\u00e9ramique, bois en contreplaqu\u00e9, miroirs, etc.<br \/>\nMODE D&rsquo;EMPLOI:<br \/>\n1. Les surfaces doivent \u00eatre propres et s\u00e8ches. Une d\u2019entre elles au moins doit \u00eatre poreuse.<br \/>\n2. Coupez la pointe du tube \u00e0 une hauteur ad\u00e9quate pour son application.  3. Appliquez un cordon de colle, en X ou en zigzag, le long de la surface du mat\u00e9riel.<br \/>\n4. Appuyez fermement et uniform\u00e9ment sur les mat\u00e9riaux \u00e0 fixer. Vous pouvez utiliser un marteau en caoutchouc pour faire pression sur l\u2019union.<br \/>\n5.  Elle sera totalement s\u00e8che au bout de 24 heures.<br \/>\nPR\u00c9CAUTIONS :<br \/>\n\u00c9vitez le contact prolong\u00e9 avec la peau. En cas de contact avec les yeux, rincez-les abondamment avec de l\u2019eau pendant 15 minutes et consultez un m\u00e9decin.<\/p>\n","protected":false},"featured_media":259,"comment_status":"closed","ping_status":"open","template":"","meta":{"_acf_changed":false},"product_brand":[],"product_cat":[103,51,16],"product_tag":[98,134],"class_list":{"0":"post-9027","1":"product","2":"type-product","3":"status-publish","4":"has-post-thumbnail","6":"product_cat-adhesivo-montaje","7":"product_cat-adhesivo-universal","8":"product_cat-bricolaje","9":"product_tag-fijar","10":"product_tag-reparar-pegar","11":"description-off","13":"first","14":"instock","15":"purchasable","16":"product-type-simple"},"acf":[],"jetpack_sharing_enabled":true,"_links":{"self":[{"href":"https:\/\/gomagom.es\/fr\/wp-json\/wp\/v2\/product\/9027","targetHints":{"allow":["GET"]}}],"collection":[{"href":"https:\/\/gomagom.es\/fr\/wp-json\/wp\/v2\/product"}],"about":[{"href":"https:\/\/gomagom.es\/fr\/wp-json\/wp\/v2\/types\/product"}],"replies":[{"embeddable":true,"href":"https:\/\/gomagom.es\/fr\/wp-json\/wp\/v2\/comments?post=9027"}],"wp:featuredmedia":[{"embeddable":true,"href":"https:\/\/gomagom.es\/fr\/wp-json\/wp\/v2\/media\/259"}],"wp:attachment":[{"href":"https:\/\/gomagom.es\/fr\/wp-json\/wp\/v2\/media?parent=9027"}],"wp:term":[{"taxonomy":"product_brand","embeddable":true,"href":"https:\/\/gomagom.es\/fr\/wp-json\/wp\/v2\/product_brand?post=9027"},{"taxonomy":"product_cat","embeddable":true,"href":"https:\/\/gomagom.es\/fr\/wp-json\/wp\/v2\/product_cat?post=9027"},{"taxonomy":"product_tag","embeddable":true,"href":"https:\/\/gomagom.es\/fr\/wp-json\/wp\/v2\/product_tag?post=9027"}],"curies":[{"name":"wp","href":"https:\/\/api.w.org\/{rel}","templated":true}]}}