{"id":9035,"date":"2024-05-22T15:00:41","date_gmt":"2024-05-22T14:00:41","guid":{"rendered":"https:\/\/gomagom.es\/catalog\/sin%20categor\u00eda\/pistolet-colle-loisirs-creatif-10w\/"},"modified":"2025-04-01T15:26:27","modified_gmt":"2025-04-01T13:26:27","slug":"pistolet-colle-loisirs-creatif-10w","status":"publish","type":"product","link":"https:\/\/gomagom.es\/fr\/catalog\/pistolet-colle-loisirs-creatif-10w\/","title":{"rendered":"PISTOLET COLLE LOISIRS CREATIF 10W"},"content":{"rendered":"","protected":false},"excerpt":{"rendered":"<p><span style=\"color: #ff0000;\"><strong>N\u00ba 49<\/strong><\/span> |\u00a0<strong>Ref: GG15231<\/strong>  |\u00a0<i class=\"fa-solid fa-box\"><\/i> 4u. \u00a0<i class=\"fa-solid fa-box fa-2x\"><\/i> 24u.<\/br><br \/>\nMODE D\u00b4EMPLOI: 1. Branchez le cordon dans une prise \u00e9lectrique. 2. Ins\u00e9rez le b\u00e2ton de colle dans le compartiment de recharge situ\u00e9 dans la partie arri\u00e8re du pistolet. 3. Attendez 5 minutes pour que la colle chauffe. 4. Appliquez la colle en maintenant une pression<br \/>\ncontinue sur la d\u00e9tente. 5. Assurez-vous que la surface est propre. Faites pression sur<br \/>\nles pi\u00e8ces pendant environ 15 secondes pour assurer une meilleure adh\u00e9rence. 6.<br \/>\nD\u00e9branchez le pistolet de la prise \u00e9lectrique, d\u00e8s que vous avez termin\u00e9 votre travail.<br \/>\nAVERTISSEMENTS: 1.Ne touchez pas l\u00b4embout du pistolet, ni la colle chaude. 2.En cas<br \/>\nde manipulation accidentelle, ne retirez pas la colle de votre peau. Mettez<br \/>\nimm\u00e9diatement la zone affect\u00e9e sous de l\u00b4eau froide. Tenez ce produit hors<br \/>\nde la port\u00e9e des enfants. 3.Si le cordon d\u00b4alimentation est<br \/>\nendommag\u00e9, vous devrez le faire remplacer afin d\u00b4\u00e9viter tout risque possible.<\/p>\n","protected":false},"featured_media":263,"comment_status":"closed","ping_status":"open","template":"","meta":{"_acf_changed":false},"product_brand":[],"product_cat":[16,61,53],"product_tag":[72,134],"class_list":{"0":"post-9035","1":"product","2":"type-product","3":"status-publish","4":"has-post-thumbnail","6":"product_cat-bricolaje","7":"product_cat-pistola-cola-caliente","8":"product_cat-selladores-siliconas","9":"product_tag-crear","10":"product_tag-reparar-pegar","11":"description-off","13":"first","14":"instock","15":"purchasable","16":"product-type-simple"},"acf":[],"jetpack_sharing_enabled":true,"_links":{"self":[{"href":"https:\/\/gomagom.es\/fr\/wp-json\/wp\/v2\/product\/9035","targetHints":{"allow":["GET"]}}],"collection":[{"href":"https:\/\/gomagom.es\/fr\/wp-json\/wp\/v2\/product"}],"about":[{"href":"https:\/\/gomagom.es\/fr\/wp-json\/wp\/v2\/types\/product"}],"replies":[{"embeddable":true,"href":"https:\/\/gomagom.es\/fr\/wp-json\/wp\/v2\/comments?post=9035"}],"wp:featuredmedia":[{"embeddable":true,"href":"https:\/\/gomagom.es\/fr\/wp-json\/wp\/v2\/media\/263"}],"wp:attachment":[{"href":"https:\/\/gomagom.es\/fr\/wp-json\/wp\/v2\/media?parent=9035"}],"wp:term":[{"taxonomy":"product_brand","embeddable":true,"href":"https:\/\/gomagom.es\/fr\/wp-json\/wp\/v2\/product_brand?post=9035"},{"taxonomy":"product_cat","embeddable":true,"href":"https:\/\/gomagom.es\/fr\/wp-json\/wp\/v2\/product_cat?post=9035"},{"taxonomy":"product_tag","embeddable":true,"href":"https:\/\/gomagom.es\/fr\/wp-json\/wp\/v2\/product_tag?post=9035"}],"curies":[{"name":"wp","href":"https:\/\/api.w.org\/{rel}","templated":true}]}}