{"id":9041,"date":"2024-02-02T13:39:06","date_gmt":"2024-02-02T12:39:06","guid":{"rendered":"https:\/\/gomagom.es\/catalog\/sin%20categor\u00eda\/colle-epoxy-transparente\/"},"modified":"2025-04-01T15:26:30","modified_gmt":"2025-04-01T13:26:30","slug":"colle-epoxy-transparente","status":"publish","type":"product","link":"https:\/\/gomagom.es\/fr\/catalog\/colle-epoxy-transparente\/","title":{"rendered":"COLLE \u00c9POXY TRANSPARENTE"},"content":{"rendered":"","protected":false},"excerpt":{"rendered":"<p><span style=\"color: #ff0000;\"><strong>N\u00ba 55<\/strong><\/span> |\u00a0<strong>Ref: GG11921<\/strong>  |\u00a0<i class=\"fa-solid fa-box\"><\/i> 12u. \u00a0<i class=\"fa-solid fa-box fa-2x\"><\/i> 144u.<\/br><br \/>\ndivers,  bres naturelles, bijoux (joaillerie ou fantaisie) et bien d\u2019autres. USAGE DOMESTIQUE ET PROFESSIONNEL. La colle \u00e9poxy transparente est un<br \/>\nadh\u00e9sif \u00e0 s\u00e9chage rapide qui garantit une haute r\u00e9sistance et une grande transparence une fois s\u00e8che. Elle est recommand\u00e9e pour le collage d\u2019une tr\u00e8s grande vari\u00e9t\u00e9 de supports, notamment m\u00e9taux et ciment. Elle durcit partiellement 10 minutes apr\u00e8s son application, bien que ce d\u00e9lai puisse varier en fonction des conditions m\u00e9t\u00e9orologiques. La pr\u00e9sentation du produit sous forme de seringue facilite le dosage \u00e9quilibr\u00e9 de ses 2 composants. Un m\u00e9lange parfait du produit am\u00e9liore la qualit\u00e9 du collage et de la  nition. Applications : id\u00e9ale pour des surfaces lisses, poreuses et irr\u00e9guli\u00e8res. Elle adh\u00e8re au m\u00e9tal,au ciment, au bois, au verre, \u00e0 la c\u00e9ramique, \u00e0 la pierre, au caoutchouc, \u00e0 la  bre de verre, aux  bres naturelles, au plastique (\u00e0 l\u2019exception du poly\u00e9thyl\u00e8ne et<br \/>\ndu polypropyl\u00e8ne) et \u00e0 bien d\u2019autres mat\u00e9riaux.<br \/>\nMODE D&rsquo;EMPLOI: Avant de commencer l\u2019application, vous devrez nettoyer les surfaces ou les pi\u00e8ces sur lesquelles vous envisagez d\u2019appliquer l\u2019adh\u00e9sif a n d\u2019\u00e9liminer tout r\u00e9sidu de graisse, de salet\u00e9, d\u2019oxydations et de peintures. 1.- Brisez l\u2019opercule de scellement en aluminium, en utilisant les bouchons des tubes (r\u00e9sine et  xateur).2.- Une fois les tubes ouverts, m\u00e9langez les deux composants (r\u00e9sine et fixateur), \u00e0 raison de 50 % chacun, \u00e0 l\u2019aide du r\u00e9cipient en plastique livr\u00e9 avec le produit. Veillez \u00e0 obtenir un m\u00e9lange uniforme et homog\u00e8ne a n de garantir un collage plus eficace et r\u00e9sistant. 3.- Utilisez la tige en plastique livr\u00e9e avec le r\u00e9cipient pour m\u00e9langer les 2 composants (A et B). M\u00e9langez-les bien jusqu\u2019\u00e0 obtenir un mastic homog\u00e8ne. Proc\u00e9dez \u00e0 l\u2019application du m\u00e9lange en l\u2019espace d\u20191 minute. 4.- \u00c0 l\u2019aide de la m\u00eame tige, appliquez la colle \u00e9poxy sur les surfaces \u00e0 coller, en les maintenant sous pression jusqu\u2019au s\u00e9chage complet du produit (et, si n\u00e9cessaire, assemblez les parties au moyen d\u2019un ruban adh\u00e9sif,<br \/>\nde pinces ou autres \u00e9l\u00e9ments de  xation). 5. Refermez bien les tubes apr\u00e8s chaque utilisation.<\/p>\n","protected":false},"featured_media":10997,"comment_status":"closed","ping_status":"closed","template":"","meta":{"_acf_changed":false},"product_brand":[],"product_cat":[138,185],"product_tag":[140],"class_list":{"0":"post-9041","1":"product","2":"type-product","3":"status-publish","4":"has-post-thumbnail","6":"product_cat-bricolaje-fr","7":"product_cat-adhesivo-epoxy-2-componentes-fr","8":"product_tag-reparar-pegar-fr","9":"description-off","11":"first","12":"instock","13":"purchasable","14":"product-type-simple"},"acf":[],"jetpack_sharing_enabled":true,"_links":{"self":[{"href":"https:\/\/gomagom.es\/fr\/wp-json\/wp\/v2\/product\/9041","targetHints":{"allow":["GET"]}}],"collection":[{"href":"https:\/\/gomagom.es\/fr\/wp-json\/wp\/v2\/product"}],"about":[{"href":"https:\/\/gomagom.es\/fr\/wp-json\/wp\/v2\/types\/product"}],"replies":[{"embeddable":true,"href":"https:\/\/gomagom.es\/fr\/wp-json\/wp\/v2\/comments?post=9041"}],"wp:featuredmedia":[{"embeddable":true,"href":"https:\/\/gomagom.es\/fr\/wp-json\/wp\/v2\/media\/10997"}],"wp:attachment":[{"href":"https:\/\/gomagom.es\/fr\/wp-json\/wp\/v2\/media?parent=9041"}],"wp:term":[{"taxonomy":"product_brand","embeddable":true,"href":"https:\/\/gomagom.es\/fr\/wp-json\/wp\/v2\/product_brand?post=9041"},{"taxonomy":"product_cat","embeddable":true,"href":"https:\/\/gomagom.es\/fr\/wp-json\/wp\/v2\/product_cat?post=9041"},{"taxonomy":"product_tag","embeddable":true,"href":"https:\/\/gomagom.es\/fr\/wp-json\/wp\/v2\/product_tag?post=9041"}],"curies":[{"name":"wp","href":"https:\/\/api.w.org\/{rel}","templated":true}]}}