{"id":9042,"date":"2024-02-02T13:39:06","date_gmt":"2024-02-02T12:39:06","guid":{"rendered":"https:\/\/gomagom.es\/catalog\/sin%20categor\u00eda\/frein-filet\/"},"modified":"2025-04-01T15:26:31","modified_gmt":"2025-04-01T13:26:31","slug":"frein-filet","status":"publish","type":"product","link":"https:\/\/gomagom.es\/fr\/catalog\/frein-filet\/","title":{"rendered":"FREIN-FILET"},"content":{"rendered":"","protected":false},"excerpt":{"rendered":"<p><span style=\"color: #ff0000;\"><strong>N\u00ba 56<\/strong><\/span> |\u00a0<strong>Ref: GG11941<\/strong>  |\u00a0<i class=\"fa-solid fa-box\"><\/i> 12u. \u00a0<i class=\"fa-solid fa-box fa-2x\"><\/i> 144u.<\/br><br \/>\nBLOQUEUR DE FILETAGE D\u2019\u00c9CROUS ET DE BOULONS. Secteur automobile, industriel, meubles, verrous. Adh\u00e9sif con\u00e7u pour  xer, sceller et \u00e9viter les fuites des fletages dans toutes les applications. Il emp\u00eache la corrosion et l\u2019oxydation, en \u00e9vitant le desserrage des \u00e9crous caus\u00e9 par des vibrations ou des chocs.<br \/>\nMODE D&rsquo;EMPLOI: 1. Assurez-vous que les pi\u00e8ces sont propres et s\u00e8ches. 2. Agitez bien le produit avant de l\u2019utiliser. 3. Appliquez le frein-filet 42 sur la zone flet\u00e9e et assemblez les pi\u00e8ces. 4. Le produit durcit partiellement au bout de 10 minutes et sera totalement sec en 24 heures. Le  GOMAGOM est con\u00e7u uniquement pour les parties m\u00e9caniques. Il ne convient pas pour une utilisation sur des parties plastiques. Si vous utilisez deux m\u00e9taux inactifs, un appr\u00eat sera n\u00e9cessaire. Il pourra \u00eatre retir\u00e9 \u00e0 l\u2019aide d\u2019outils \u00e0 main. UTILISATION: Pi\u00e8ces de moteur : Couvercles de soupapes, pompes \u00e0 eau, alternateurs, bacs de vidange d\u2019huile. Maintenance: Machines l\u00e9g\u00e8res, courroies transporteuses l\u00e9g\u00e8res, ferrures de portes, moteurs de remorque. Domestique: Tondeuses \u00e0 gazon, barbecues, verrous, v\u00e9los. Type de produit: Taille des attaches : \u00bc\u201d-3\/3 (6-20 mm) \u2013 \u00bc\u201d-3\/4 (6-20 mm)Torsion (en Nm) Rupture\/r\u00e9sistance : 5\/12. Durcissement : partiel\/total : 6 min\/24 h. Intervalle de temp\u00e9rature : -65\u00ba \u00e0 350 \u00baF \u2013 -54\u00ba \u00e0 177 \u00baF. Appliquer avant le montage. Ne pas laisser \u00e0 la port\u00e9e des enfants. \u00c9viter tout contact avec les yeux et la peau. \u00c9viter de respirer vapeurs.<\/p>\n","protected":false},"featured_media":11015,"comment_status":"closed","ping_status":"closed","template":"","meta":{"_acf_changed":false},"product_brand":[],"product_cat":[138,233],"product_tag":[324],"class_list":{"0":"post-9042","1":"product","2":"type-product","3":"status-publish","4":"has-post-thumbnail","6":"product_cat-bricolaje-fr","7":"product_cat-otros-productos-fr","8":"product_tag-fijar-fr","9":"description-off","11":"first","12":"instock","13":"purchasable","14":"product-type-simple"},"acf":[],"jetpack_sharing_enabled":true,"_links":{"self":[{"href":"https:\/\/gomagom.es\/fr\/wp-json\/wp\/v2\/product\/9042","targetHints":{"allow":["GET"]}}],"collection":[{"href":"https:\/\/gomagom.es\/fr\/wp-json\/wp\/v2\/product"}],"about":[{"href":"https:\/\/gomagom.es\/fr\/wp-json\/wp\/v2\/types\/product"}],"replies":[{"embeddable":true,"href":"https:\/\/gomagom.es\/fr\/wp-json\/wp\/v2\/comments?post=9042"}],"wp:featuredmedia":[{"embeddable":true,"href":"https:\/\/gomagom.es\/fr\/wp-json\/wp\/v2\/media\/11015"}],"wp:attachment":[{"href":"https:\/\/gomagom.es\/fr\/wp-json\/wp\/v2\/media?parent=9042"}],"wp:term":[{"taxonomy":"product_brand","embeddable":true,"href":"https:\/\/gomagom.es\/fr\/wp-json\/wp\/v2\/product_brand?post=9042"},{"taxonomy":"product_cat","embeddable":true,"href":"https:\/\/gomagom.es\/fr\/wp-json\/wp\/v2\/product_cat?post=9042"},{"taxonomy":"product_tag","embeddable":true,"href":"https:\/\/gomagom.es\/fr\/wp-json\/wp\/v2\/product_tag?post=9042"}],"curies":[{"name":"wp","href":"https:\/\/api.w.org\/{rel}","templated":true}]}}