{"id":9044,"date":"2024-02-02T13:39:06","date_gmt":"2024-02-02T12:39:06","guid":{"rendered":"https:\/\/gomagom.es\/catalog\/sin%20categor\u00eda\/silicone-transparente-50ml\/"},"modified":"2026-04-08T15:58:55","modified_gmt":"2026-04-08T13:58:55","slug":"silicone-transparente-50ml","status":"publish","type":"product","link":"https:\/\/gomagom.es\/fr\/catalog\/silicone-transparente-50ml\/","title":{"rendered":"SILICONE TRANSPARENTE 50ml"},"content":{"rendered":"","protected":false},"excerpt":{"rendered":"<p><span style=\"color: #ff0000;\"><strong>N\u00ba 58<\/strong><\/span> |\u00a0<strong>Ref: GG17091<\/strong> |\u00a0<i class=\"fa-solid fa-box\"><\/i> 12u. \u00a0<i class=\"fa-solid fa-box fa-2x\"><\/i> 144u.<br \/>\nAPPLICATIONS: Pour le scellage de sanitaires, robinets, et cloisons ou portes de<br \/>\nbaignoires et de douches. Dans la cuisine, il \u00e9vite les ltrations d\u2019eau dans les<br \/>\n\u00e9viers et les robinets. Il scelle et adh\u00e8re aux vitres dans les vitrines, vitrages<br \/>\navec menuiserie en bois, aluminium en en PVC. Avec le SILICONE TRANSPARENTE<br \/>\nvous \u00e9viterez que la moisissure se produise l\u00e0 o\u00f9 vous l&rsquo;aurez appliqu\u00e9.<br \/>\nIl reste toujours \u00e9lastique et ne se fendille pas avec le temps. Sa particuli\u00e8re<br \/>\ncomposition le fait sp\u00e9cialement r\u00e9sistant dans les endroits qui sou rent d\u2019un<br \/>\nexc\u00e8s d\u2019eau ou d\u2019humidit\u00e9.<br \/>\nMODE D&rsquo;EMPLOI: Bien nettoyer les super cies \u00e0<br \/>\nunir, en \u00e9vitant la poussi\u00e8re, l\u2019eau et la salet\u00e9 en g\u00e9n\u00e9ral. \u00c9tendre \u00e0 l&rsquo;aide d&rsquo;une<br \/>\nspatule ou avec le bout des doigts impr\u00e9gn\u00e9s d&rsquo;eau savonneuse. 24 heures<br \/>\nplus tard, le joint sera vulcanis\u00e9, vous pourrez alors d\u00e9couper, avec une lame<br \/>\nde rasoir, le surplus de silicone.<\/p>\n","protected":false},"featured_media":11716,"comment_status":"closed","ping_status":"closed","template":"","meta":{"_acf_changed":false},"product_brand":[],"product_cat":[138,245],"product_tag":[335],"class_list":{"0":"post-9044","1":"product","2":"type-product","3":"status-publish","4":"has-post-thumbnail","6":"product_cat-bricolaje-fr","7":"product_cat-selladores-siliconas-fr","8":"product_tag-sellar-fr","9":"description-off","11":"first","12":"instock","13":"purchasable","14":"product-type-simple"},"acf":[],"jetpack_sharing_enabled":true,"_links":{"self":[{"href":"https:\/\/gomagom.es\/fr\/wp-json\/wp\/v2\/product\/9044","targetHints":{"allow":["GET"]}}],"collection":[{"href":"https:\/\/gomagom.es\/fr\/wp-json\/wp\/v2\/product"}],"about":[{"href":"https:\/\/gomagom.es\/fr\/wp-json\/wp\/v2\/types\/product"}],"replies":[{"embeddable":true,"href":"https:\/\/gomagom.es\/fr\/wp-json\/wp\/v2\/comments?post=9044"}],"wp:featuredmedia":[{"embeddable":true,"href":"https:\/\/gomagom.es\/fr\/wp-json\/wp\/v2\/media\/11716"}],"wp:attachment":[{"href":"https:\/\/gomagom.es\/fr\/wp-json\/wp\/v2\/media?parent=9044"}],"wp:term":[{"taxonomy":"product_brand","embeddable":true,"href":"https:\/\/gomagom.es\/fr\/wp-json\/wp\/v2\/product_brand?post=9044"},{"taxonomy":"product_cat","embeddable":true,"href":"https:\/\/gomagom.es\/fr\/wp-json\/wp\/v2\/product_cat?post=9044"},{"taxonomy":"product_tag","embeddable":true,"href":"https:\/\/gomagom.es\/fr\/wp-json\/wp\/v2\/product_tag?post=9044"}],"curies":[{"name":"wp","href":"https:\/\/api.w.org\/{rel}","templated":true}]}}