{"id":9047,"date":"2024-02-02T13:39:06","date_gmt":"2024-02-02T12:39:06","guid":{"rendered":"https:\/\/gomagom.es\/catalog\/sin%20categor\u00eda\/colle-adhesive-total-20ml\/"},"modified":"2026-04-08T13:57:25","modified_gmt":"2026-04-08T11:57:25","slug":"colle-adhesive-total-20ml","status":"publish","type":"product","link":"https:\/\/gomagom.es\/fr\/catalog\/colle-adhesive-total-20ml\/","title":{"rendered":"COLLE ADH\u00c9SIVE TOTAL 20ml"},"content":{"rendered":"","protected":false},"excerpt":{"rendered":"<p><span style=\"color: #ff0000;\"><strong>N\u00ba 61<\/strong><\/span> |\u00a0<strong>Ref: GG17061<\/strong> |\u00a0<i class=\"fa-solid fa-box\"><\/i> 12u. \u00a0<i class=\"fa-solid fa-box fa-2x\"><\/i> 144u.<br \/>\nAdh\u00e9sif polyvalent haute technologie pour coller tous types de mat\u00e9riaux. Id\u00e9al<br \/>\npour des surfaces lisses et poreuses. Id\u00e9al pour des mat\u00e9riaux d\u00e9licats et souples.<br \/>\nS\u00e9chage transparent, ultra-r\u00e9sistant, notamment aux impacts et aux vibrations, \u00e0<br \/>\nl\u2019int\u00e9rieur comme \u00e0 l\u2019ext\u00e9rieur. R\u00e9sistant aux rayons UV. Sans dissolvants. Il colle les<br \/>\nmat\u00e9riaux suivants : bois, m\u00e9tal, plastique, tissus, verre, c\u00e9ramique, cuir, etc.<br \/>\nMODE D&rsquo;EMPLOI: Nettoyer les surfaces \u00e0 coller avec de l\u2019alcool. Ne pas utiliser sur des<br \/>\nplastiques tels que poly\u00e9thyl\u00e8ne, polypropyl\u00e8ne et T\u00e9 on. Appliquer l\u2019adh\u00e9sif sur les<br \/>\ndeux surfaces et maintenir la pression pendant 15 min. Adh\u00e9rence initiale au bout<br \/>\nde 2 heures et adh\u00e9rence totale au bout de 24 heures. Tenir hors de la port\u00e9e des<br \/>\nenfants.<\/p>\n","protected":false},"featured_media":10260,"comment_status":"closed","ping_status":"closed","template":"","meta":{"_acf_changed":false},"product_brand":[],"product_cat":[138,196],"product_tag":[321,140],"class_list":{"0":"post-9047","1":"product","2":"type-product","3":"status-publish","4":"has-post-thumbnail","6":"product_cat-bricolaje-fr","7":"product_cat-adhesivo-universal-fr","8":"product_tag-crear-fr","9":"product_tag-reparar-pegar-fr","10":"description-off","12":"first","13":"instock","14":"purchasable","15":"product-type-simple"},"acf":[],"jetpack_sharing_enabled":true,"_links":{"self":[{"href":"https:\/\/gomagom.es\/fr\/wp-json\/wp\/v2\/product\/9047","targetHints":{"allow":["GET"]}}],"collection":[{"href":"https:\/\/gomagom.es\/fr\/wp-json\/wp\/v2\/product"}],"about":[{"href":"https:\/\/gomagom.es\/fr\/wp-json\/wp\/v2\/types\/product"}],"replies":[{"embeddable":true,"href":"https:\/\/gomagom.es\/fr\/wp-json\/wp\/v2\/comments?post=9047"}],"wp:featuredmedia":[{"embeddable":true,"href":"https:\/\/gomagom.es\/fr\/wp-json\/wp\/v2\/media\/10260"}],"wp:attachment":[{"href":"https:\/\/gomagom.es\/fr\/wp-json\/wp\/v2\/media?parent=9047"}],"wp:term":[{"taxonomy":"product_brand","embeddable":true,"href":"https:\/\/gomagom.es\/fr\/wp-json\/wp\/v2\/product_brand?post=9047"},{"taxonomy":"product_cat","embeddable":true,"href":"https:\/\/gomagom.es\/fr\/wp-json\/wp\/v2\/product_cat?post=9047"},{"taxonomy":"product_tag","embeddable":true,"href":"https:\/\/gomagom.es\/fr\/wp-json\/wp\/v2\/product_tag?post=9047"}],"curies":[{"name":"wp","href":"https:\/\/api.w.org\/{rel}","templated":true}]}}