{"id":9048,"date":"2024-05-22T15:00:41","date_gmt":"2024-05-22T14:00:41","guid":{"rendered":"https:\/\/gomagom.es\/catalog\/sin%20categor\u00eda\/colle-adhesive-extra-fort-sans-perceuse-20ml\/"},"modified":"2025-04-01T15:26:35","modified_gmt":"2025-04-01T13:26:35","slug":"colle-adhesive-extra-fort-sans-perceuse-20ml","status":"publish","type":"product","link":"https:\/\/gomagom.es\/fr\/catalog\/colle-adhesive-extra-fort-sans-perceuse-20ml\/","title":{"rendered":"COLLE ADH\u00c9SIVE EXTRA-FORT SANS PERCEUSE 20ml"},"content":{"rendered":"","protected":false},"excerpt":{"rendered":"<p><span style=\"color: #ff0000;\"><strong>N\u00ba 62<\/strong><\/span> |\u00a0<strong>Ref: GG17051<\/strong>  |\u00a0<i class=\"fa-solid fa-box\"><\/i> 12u. \u00a0<i class=\"fa-solid fa-box fa-2x\"><\/i> 144u.<\/br><br \/>\nS\u00e9chage rapide et r\u00e9sistance \u00e9lev\u00e9e<br \/>\nIl adh\u00e8re aux mat\u00e9riaux suivants : b\u00e9ton, carrelage, pierre, m\u00e9tal et<br \/>\nbois.<br \/>\nMODE D&rsquo;EMPLOI: Nettoyer l\u2019accessoire et la surface \u00e0 coller avec de<br \/>\nl\u2019alcool. Appliquer l\u2019adh\u00e9sif sur l\u2019accessoire \u00e0 coller, appuyer avec force<br \/>\npendant quelques secondes et nettoyer les r\u00e9sidus \u00e0 l\u2019aide d\u2019un chi on.<br \/>\nR\u00e9sistance maximale au bout de 24 heures. Attendre 72 heures avant de<br \/>\ntirer sur l\u2019accessoire. Sans dissolvants. Tenir hors de la port\u00e9e des enfants<\/p>\n","protected":false},"featured_media":336,"comment_status":"closed","ping_status":"open","template":"","meta":{"_acf_changed":false},"product_brand":[],"product_cat":[103,51,16],"product_tag":[98],"class_list":{"0":"post-9048","1":"product","2":"type-product","3":"status-publish","4":"has-post-thumbnail","6":"product_cat-adhesivo-montaje","7":"product_cat-adhesivo-universal","8":"product_cat-bricolaje","9":"product_tag-fijar","10":"description-off","12":"first","13":"instock","14":"purchasable","15":"product-type-simple"},"acf":[],"jetpack_sharing_enabled":true,"_links":{"self":[{"href":"https:\/\/gomagom.es\/fr\/wp-json\/wp\/v2\/product\/9048","targetHints":{"allow":["GET"]}}],"collection":[{"href":"https:\/\/gomagom.es\/fr\/wp-json\/wp\/v2\/product"}],"about":[{"href":"https:\/\/gomagom.es\/fr\/wp-json\/wp\/v2\/types\/product"}],"replies":[{"embeddable":true,"href":"https:\/\/gomagom.es\/fr\/wp-json\/wp\/v2\/comments?post=9048"}],"wp:featuredmedia":[{"embeddable":true,"href":"https:\/\/gomagom.es\/fr\/wp-json\/wp\/v2\/media\/336"}],"wp:attachment":[{"href":"https:\/\/gomagom.es\/fr\/wp-json\/wp\/v2\/media?parent=9048"}],"wp:term":[{"taxonomy":"product_brand","embeddable":true,"href":"https:\/\/gomagom.es\/fr\/wp-json\/wp\/v2\/product_brand?post=9048"},{"taxonomy":"product_cat","embeddable":true,"href":"https:\/\/gomagom.es\/fr\/wp-json\/wp\/v2\/product_cat?post=9048"},{"taxonomy":"product_tag","embeddable":true,"href":"https:\/\/gomagom.es\/fr\/wp-json\/wp\/v2\/product_tag?post=9048"}],"curies":[{"name":"wp","href":"https:\/\/api.w.org\/{rel}","templated":true}]}}