{"id":9049,"date":"2024-05-22T15:00:41","date_gmt":"2024-05-22T14:00:41","guid":{"rendered":"https:\/\/gomagom.es\/catalog\/sin%20categor\u00eda\/gomme-magique\/"},"modified":"2025-04-01T15:26:37","modified_gmt":"2025-04-01T13:26:37","slug":"gomme-magique","status":"publish","type":"product","link":"https:\/\/gomagom.es\/fr\/catalog\/gomme-magique\/","title":{"rendered":"GOMME MAGIQUE"},"content":{"rendered":"","protected":false},"excerpt":{"rendered":"<p><span style=\"color: #ff0000;\"><strong>N\u00ba 63<\/strong><\/span> |\u00a0<strong>Ref: GG17041<\/strong>  |\u00a0<i class=\"fa-solid fa-box\"><\/i> 9u. \u00a0<i class=\"fa-solid fa-box fa-2x\"><\/i> 144u.<\/br><br \/>\nId\u00e9ale pour nettoyer des taches et des traces de peinture sur diverses surfaces, en ajoutant<br \/>\nseulement de l\u2019eau. Elle nettoie facilement et en profondeur, en p\u00e9n\u00e9trant dans les pores et les rainures des mat\u00e9riaux suivants: chaussures, parois, bains, m\u00e9taux, jantes de voiture, cuisine, entre autres. Il n\u2019est pas n\u00e9cessaire d\u2019utiliser de produits de nettoyage. Produit respectueux de l\u2019environnement. Facilit\u00e9 d\u2019utilisation. Il ne laisse pas de<br \/>\nr\u00e9sidus. Avant de l\u2019utiliser, il est recommand\u00e9 de le tester au pr\u00e9alable dans un coin.<br \/>\nCe produit n\u2019est pas indiqu\u00e9 pour nettoyer des surfaces tr\u00e8s rugueuses, ou tr\u00e8s polies et<br \/>\nbrillantes. Ne pas l\u2019utiliser sur des mat\u00e9riaux en contact avec des aliments. Tenir hors de la port\u00e9e des enfants.<br \/>\nMODE D&rsquo;EMPLOI:<br \/>\n1.) Humidi er l\u2019\u00e9ponge avec de l\u2019eau et \u00e9liminer<br \/>\nles r\u00e9sidus en appuyant avec la main.<br \/>\n2.) Frotter sur la surface \u00e0 nettoyer, en retirant les<br \/>\nrestes de salet\u00e9 \u00e0 l\u2019aide d\u2019un chi on.<br \/>\n3.) Nettoyer l\u2019\u00e9ponge avec de l\u2019eau, sans trop<br \/>\nl\u2019essorer. Ne pas l\u2019utiliser sur la peau ou le corps.<\/p>\n","protected":false},"featured_media":335,"comment_status":"closed","ping_status":"open","template":"","meta":{"_acf_changed":false},"product_brand":[],"product_cat":[16,62],"product_tag":[97,134],"class_list":{"0":"post-9049","1":"product","2":"type-product","3":"status-publish","4":"has-post-thumbnail","6":"product_cat-bricolaje","7":"product_cat-otros-productos","8":"product_tag-limpiar","9":"product_tag-reparar-pegar","10":"description-off","12":"first","13":"instock","14":"purchasable","15":"product-type-simple"},"acf":[],"jetpack_sharing_enabled":true,"_links":{"self":[{"href":"https:\/\/gomagom.es\/fr\/wp-json\/wp\/v2\/product\/9049","targetHints":{"allow":["GET"]}}],"collection":[{"href":"https:\/\/gomagom.es\/fr\/wp-json\/wp\/v2\/product"}],"about":[{"href":"https:\/\/gomagom.es\/fr\/wp-json\/wp\/v2\/types\/product"}],"replies":[{"embeddable":true,"href":"https:\/\/gomagom.es\/fr\/wp-json\/wp\/v2\/comments?post=9049"}],"wp:featuredmedia":[{"embeddable":true,"href":"https:\/\/gomagom.es\/fr\/wp-json\/wp\/v2\/media\/335"}],"wp:attachment":[{"href":"https:\/\/gomagom.es\/fr\/wp-json\/wp\/v2\/media?parent=9049"}],"wp:term":[{"taxonomy":"product_brand","embeddable":true,"href":"https:\/\/gomagom.es\/fr\/wp-json\/wp\/v2\/product_brand?post=9049"},{"taxonomy":"product_cat","embeddable":true,"href":"https:\/\/gomagom.es\/fr\/wp-json\/wp\/v2\/product_cat?post=9049"},{"taxonomy":"product_tag","embeddable":true,"href":"https:\/\/gomagom.es\/fr\/wp-json\/wp\/v2\/product_tag?post=9049"}],"curies":[{"name":"wp","href":"https:\/\/api.w.org\/{rel}","templated":true}]}}