{"id":9050,"date":"2024-05-22T15:00:41","date_gmt":"2024-05-22T14:00:41","guid":{"rendered":"https:\/\/gomagom.es\/catalog\/sin%20categor\u00eda\/colle-adhesive-total-50ml\/"},"modified":"2025-04-01T15:26:37","modified_gmt":"2025-04-01T13:26:37","slug":"colle-adhesive-total-50ml","status":"publish","type":"product","link":"https:\/\/gomagom.es\/fr\/catalog\/colle-adhesive-total-50ml\/","title":{"rendered":"COLLE ADH\u00c9SIVE TOTAL 50ml"},"content":{"rendered":"","protected":false},"excerpt":{"rendered":"<p><span style=\"color: #ff0000;\"><strong>N\u00ba 64<\/strong><\/span> |\u00a0<strong>Ref: GG17001<\/strong>  |\u00a0<i class=\"fa-solid fa-box\"><\/i> 12u. \u00a0<i class=\"fa-solid fa-box fa-2x\"><\/i> 144u.<\/br><br \/>\nAdh\u00e9sif polyvalent haute technologie pour coller tous types de mat\u00e9riaux. Id\u00e9al pour<br \/>\ndes surfaces lisses et poreuses. Id\u00e9al pour des mat\u00e9riaux d\u00e9licats et souples. S\u00e9chage<br \/>\ntransparent, ultra-r\u00e9sistant, notamment aux impacts et aux vibrations, \u00e0 l\u2019int\u00e9rieur<br \/>\ncomme \u00e0 l\u2019ext\u00e9rieur. R\u00e9sistant aux rayons UV. Sans dissolvants. Il colle les mat\u00e9riaux<br \/>\nsuivants : bois, m\u00e9tal, plastique, tissus, verre, c\u00e9ramique, cuir, etc.<br \/>\nMODE D&rsquo;EMPLOI: Nettoyer les surfaces \u00e0 coller avec de l\u2019alcool. Ne pas utiliser sur des<br \/>\nplastiques tels que poly\u00e9thyl\u00e8ne, polypropyl\u00e8ne et T\u00e9 on. Appliquer l\u2019adh\u00e9sif sur les<br \/>\ndeux surfaces et maintenir la pression pendant 15 min. Adh\u00e9rence initiale au bout de<br \/>\n2 heures et adh\u00e9rence totale au bout de 24 heures. Tenir hors de la port\u00e9e des enfants<\/p>\n","protected":false},"featured_media":329,"comment_status":"closed","ping_status":"open","template":"","meta":{"_acf_changed":false},"product_brand":[],"product_cat":[51,16],"product_tag":[72,134],"class_list":{"0":"post-9050","1":"product","2":"type-product","3":"status-publish","4":"has-post-thumbnail","6":"product_cat-adhesivo-universal","7":"product_cat-bricolaje","8":"product_tag-crear","9":"product_tag-reparar-pegar","10":"description-off","12":"first","13":"instock","14":"purchasable","15":"product-type-simple"},"acf":[],"jetpack_sharing_enabled":true,"_links":{"self":[{"href":"https:\/\/gomagom.es\/fr\/wp-json\/wp\/v2\/product\/9050","targetHints":{"allow":["GET"]}}],"collection":[{"href":"https:\/\/gomagom.es\/fr\/wp-json\/wp\/v2\/product"}],"about":[{"href":"https:\/\/gomagom.es\/fr\/wp-json\/wp\/v2\/types\/product"}],"replies":[{"embeddable":true,"href":"https:\/\/gomagom.es\/fr\/wp-json\/wp\/v2\/comments?post=9050"}],"wp:featuredmedia":[{"embeddable":true,"href":"https:\/\/gomagom.es\/fr\/wp-json\/wp\/v2\/media\/329"}],"wp:attachment":[{"href":"https:\/\/gomagom.es\/fr\/wp-json\/wp\/v2\/media?parent=9050"}],"wp:term":[{"taxonomy":"product_brand","embeddable":true,"href":"https:\/\/gomagom.es\/fr\/wp-json\/wp\/v2\/product_brand?post=9050"},{"taxonomy":"product_cat","embeddable":true,"href":"https:\/\/gomagom.es\/fr\/wp-json\/wp\/v2\/product_cat?post=9050"},{"taxonomy":"product_tag","embeddable":true,"href":"https:\/\/gomagom.es\/fr\/wp-json\/wp\/v2\/product_tag?post=9050"}],"curies":[{"name":"wp","href":"https:\/\/api.w.org\/{rel}","templated":true}]}}