{"id":9053,"date":"2024-05-22T15:00:54","date_gmt":"2024-05-22T14:00:54","guid":{"rendered":"https:\/\/gomagom.es\/catalog\/sin%20categor\u00eda\/silicone-aluminium-50ml\/"},"modified":"2025-04-01T15:26:39","modified_gmt":"2025-04-01T13:26:39","slug":"silicone-aluminium-50ml","status":"publish","type":"product","link":"https:\/\/gomagom.es\/fr\/catalog\/silicone-aluminium-50ml\/","title":{"rendered":"SILICONE ALUMINIUM 50ml"},"content":{"rendered":"","protected":false},"excerpt":{"rendered":"<p><span style=\"color: #ff0000;\"><strong>N\u00ba 67<\/strong><\/span> |\u00a0<strong>Ref: GG14041<\/strong>  |\u00a0<i class=\"fa-solid fa-box\"><\/i> 12u. \u00a0<i class=\"fa-solid fa-box fa-2x\"><\/i> 144u.<\/br><br \/>\nAPPLICATIONS: pour vitrages, scellement de verre, menuiserie, scellement en salles bains et cuisines, etc. Excellente adh\u00e9rence sur verre, l&rsquo;aluminium, c\u00e9ramique, carreaux de fience, vitrifi\u00e9es, surfaces et d&rsquo;autres mat\u00e9riaux non poreux. Tr\u00e8s utile pour le bricolage, sur les automoviles, les remorques, les embarcations, etc. Evite les filtrations d&rsquo;air, d\u2019eau et de poussi\u00e8re, et permet un scellement herm\u00e9tique et r\u00e9sistant \u00e0 intemp\u00e9rie et au vieillissement. Avec le SILICONE NOIR GOMAGOM , vous \u00e9viterez que la moisissure se produise l\u00e0 o\u00f9 vous l&rsquo;aurez appliqu\u00e9. Il reste toujours \u00e9lastique et ne se fendille pas avec le temps. Sa particuli\u00e8re composition le fait sp\u00e9cialement r\u00e9sistant dans les endroits qui sou rent d\u2019un exc\u00e8s d\u2019eau ou d\u2019humidit\u00e9.<br \/>\nMODE D&rsquo;EMPLOI: Bien nettoyer les superficies \u00e0 unir, en \u00e9vitant la poussi\u00e8re, l\u2019eau et la salet\u00e9 en g\u00e9n\u00e9ral. \u00c9tendre \u00e0 l&rsquo;aide d&rsquo;une spatule ou avec le bout des doigts impr\u00e9gn\u00e9s d&rsquo;eau savonneuse. 24 heures plus tard, le joint sera vulcanis\u00e9, vous pourrez alors d\u00e9couper, avec une lame de rasoir, le surplus de silicone.<\/p>\n","protected":false},"featured_media":226,"comment_status":"closed","ping_status":"open","template":"","meta":{"_acf_changed":false},"product_brand":[],"product_cat":[16,53],"product_tag":[71],"class_list":{"0":"post-9053","1":"product","2":"type-product","3":"status-publish","4":"has-post-thumbnail","6":"product_cat-bricolaje","7":"product_cat-selladores-siliconas","8":"product_tag-sellar","9":"description-off","11":"first","12":"instock","13":"purchasable","14":"product-type-simple"},"acf":[],"jetpack_sharing_enabled":true,"_links":{"self":[{"href":"https:\/\/gomagom.es\/fr\/wp-json\/wp\/v2\/product\/9053","targetHints":{"allow":["GET"]}}],"collection":[{"href":"https:\/\/gomagom.es\/fr\/wp-json\/wp\/v2\/product"}],"about":[{"href":"https:\/\/gomagom.es\/fr\/wp-json\/wp\/v2\/types\/product"}],"replies":[{"embeddable":true,"href":"https:\/\/gomagom.es\/fr\/wp-json\/wp\/v2\/comments?post=9053"}],"wp:featuredmedia":[{"embeddable":true,"href":"https:\/\/gomagom.es\/fr\/wp-json\/wp\/v2\/media\/226"}],"wp:attachment":[{"href":"https:\/\/gomagom.es\/fr\/wp-json\/wp\/v2\/media?parent=9053"}],"wp:term":[{"taxonomy":"product_brand","embeddable":true,"href":"https:\/\/gomagom.es\/fr\/wp-json\/wp\/v2\/product_brand?post=9053"},{"taxonomy":"product_cat","embeddable":true,"href":"https:\/\/gomagom.es\/fr\/wp-json\/wp\/v2\/product_cat?post=9053"},{"taxonomy":"product_tag","embeddable":true,"href":"https:\/\/gomagom.es\/fr\/wp-json\/wp\/v2\/product_tag?post=9053"}],"curies":[{"name":"wp","href":"https:\/\/api.w.org\/{rel}","templated":true}]}}