{"id":9055,"date":"2024-05-22T15:00:54","date_gmt":"2024-05-22T14:00:54","guid":{"rendered":"https:\/\/gomagom.es\/catalog\/sin%20categor\u00eda\/pate-a-coller-epoxy-universelle-5g\/"},"modified":"2025-04-01T15:26:40","modified_gmt":"2025-04-01T13:26:40","slug":"pate-a-coller-epoxy-universelle-5g","status":"publish","type":"product","link":"https:\/\/gomagom.es\/fr\/catalog\/pate-a-coller-epoxy-universelle-5g\/","title":{"rendered":"PAT\u00ca \u00c0 COLLER EPOXY UNIVERSELLE 5g"},"content":{"rendered":"","protected":false},"excerpt":{"rendered":"<p><span style=\"color: #ff0000;\"><strong>N\u00ba 69<\/strong><\/span> |\u00a0<strong>Ref: GG13171<\/strong>  |\u00a0<i class=\"fa-solid fa-box\"><\/i> 12u. \u00a0<i class=\"fa-solid fa-box fa-2x\"><\/i> 144u.<\/br><br \/>\nCARACT\u00c9RISTIQUES ET APPLICATIONS: Mastic epoxy a deux composants qui r\u00e9agissent chimiquement en se melangeant. Rapide et de grande r\u00e9sistance. Il blanchit une fois sec. Il peut \u00eatre lim\u00e9, peint et verni. Utilisable pour coller de la pierre, du m\u00e9tal, du bois, de la c\u00e9ramique, de la porcelaine, du verre, du plastique (sauf le poly\u00e9thyl\u00e8ne, le polypropyl\u00e8ne et le te on). DURCIT SOUS L\u2019EAU. Tr\u00e8s utile pour les travaux de bricolage et pour tout type de r\u00e9paration \u00e0 la maison.<br \/>\nMODE D\u2019EMPLOI: Appliquer sur des surfaces propres, s\u00e8ches et sans graisse. Couper la quantit\u00e9 n\u00e9cessaire de la barre et retirer le papier transparent. Malaxer avec les doigts jusqu\u2019\u00e0 ce que le produit devienne de couleur blanche. Une fois le m\u00e9lange r\u00e9alis\u00e9, vous disposez de 2 minutes pour appliquer le produit. Appliquer le m\u00e9lange sur une des<br \/>\nsurfaces \u00e0 unir en exer\u00e7ant une l\u00e9g\u00e8re pression. Temps de durcissement: 15 \u00e0 20 minutes. R\u00e9sistance maximale apr\u00e8s 4 heures+D67D66<\/p>\n","protected":false},"featured_media":215,"comment_status":"closed","ping_status":"open","template":"","meta":{"_acf_changed":false},"product_brand":[],"product_cat":[58,16],"product_tag":[134],"class_list":{"0":"post-9055","1":"product","2":"type-product","3":"status-publish","4":"has-post-thumbnail","6":"product_cat-adhesivo-epoxy-2-componentes","7":"product_cat-bricolaje","8":"product_tag-reparar-pegar","9":"description-off","11":"first","12":"instock","13":"purchasable","14":"product-type-simple"},"acf":[],"jetpack_sharing_enabled":true,"_links":{"self":[{"href":"https:\/\/gomagom.es\/fr\/wp-json\/wp\/v2\/product\/9055","targetHints":{"allow":["GET"]}}],"collection":[{"href":"https:\/\/gomagom.es\/fr\/wp-json\/wp\/v2\/product"}],"about":[{"href":"https:\/\/gomagom.es\/fr\/wp-json\/wp\/v2\/types\/product"}],"replies":[{"embeddable":true,"href":"https:\/\/gomagom.es\/fr\/wp-json\/wp\/v2\/comments?post=9055"}],"wp:featuredmedia":[{"embeddable":true,"href":"https:\/\/gomagom.es\/fr\/wp-json\/wp\/v2\/media\/215"}],"wp:attachment":[{"href":"https:\/\/gomagom.es\/fr\/wp-json\/wp\/v2\/media?parent=9055"}],"wp:term":[{"taxonomy":"product_brand","embeddable":true,"href":"https:\/\/gomagom.es\/fr\/wp-json\/wp\/v2\/product_brand?post=9055"},{"taxonomy":"product_cat","embeddable":true,"href":"https:\/\/gomagom.es\/fr\/wp-json\/wp\/v2\/product_cat?post=9055"},{"taxonomy":"product_tag","embeddable":true,"href":"https:\/\/gomagom.es\/fr\/wp-json\/wp\/v2\/product_tag?post=9055"}],"curies":[{"name":"wp","href":"https:\/\/api.w.org\/{rel}","templated":true}]}}