{"id":9056,"date":"2024-05-22T15:00:54","date_gmt":"2024-05-22T14:00:54","guid":{"rendered":"https:\/\/gomagom.es\/catalog\/sin%20categor\u00eda\/ruban-autovulcanisant-noir\/"},"modified":"2025-04-01T15:26:40","modified_gmt":"2025-04-01T13:26:40","slug":"ruban-autovulcanisant-noir","status":"publish","type":"product","link":"https:\/\/gomagom.es\/fr\/catalog\/ruban-autovulcanisant-noir\/","title":{"rendered":"RUBAN AUTOVULCANISANT NOIR"},"content":{"rendered":"","protected":false},"excerpt":{"rendered":"<p><span style=\"color: #ff0000;\"><strong>N\u00ba 70<\/strong><\/span> |\u00a0<strong>Ref: GG15571<\/strong>  |\u00a0<i class=\"fa-solid fa-box\"><\/i> 12u. \u00a0<i class=\"fa-solid fa-box fa-2x\"><\/i> 72u.<\/br><br \/>\nId\u00e9al pour des r\u00e9parations \u00e9lectriques, des fuites et bien plus. R\u00e9sistant \u00e0 l\u2019eau et aux rayons UV. Ruban autovulcanisant GOMAGOM tr\u00e8s polyvalent pour diverses r\u00e9parations domestiques. Fabriqu\u00e9 sans aucun type d\u2019adh\u00e9sif, ce ruban auto-soudable et auto-fusionnant permet de faire des r\u00e9parations e caces. Il r\u00e9siste \u00e0 l\u2019eau, aux rayons UV, aux sels chimiques corrosifs et aux huiles. Il remplace le ruban isolant traditionnel et sa capacit\u00e9 d\u2019isolation va jusqu\u2019\u00e0 20 000 volts. Il r\u00e9siste \u00e0 des temp\u00e9ratures de -50 \u00baC \u00e0 180 \u00baC. Ce ruban \u00e0 base de silicone ne perd pas sa souplesse. Il est indiqu\u00e9 pour r\u00e9parer des installations \u00e9lectriques, des c\u00e2bles endommag\u00e9s, de petites fuites dans les canalisations, tuyaux et  exibles. Il est aussi d\u2019une grande utilit\u00e9 pour tous les d\u00e9pannages d\u2019urgence. Ce ruban auto-fusionnant fonctionne tr\u00e8s bien sur une infinit\u00e9 de substrats, comme le cuivre, le plastique, le PVC, le caoutchouc et bien d\u2019autres mat\u00e9riaux.<br \/>\nMODE D\u2019EMPLOI: 1. Coupez le morceau de ruban n\u00e9cessaire pour la r\u00e9paration que vous souhaitez r\u00e9aliser. 2. Retirez le film transparent de<br \/>\nprotection du ruban. 3. Enroulez le ruban autour de la pi\u00e8ce, jusqu\u2019\u00e0 ce qu\u2019il se double sur lui-m\u00eame. Remarque: Il n\u2019existe pas de c\u00f4t\u00e9 sp\u00e9ci que pour enrouler le ruban. Les deux c\u00f4t\u00e9s fonctionnent. Chaque nouvelle couche de ruban recouvre la<br \/>\npi\u00e8ce et le ruban, lui permettant ainsi de s\u2019auto-fusionner. Pour retirer le ruban, il su t de le couper, en prenant soin de ne pas endommager la partie de la pi\u00e8ce o\u00f9 il \u00e9tait appliqu\u00e9. Le ruban ne laisse pas de traces d\u2019adh\u00e9sif. Important : Pour votre s\u00e9curit\u00e9, avant tout type de r\u00e9paration \u00e9lectrique, assurez-vous que le dispositif n\u2019est pas allum\u00e9, branch\u00e9 au secteur ou situ\u00e9 \u00e0 proximit\u00e9 d\u2019une source de courant \u00e9lectrique. Composition: Ruban \u00e0 base de polym\u00e8res de silicone. \u00c7a ne casse pas.<br \/>\nFlexible.<\/p>\n","protected":false},"featured_media":275,"comment_status":"closed","ping_status":"open","template":"","meta":{"_acf_changed":false},"product_brand":[],"product_cat":[56,16,63],"product_tag":[134,71],"class_list":{"0":"post-9056","1":"product","2":"type-product","3":"status-publish","4":"has-post-thumbnail","6":"product_cat-adhesivo-especifico","7":"product_cat-bricolaje","8":"product_cat-cintas-adhesivas-bricolaje","9":"product_tag-reparar-pegar","10":"product_tag-sellar","11":"description-off","13":"first","14":"instock","15":"purchasable","16":"product-type-simple"},"acf":[],"jetpack_sharing_enabled":true,"_links":{"self":[{"href":"https:\/\/gomagom.es\/fr\/wp-json\/wp\/v2\/product\/9056","targetHints":{"allow":["GET"]}}],"collection":[{"href":"https:\/\/gomagom.es\/fr\/wp-json\/wp\/v2\/product"}],"about":[{"href":"https:\/\/gomagom.es\/fr\/wp-json\/wp\/v2\/types\/product"}],"replies":[{"embeddable":true,"href":"https:\/\/gomagom.es\/fr\/wp-json\/wp\/v2\/comments?post=9056"}],"wp:featuredmedia":[{"embeddable":true,"href":"https:\/\/gomagom.es\/fr\/wp-json\/wp\/v2\/media\/275"}],"wp:attachment":[{"href":"https:\/\/gomagom.es\/fr\/wp-json\/wp\/v2\/media?parent=9056"}],"wp:term":[{"taxonomy":"product_brand","embeddable":true,"href":"https:\/\/gomagom.es\/fr\/wp-json\/wp\/v2\/product_brand?post=9056"},{"taxonomy":"product_cat","embeddable":true,"href":"https:\/\/gomagom.es\/fr\/wp-json\/wp\/v2\/product_cat?post=9056"},{"taxonomy":"product_tag","embeddable":true,"href":"https:\/\/gomagom.es\/fr\/wp-json\/wp\/v2\/product_tag?post=9056"}],"curies":[{"name":"wp","href":"https:\/\/api.w.org\/{rel}","templated":true}]}}