{"id":9057,"date":"2024-05-22T15:00:54","date_gmt":"2024-05-22T14:00:54","guid":{"rendered":"https:\/\/gomagom.es\/catalog\/sin%20categor\u00eda\/colle-pour-tuyauteries-en-pvc-250ml\/"},"modified":"2025-04-01T15:26:41","modified_gmt":"2025-04-01T13:26:41","slug":"colle-pour-tuyauteries-en-pvc-250ml","status":"publish","type":"product","link":"https:\/\/gomagom.es\/fr\/catalog\/colle-pour-tuyauteries-en-pvc-250ml\/","title":{"rendered":"COLLE POUR TUYAUTERIES EN PVC 250ml"},"content":{"rendered":"","protected":false},"excerpt":{"rendered":"<p><span style=\"color: #ff0000;\"><strong>N\u00ba 71<\/strong><\/span> |\u00a0<strong>Ref: GG13181<\/strong>  |\u00a0<i class=\"fa-solid fa-box\"><\/i> 6u. \u00a0<i class=\"fa-solid fa-box fa-2x\"><\/i> 18u.<\/br><br \/>\nPOUR COLLER: Des tuyau et tuyauteries en PVC rigide, des canalisations, des installations,<br \/>\ndes reparations et tous objets en PVC. La COLLE PVC GOMAGOM colle parfaitement le plastique rigide en PVC, sp\u00e9cialement<br \/>\ncanalisations d\u2019eau, soumis \u00e0 pression. Plus de fuites, assemblage parfait et tr\u00e8s r\u00e9sistant.<br \/>\nMODE D\u2019EMPLOI: Appliquer une couche mince de produit sur les deux surfaces \u00e0 encoller,<br \/>\nelles doivent \u00eatre propres et s\u00e8ches. Accoupler les tubes \u00e0 encoiller sans tourner, Commence \u00e0 r\u00e9sister \u00e0 la pression au bout de 6 heures, la r\u00e9sistance sera maximale au bout 12 heures.<\/p>\n","protected":false},"featured_media":217,"comment_status":"closed","ping_status":"open","template":"","meta":{"_acf_changed":false},"product_brand":[],"product_cat":[94,16],"product_tag":[134,71],"class_list":{"0":"post-9057","1":"product","2":"type-product","3":"status-publish","4":"has-post-thumbnail","6":"product_cat-adhesivo-para-plasticos","7":"product_cat-bricolaje","8":"product_tag-reparar-pegar","9":"product_tag-sellar","10":"description-off","12":"first","13":"instock","14":"purchasable","15":"product-type-simple"},"acf":[],"jetpack_sharing_enabled":true,"_links":{"self":[{"href":"https:\/\/gomagom.es\/fr\/wp-json\/wp\/v2\/product\/9057","targetHints":{"allow":["GET"]}}],"collection":[{"href":"https:\/\/gomagom.es\/fr\/wp-json\/wp\/v2\/product"}],"about":[{"href":"https:\/\/gomagom.es\/fr\/wp-json\/wp\/v2\/types\/product"}],"replies":[{"embeddable":true,"href":"https:\/\/gomagom.es\/fr\/wp-json\/wp\/v2\/comments?post=9057"}],"wp:featuredmedia":[{"embeddable":true,"href":"https:\/\/gomagom.es\/fr\/wp-json\/wp\/v2\/media\/217"}],"wp:attachment":[{"href":"https:\/\/gomagom.es\/fr\/wp-json\/wp\/v2\/media?parent=9057"}],"wp:term":[{"taxonomy":"product_brand","embeddable":true,"href":"https:\/\/gomagom.es\/fr\/wp-json\/wp\/v2\/product_brand?post=9057"},{"taxonomy":"product_cat","embeddable":true,"href":"https:\/\/gomagom.es\/fr\/wp-json\/wp\/v2\/product_cat?post=9057"},{"taxonomy":"product_tag","embeddable":true,"href":"https:\/\/gomagom.es\/fr\/wp-json\/wp\/v2\/product_tag?post=9057"}],"curies":[{"name":"wp","href":"https:\/\/api.w.org\/{rel}","templated":true}]}}