{"id":9064,"date":"2024-05-22T15:00:54","date_gmt":"2024-05-22T14:00:54","guid":{"rendered":"https:\/\/gomagom.es\/catalog\/sin%20categor\u00eda\/mastic-a-bois-wenge-50ml\/"},"modified":"2025-04-01T15:26:45","modified_gmt":"2025-04-01T13:26:45","slug":"mastic-a-bois-wenge-50ml","status":"publish","type":"product","link":"https:\/\/gomagom.es\/fr\/catalog\/mastic-a-bois-wenge-50ml\/","title":{"rendered":"MASTIC \u00c0 BOIS WENG\u00c9 50ml"},"content":{"rendered":"","protected":false},"excerpt":{"rendered":"<p><span style=\"color: #ff0000;\"><strong>N\u00ba 78<\/strong><\/span> |\u00a0<strong>Ref: GG16991<\/strong>  |\u00a0<i class=\"fa-solid fa-box\"><\/i> 12u. \u00a0<i class=\"fa-solid fa-box fa-2x\"><\/i> 144u.<\/br><br \/>\nApplication : Id\u00e9al pour boucher des  ssures sur le bois, ou entre le bois et d\u2019autres<br \/>\nmat\u00e9riaux comme le pl\u00e2tre, le ciment, le placo, le verre, le gr\u00e8s, la c\u00e9ramique, l\u2019aluminium, etc. Il r\u00e9siste \u00e0 l\u2019humidit\u00e9, il est  exible et il peut \u00eatre peint. Pour sceller joints de parquets, plinthes, montants de portes et de fen\u00eatres, et tous types de rev\u00eatements en bois. Avec le MASTIC \u00c0 BOIS GOMAGOM, vous \u00e9viterez que la moisissure s\u2019installe l\u00e0 o\u00f9 vous l&rsquo;aurez appliqu\u00e9. Il reste toujours \u00e9lastique et ne se craquelle pas avec le temps. Sa composition particuli\u00e8re le rende tr\u00e8s r\u00e9sistant dans les endroits qui sou rent d\u2019un exc\u00e8s d\u2019eau ou d\u2019humidit\u00e9.<br \/>\nMODE D&rsquo;EMPLOI: Bien nettoyer les super cies \u00e0 unir, en \u00e9vitant la poussi\u00e8re, l\u2019eau et la<br \/>\nsalet\u00e9 en g\u00e9n\u00e9ral. \u00c9tendre \u00e0 l&rsquo;aide d&rsquo;une spatule ou avec le bout des doigts impr\u00e9gn\u00e9s<br \/>\nd&rsquo;eau savonneuse. 24 heures plus tard, le joint sera totalement sec, vous pourrez alors<br \/>\nd\u00e9couper, avec une lame de rasoir, le surplus de mastic.<\/p>\n","protected":false},"featured_media":327,"comment_status":"closed","ping_status":"open","template":"","meta":{"_acf_changed":false},"product_brand":[],"product_cat":[56,16,53],"product_tag":[71],"class_list":{"0":"post-9064","1":"product","2":"type-product","3":"status-publish","4":"has-post-thumbnail","6":"product_cat-adhesivo-especifico","7":"product_cat-bricolaje","8":"product_cat-selladores-siliconas","9":"product_tag-sellar","10":"description-off","12":"first","13":"instock","14":"purchasable","15":"product-type-simple"},"acf":[],"jetpack_sharing_enabled":true,"_links":{"self":[{"href":"https:\/\/gomagom.es\/fr\/wp-json\/wp\/v2\/product\/9064","targetHints":{"allow":["GET"]}}],"collection":[{"href":"https:\/\/gomagom.es\/fr\/wp-json\/wp\/v2\/product"}],"about":[{"href":"https:\/\/gomagom.es\/fr\/wp-json\/wp\/v2\/types\/product"}],"replies":[{"embeddable":true,"href":"https:\/\/gomagom.es\/fr\/wp-json\/wp\/v2\/comments?post=9064"}],"wp:featuredmedia":[{"embeddable":true,"href":"https:\/\/gomagom.es\/fr\/wp-json\/wp\/v2\/media\/327"}],"wp:attachment":[{"href":"https:\/\/gomagom.es\/fr\/wp-json\/wp\/v2\/media?parent=9064"}],"wp:term":[{"taxonomy":"product_brand","embeddable":true,"href":"https:\/\/gomagom.es\/fr\/wp-json\/wp\/v2\/product_brand?post=9064"},{"taxonomy":"product_cat","embeddable":true,"href":"https:\/\/gomagom.es\/fr\/wp-json\/wp\/v2\/product_cat?post=9064"},{"taxonomy":"product_tag","embeddable":true,"href":"https:\/\/gomagom.es\/fr\/wp-json\/wp\/v2\/product_tag?post=9064"}],"curies":[{"name":"wp","href":"https:\/\/api.w.org\/{rel}","templated":true}]}}