{"id":9067,"date":"2024-05-22T15:00:54","date_gmt":"2024-05-22T14:00:54","guid":{"rendered":"https:\/\/gomagom.es\/catalog\/sin%20categor\u00eda\/colle-de-contact-neoprene-transparente-50ml\/"},"modified":"2025-04-01T15:26:46","modified_gmt":"2025-04-01T13:26:46","slug":"colle-de-contact-neoprene-transparente-50ml","status":"publish","type":"product","link":"https:\/\/gomagom.es\/fr\/catalog\/colle-de-contact-neoprene-transparente-50ml\/","title":{"rendered":"COLLE DE CONTACT N\u00c9OPR\u00c8NE TRANSPARENTE 50ml"},"content":{"rendered":"","protected":false},"excerpt":{"rendered":"<p><span style=\"color: #ff0000;\"><strong>N\u00ba 81<\/strong><\/span> |\u00a0<strong>Ref: GG16341<\/strong>  |\u00a0<i class=\"fa-solid fa-box\"><\/i> 12u. \u00a0<i class=\"fa-solid fa-box fa-2x\"><\/i> 144u.<\/br><br \/>\nPOUR COLLER: Du formica, du bois, du conglom\u00e9rat, du plaqu\u00e9, du t\u00f4lage (m\u00e9tal), de la<br \/>\ngomme, du cuir, des tissus, de la fa\u00efence, du li\u00e8ge, des moquettes, des m\u00e9taux, des<br \/>\nplastiques, etc. La COLLE DE CONTACT N\u00c9OPR\u00c8NE TRANSPARENTE GomaGom est id\u00e9ale pour son utilisation avec des mat\u00e9riaux poreux et non poreux. Elle colle parfaitement deux super cies \u00e0 joindre de mani\u00e8re d\u00e9 nitive. Id\u00e9al pour coller des mat\u00e9riaux de couleur blanche.<br \/>\nMODE D\u2019EMPLOI: les surfaces \u00e0 coller doivent \u00eatre propres, s\u00e8ches et sans poussi\u00e8re ou graisse. Appliquer une  ne couche d\u2019adh\u00e9sif sur les deux super cies. Laisser s\u00e9cher jusqu\u2019\u00e0 ce que la colle ne se colle pas au contact des doigts (5 minutes aprox.). Puis, unir les deux superficies en e ectuant une pression su ssante (avec les mains, un marteau, un rouleau, etc.) pour obtenir le contact total de celles-ci.<\/p>\n","protected":false},"featured_media":312,"comment_status":"closed","ping_status":"open","template":"","meta":{"_acf_changed":false},"product_brand":[],"product_cat":[52,16],"product_tag":[134],"class_list":{"0":"post-9067","1":"product","2":"type-product","3":"status-publish","4":"has-post-thumbnail","6":"product_cat-adhesivo-contacto","7":"product_cat-bricolaje","8":"product_tag-reparar-pegar","9":"description-off","11":"first","12":"instock","13":"purchasable","14":"product-type-simple"},"acf":[],"jetpack_sharing_enabled":true,"_links":{"self":[{"href":"https:\/\/gomagom.es\/fr\/wp-json\/wp\/v2\/product\/9067","targetHints":{"allow":["GET"]}}],"collection":[{"href":"https:\/\/gomagom.es\/fr\/wp-json\/wp\/v2\/product"}],"about":[{"href":"https:\/\/gomagom.es\/fr\/wp-json\/wp\/v2\/types\/product"}],"replies":[{"embeddable":true,"href":"https:\/\/gomagom.es\/fr\/wp-json\/wp\/v2\/comments?post=9067"}],"wp:featuredmedia":[{"embeddable":true,"href":"https:\/\/gomagom.es\/fr\/wp-json\/wp\/v2\/media\/312"}],"wp:attachment":[{"href":"https:\/\/gomagom.es\/fr\/wp-json\/wp\/v2\/media?parent=9067"}],"wp:term":[{"taxonomy":"product_brand","embeddable":true,"href":"https:\/\/gomagom.es\/fr\/wp-json\/wp\/v2\/product_brand?post=9067"},{"taxonomy":"product_cat","embeddable":true,"href":"https:\/\/gomagom.es\/fr\/wp-json\/wp\/v2\/product_cat?post=9067"},{"taxonomy":"product_tag","embeddable":true,"href":"https:\/\/gomagom.es\/fr\/wp-json\/wp\/v2\/product_tag?post=9067"}],"curies":[{"name":"wp","href":"https:\/\/api.w.org\/{rel}","templated":true}]}}