{"id":9069,"date":"2024-05-22T15:00:54","date_gmt":"2024-05-22T14:00:54","guid":{"rendered":"https:\/\/gomagom.es\/catalog\/sin%20categor\u00eda\/adhesif-miroirs-50ml\/"},"modified":"2025-04-01T15:26:50","modified_gmt":"2025-04-01T13:26:50","slug":"adhesif-miroirs-50ml","status":"publish","type":"product","link":"https:\/\/gomagom.es\/fr\/catalog\/adhesif-miroirs-50ml\/","title":{"rendered":"ADH\u00c9SIF MIROIRS 50ml"},"content":{"rendered":"","protected":false},"excerpt":{"rendered":"<p><span style=\"color: #ff0000;\"><strong>N\u00ba 83<\/strong><\/span> |\u00a0<strong>Ref: GG14591<\/strong>  |\u00a0<i class=\"fa-solid fa-box\"><\/i> 12u. \u00a0<i class=\"fa-solid fa-box fa-2x\"><\/i> 144u.<\/br><br \/>\nAdh\u00e9sif de  xation pour Miroirs GOMAGOM est un adh\u00e9sif \u00e1 la pointe de la technologie. Innovant et durable, sa formule a \u00e9t\u00e9<br \/>\nd\u00e9velopp\u00e9e sans agents nocifs, comme des solvants, des acides ou des isocyanates et, par cons\u00e9quent, ne nuit ni \u00e1 la sant\u00e9 ni a<br \/>\nl&rsquo;environnement. Ce produit est utilis\u00e9 notamment pour l\u2019installation, la  xation et sceller vos miroirs. Son odeur est agr\u00e9able. II ne fait<br \/>\npas de bulles et ne laisse pas de taches.<br \/>\nMODE D&rsquo;EMPLOI: 1. V\u00e9ri ez si la surface A coller est de niveau et propre, et qu&rsquo;elle ne comporte<br \/>\nni poussi\u00e9re ni graisse susceptible de compromettre l&rsquo;adh\u00e9rence. 2. Nettoyez le c\u00f3t\u00e9 peint du miroir a |&rsquo;aide d&rsquo;un chi on doux imbib\u00e9<br \/>\nd&rsquo;alcool. Passez un chi on sec pour retirer l&rsquo;exc\u00e9s d&rsquo;humidit\u00e9. 3. Brisez l&rsquo;operculea a l&rsquo;aide du bouchon, coupez aussit\u00f3t &#8217;embout<br \/>\napplicateur \u00e1 un angle de 45\u201d et une \u00e9paisseur minimale de 6 mm. Vissez l&#8217;embout applicateur sur le tube. 4. Appliquez des cordons<br \/>\ndroits, verticaux et \u00e9quidistants sur la partie arri\u00e9re du miroir. La quantit\u00e9 de produit \u00e1 utiliser d\u00e9pend de la taille et de |&rsquo;\u00e9paisseur du<br \/>\nmiroir. 5. Apres avoir appliqu\u00e9 |&rsquo;adh\u00e9sif, assemblez les surfaces en respectant la distance de 3 mm entre le miroir et le mur a n de<br \/>\npermettre l&rsquo;\u00e9vacuation de I&rsquo;humidit\u00e9. LEotes les r\u00e9glages de positionnement du miroir au plus tard 10 minutes apr\u00e9s l&rsquo;assemblage.<br \/>\nCalez le miroir pour permettre l&rsquo;adh\u00e9rence initiale. Les cales doivent \u00e9tre retir\u00e9es dans un intervalle de temps de 4 a 6 heures, en<br \/>\nfonction des dimensions du miroir. Composition chimique : Carbonate de calcium, Di-iso-nonyl phtalate, dioxyde de titane.<\/p>\n","protected":false},"featured_media":229,"comment_status":"closed","ping_status":"open","template":"","meta":{"_acf_changed":false},"product_brand":[],"product_cat":[56,16,62],"product_tag":[98],"class_list":{"0":"post-9069","1":"product","2":"type-product","3":"status-publish","4":"has-post-thumbnail","6":"product_cat-adhesivo-especifico","7":"product_cat-bricolaje","8":"product_cat-otros-productos","9":"product_tag-fijar","10":"description-off","12":"first","13":"instock","14":"purchasable","15":"product-type-simple"},"acf":[],"jetpack_sharing_enabled":true,"_links":{"self":[{"href":"https:\/\/gomagom.es\/fr\/wp-json\/wp\/v2\/product\/9069","targetHints":{"allow":["GET"]}}],"collection":[{"href":"https:\/\/gomagom.es\/fr\/wp-json\/wp\/v2\/product"}],"about":[{"href":"https:\/\/gomagom.es\/fr\/wp-json\/wp\/v2\/types\/product"}],"replies":[{"embeddable":true,"href":"https:\/\/gomagom.es\/fr\/wp-json\/wp\/v2\/comments?post=9069"}],"wp:featuredmedia":[{"embeddable":true,"href":"https:\/\/gomagom.es\/fr\/wp-json\/wp\/v2\/media\/229"}],"wp:attachment":[{"href":"https:\/\/gomagom.es\/fr\/wp-json\/wp\/v2\/media?parent=9069"}],"wp:term":[{"taxonomy":"product_brand","embeddable":true,"href":"https:\/\/gomagom.es\/fr\/wp-json\/wp\/v2\/product_brand?post=9069"},{"taxonomy":"product_cat","embeddable":true,"href":"https:\/\/gomagom.es\/fr\/wp-json\/wp\/v2\/product_cat?post=9069"},{"taxonomy":"product_tag","embeddable":true,"href":"https:\/\/gomagom.es\/fr\/wp-json\/wp\/v2\/product_tag?post=9069"}],"curies":[{"name":"wp","href":"https:\/\/api.w.org\/{rel}","templated":true}]}}