{"id":9070,"date":"2024-05-22T15:00:54","date_gmt":"2024-05-22T14:00:54","guid":{"rendered":"https:\/\/gomagom.es\/catalog\/sin%20categor\u00eda\/fruban-adhesif-extrafort-double-face\/"},"modified":"2025-04-01T15:26:50","modified_gmt":"2025-04-01T13:26:50","slug":"fruban-adhesif-extrafort-double-face","status":"publish","type":"product","link":"https:\/\/gomagom.es\/fr\/catalog\/fruban-adhesif-extrafort-double-face\/","title":{"rendered":"FRUBAN ADH\u00c9SIF EXTRAFORT DOUBLE FACE"},"content":{"rendered":"","protected":false},"excerpt":{"rendered":"<p><span style=\"color: #ff0000;\"><strong>N\u00ba 85<\/strong><\/span> |\u00a0<strong>Ref: GG15511<\/strong>  |\u00a0<i class=\"fa-solid fa-box\"><\/i> 15u. \u00a0<i class=\"fa-solid fa-box fa-2x\"><\/i> 300u.<\/br><br \/>\nLe ruban adh\u00e9sif GOMAGOM a \u00e9t\u00e9 sp\u00e9cialement con\u00e7u pour assurer une fixation extraforte d\u2019une mani\u00e8re facile, rapide et s\u00fbre. Gr\u00e2ce \u00e0 ce ruban adh\u00e9sif, vous pourrez accrocher des tableaux, des pi\u00e8ces de d\u00e9coration, des goulottes de c\u00e2blage et bien d\u2019autres objets. Il offre une tr\u00e8s bonne adh\u00e9rence sur le bois, les murs, le verre, l\u2019acrylique et le m\u00e9tal. MODE D\u2019EMPLOI: 1.- Marquez la surface sur laquelle vous souhaitez appliquer l\u2019adh\u00e9sif. 2.- Nettoyez bien la surface avec de l\u2019alcool pour \u00e9liminer les r\u00e9sidus de graisse ou de poussi\u00e8re. Important : l\u2019utilisation de d\u00e9tergents ou autres produits de nettoyage peut affecter l\u2019efficacit\u00e9 du ruban adh\u00e9sif. 3.- Retirez le film protecteur et appliquez le ruban sur l\u2019objet souhait\u00e9. 4.- Maintenez une forte pression sur l\u2019objet pendant 1 minute, \u00e0 l\u2019endroit souhait\u00e9, afin d\u2019am\u00e9liorer l\u2019adh\u00e9rence et la force du ruban. IMPORTANT :<br \/>\n1.- Plus la zone de contact du ruban sera grande, plus l\u2019application sera r\u00e9sistante. \u00c9vitez d\u2019appliquer le ruban adh\u00e9sif sur des surfaces irr\u00e9guli\u00e8res ou pr\u00e9sentant des finitions texturis\u00e9es. 2.- Ce produit n\u2019a pas \u00e9t\u00e9 con\u00e7u pour supporter des objets tridimensionnels de grand volume comme des \u00e9tag\u00e8res. Il est d\u00e9conseill\u00e9 de l\u2019appliquer sur des objets susceptibles d\u2019exercer une force pendulaire. 3.- Prenez soin de v\u00e9rifier la surface sur<br \/>\nlaquelle vous allez appliquer le ruban. Si vous devez retirer le ruban, tenez compte du fait que sa force d\u2019adh\u00e9rence pourrait entra\u00eener des dommages sur des surfaces peintes ou des enduits peu r\u00e9sistants. 4.- Le ruban atteint sa capacit\u00e9 de charge totale 48 heures apr\u00e8s son application. 5.- Il est recommand\u00e9 de l\u2019appliquer \u00e0 des temp\u00e9ratures situ\u00e9es entre 5 \u00baC et 40 \u00baC. Restrictions : Ne pas utiliser ce produit avec des dissolvants.<br \/>\nNe pas appliquer ce produit sur des tapisseries. Il est d\u00e9conseill\u00e9 de superposer des morceaux de ruban ou de l\u2019utiliser comme un adh\u00e9sif de<br \/>\nstructure. Composition : Ruban form\u00e9 par un film de poly\u00e9thyl\u00e8ne et un adh\u00e9sif acrylique.<\/p>\n","protected":false},"featured_media":269,"comment_status":"closed","ping_status":"open","template":"","meta":{"_acf_changed":false},"product_brand":[],"product_cat":[16,63],"product_tag":[98],"class_list":{"0":"post-9070","1":"product","2":"type-product","3":"status-publish","4":"has-post-thumbnail","6":"product_cat-bricolaje","7":"product_cat-cintas-adhesivas-bricolaje","8":"product_tag-fijar","9":"description-off","11":"first","12":"instock","13":"purchasable","14":"product-type-simple"},"acf":[],"jetpack_sharing_enabled":true,"_links":{"self":[{"href":"https:\/\/gomagom.es\/fr\/wp-json\/wp\/v2\/product\/9070","targetHints":{"allow":["GET"]}}],"collection":[{"href":"https:\/\/gomagom.es\/fr\/wp-json\/wp\/v2\/product"}],"about":[{"href":"https:\/\/gomagom.es\/fr\/wp-json\/wp\/v2\/types\/product"}],"replies":[{"embeddable":true,"href":"https:\/\/gomagom.es\/fr\/wp-json\/wp\/v2\/comments?post=9070"}],"wp:featuredmedia":[{"embeddable":true,"href":"https:\/\/gomagom.es\/fr\/wp-json\/wp\/v2\/media\/269"}],"wp:attachment":[{"href":"https:\/\/gomagom.es\/fr\/wp-json\/wp\/v2\/media?parent=9070"}],"wp:term":[{"taxonomy":"product_brand","embeddable":true,"href":"https:\/\/gomagom.es\/fr\/wp-json\/wp\/v2\/product_brand?post=9070"},{"taxonomy":"product_cat","embeddable":true,"href":"https:\/\/gomagom.es\/fr\/wp-json\/wp\/v2\/product_cat?post=9070"},{"taxonomy":"product_tag","embeddable":true,"href":"https:\/\/gomagom.es\/fr\/wp-json\/wp\/v2\/product_tag?post=9070"}],"curies":[{"name":"wp","href":"https:\/\/api.w.org\/{rel}","templated":true}]}}