{"id":9071,"date":"2024-05-22T15:01:06","date_gmt":"2024-05-22T14:01:06","guid":{"rendered":"https:\/\/gomagom.es\/catalog\/sin%20categor\u00eda\/silicone-pour-joints-50ml\/"},"modified":"2025-04-01T15:26:51","modified_gmt":"2025-04-01T13:26:51","slug":"silicone-pour-joints-50ml","status":"publish","type":"product","link":"https:\/\/gomagom.es\/fr\/catalog\/silicone-pour-joints-50ml\/","title":{"rendered":"SILICONE POUR JOINTS 50ml"},"content":{"rendered":"","protected":false},"excerpt":{"rendered":"<p><span style=\"color: #ff0000;\"><strong>N\u00ba 86<\/strong><\/span> |\u00a0<strong>Ref: GG14601<\/strong>  |\u00a0<i class=\"fa-solid fa-box\"><\/i> 12u. \u00a0<i class=\"fa-solid fa-box fa-2x\"><\/i> 144u.<\/br><br \/>\nApplication: Con\u00e7u pour l\u2019industrie et le secteur automobile. Ce produit sert \u00e0 former des joints en silicone<br \/>\npour moteurs, transmissions, pompes \u00e0 eau, \u00e0 huile et \u00e0 carburant. Il ne s\u2019\u00e9coule pas et adh\u00e8re parfaitement<br \/>\n\u00e0 n\u2019importe quelle surface m\u00e9tallique et non m\u00e9tallique. Propri\u00e9t\u00e9s: Grande  exibilit\u00e9. Haute r\u00e9sistance aux<br \/>\nvibrations continues. Haute r\u00e9sistance chimique aux solvants, lubri ants et combustibles. Haute r\u00e9sistance<br \/>\nthermique (de -50 \u00e0 230 \u00baC).<br \/>\nMODE D&rsquo;EMPLOI: Retirez le joint us\u00e9. Nettoyez compl\u00e8tement les surfaces \u00e0<br \/>\nassembler. Perforez l\u2019opercule du tube, placez la canule et appliquez le produit uniform\u00e9ment. Attendez<br \/>\nquelques minutes avant d\u2019assembler les surfaces. Apr\u00e8s utilisation, fermez soigneusement le tube. La<br \/>\nr\u00e9sistance m\u00e9canique  nale est acquise 24 heures apr\u00e8s l\u2019application du produit. Observation: La date de<br \/>\np\u00e9remption apr\u00e8s ouverture du tube est de 3 mois. Le tube doit \u00eatre conserv\u00e9 dans un endroit frais et sec. Tenir<br \/>\nhors de la port\u00e9e des enfants. R\u00e9serv\u00e9 uniquement \u00e0 un usage professionnel.<\/p>\n","protected":false},"featured_media":230,"comment_status":"closed","ping_status":"open","template":"","meta":{"_acf_changed":false},"product_brand":[],"product_cat":[56,16,53],"product_tag":[71],"class_list":{"0":"post-9071","1":"product","2":"type-product","3":"status-publish","4":"has-post-thumbnail","6":"product_cat-adhesivo-especifico","7":"product_cat-bricolaje","8":"product_cat-selladores-siliconas","9":"product_tag-sellar","10":"description-off","12":"first","13":"instock","14":"purchasable","15":"product-type-simple"},"acf":[],"jetpack_sharing_enabled":true,"_links":{"self":[{"href":"https:\/\/gomagom.es\/fr\/wp-json\/wp\/v2\/product\/9071","targetHints":{"allow":["GET"]}}],"collection":[{"href":"https:\/\/gomagom.es\/fr\/wp-json\/wp\/v2\/product"}],"about":[{"href":"https:\/\/gomagom.es\/fr\/wp-json\/wp\/v2\/types\/product"}],"replies":[{"embeddable":true,"href":"https:\/\/gomagom.es\/fr\/wp-json\/wp\/v2\/comments?post=9071"}],"wp:featuredmedia":[{"embeddable":true,"href":"https:\/\/gomagom.es\/fr\/wp-json\/wp\/v2\/media\/230"}],"wp:attachment":[{"href":"https:\/\/gomagom.es\/fr\/wp-json\/wp\/v2\/media?parent=9071"}],"wp:term":[{"taxonomy":"product_brand","embeddable":true,"href":"https:\/\/gomagom.es\/fr\/wp-json\/wp\/v2\/product_brand?post=9071"},{"taxonomy":"product_cat","embeddable":true,"href":"https:\/\/gomagom.es\/fr\/wp-json\/wp\/v2\/product_cat?post=9071"},{"taxonomy":"product_tag","embeddable":true,"href":"https:\/\/gomagom.es\/fr\/wp-json\/wp\/v2\/product_tag?post=9071"}],"curies":[{"name":"wp","href":"https:\/\/api.w.org\/{rel}","templated":true}]}}