{"id":9072,"date":"2024-05-22T15:01:06","date_gmt":"2024-05-22T14:01:06","guid":{"rendered":"https:\/\/gomagom.es\/catalog\/sin%20categor\u00eda\/super-colle-avec-lumiere-uv\/"},"modified":"2025-04-01T15:26:51","modified_gmt":"2025-04-01T13:26:51","slug":"super-colle-avec-lumiere-uv","status":"publish","type":"product","link":"https:\/\/gomagom.es\/fr\/catalog\/super-colle-avec-lumiere-uv\/","title":{"rendered":"SUPER COLLE AVEC LUMI\u00c8RE UV"},"content":{"rendered":"","protected":false},"excerpt":{"rendered":"<p><span style=\"color: #ff0000;\"><strong>N\u00ba 87<\/strong><\/span> |\u00a0<strong>Ref: GG15561<\/strong>  |\u00a0<i class=\"fa-solid fa-box\"><\/i> 12u. \u00a0<i class=\"fa-solid fa-box fa-2x\"><\/i> 72u.<\/br><br \/>\nLe soudage chimique pour fixer, remplir et sceller. Id\u00e9al pour: acrylique, c\u00e9ramique, bois, m\u00e9tal, plastique\u00a0\u00bb, porcelaine, verre et bien plus.<br \/>\nAvec la Colle UV GOMAGOM, faites des r\u00e9parations durables en quelques secondes. Il suffit d&rsquo;appliquer la r\u00e9sine, puis de la faire durcir sous l&rsquo;effet du rayonnement UV de la lampe de poche afin de cr\u00e9er un soudage r\u00e9sistant, capable d&rsquo;assembler des m\u00e9taux, des verres, des plastiques, des c\u00e9ramiques, du bois et bien d&rsquo;autres mat\u00e9riaux. R\u00e9alisez des collages permanents et sans r\u00e9sidus, \u00e9liminez des fuites ou remplissez des fissures \u00e0 l&rsquo;aide de cette solution pratique, qui peut \u00eatre peinte, une fois s\u00e8che. Mode d&#8217;emploi :1. Appliquez la r\u00e9sine \u00e0 l&rsquo;endroit souhait\u00e9. 2. Assemblez les parties \u00e0 coller et maintenez-les unies. \u00c9clairez la r\u00e9sine \u00e0 l&rsquo;aide de la lumi\u00e8re UV de la lampe de poche pendant quelques secondes, en prenant soin d&rsquo;activer toute la surface o\u00f9 la colle a \u00e9t\u00e9 appliqu\u00e9e. Important: L&rsquo;efficacit\u00e9 de l&rsquo;application d\u00e9pend du contact de la lumi\u00e8re avec la r\u00e9sine. Vous devrez donc vous assurer qu&rsquo;il y a suffisamment d&rsquo;espace pour que la lumi\u00e8re p\u00e9n\u00e8tre ou que l&rsquo;une des surfaces est transparente. \u00ab\u00a0Remarque: Cette colle n&rsquo;adh\u00e8re pas aux plastiques \u00e0 base de poly\u00e9thyl\u00e8ne, de polypropyl\u00e8ne, de silicone et de Teflon\u00ae (marque Dupont). Composition: Polyacrylate, Glycol Methacrylate, Isobornyl acrylate, 2-hydroxypropyl methacrylate y Photoinitiator.<\/p>\n","protected":false},"featured_media":274,"comment_status":"closed","ping_status":"open","template":"","meta":{"_acf_changed":false},"product_brand":[],"product_cat":[56,50,16,62],"product_tag":[134],"class_list":{"0":"post-9072","1":"product","2":"type-product","3":"status-publish","4":"has-post-thumbnail","6":"product_cat-adhesivo-especifico","7":"product_cat-adhesivo-super-instantaneo","8":"product_cat-bricolaje","9":"product_cat-otros-productos","10":"product_tag-reparar-pegar","11":"description-off","13":"first","14":"instock","15":"purchasable","16":"product-type-simple"},"acf":[],"jetpack_sharing_enabled":true,"_links":{"self":[{"href":"https:\/\/gomagom.es\/fr\/wp-json\/wp\/v2\/product\/9072","targetHints":{"allow":["GET"]}}],"collection":[{"href":"https:\/\/gomagom.es\/fr\/wp-json\/wp\/v2\/product"}],"about":[{"href":"https:\/\/gomagom.es\/fr\/wp-json\/wp\/v2\/types\/product"}],"replies":[{"embeddable":true,"href":"https:\/\/gomagom.es\/fr\/wp-json\/wp\/v2\/comments?post=9072"}],"wp:featuredmedia":[{"embeddable":true,"href":"https:\/\/gomagom.es\/fr\/wp-json\/wp\/v2\/media\/274"}],"wp:attachment":[{"href":"https:\/\/gomagom.es\/fr\/wp-json\/wp\/v2\/media?parent=9072"}],"wp:term":[{"taxonomy":"product_brand","embeddable":true,"href":"https:\/\/gomagom.es\/fr\/wp-json\/wp\/v2\/product_brand?post=9072"},{"taxonomy":"product_cat","embeddable":true,"href":"https:\/\/gomagom.es\/fr\/wp-json\/wp\/v2\/product_cat?post=9072"},{"taxonomy":"product_tag","embeddable":true,"href":"https:\/\/gomagom.es\/fr\/wp-json\/wp\/v2\/product_tag?post=9072"}],"curies":[{"name":"wp","href":"https:\/\/api.w.org\/{rel}","templated":true}]}}