{"id":9075,"date":"2024-05-22T15:01:06","date_gmt":"2024-05-22T14:01:06","guid":{"rendered":"https:\/\/gomagom.es\/catalog\/sin%20categor\u00eda\/silicone-ignifuge-50ml\/"},"modified":"2025-04-01T15:26:53","modified_gmt":"2025-04-01T13:26:53","slug":"silicone-ignifuge-50ml","status":"publish","type":"product","link":"https:\/\/gomagom.es\/fr\/catalog\/silicone-ignifuge-50ml\/","title":{"rendered":"SILICONE IGNIFUGE 50ml"},"content":{"rendered":"","protected":false},"excerpt":{"rendered":"<p><span style=\"color: #ff0000;\"><strong>N\u00ba 90<\/strong><\/span> |\u00a0<strong>Ref: GG14611<\/strong>  |\u00a0<i class=\"fa-solid fa-box\"><\/i> 12u. \u00a0<i class=\"fa-solid fa-box fa-2x\"><\/i> 144u.<\/br><br \/>\nR\u00e9sistant au feu ! Le scellant de silicone est un scellant \u00e0 polym\u00e9risation neutre. Il poss\u00e8de une excellente r\u00e9sistance \u00e0 la flamme et offre une grande capacit\u00e9 d\u2019adh\u00e9rence sur la plupart des mat\u00e9riaux de construction sans appr\u00eat. Il n\u2019est pas corrosif pour la plupart des surfaces et o re une excellente r\u00e9sistance aux intemp\u00e9ries et aux rayons UV. APPLICATIONS: Il est id\u00e9al pour le scellement de murs, d\u2019installations \u00e9lectroniques, de<br \/>\nfen\u00eatres, de portes, de fa\u00e7ades d\u2019\u00e9di ces, de joints d\u2019expansion et d\u2019endroits exigeant une classification de r\u00e9sistance au feu, tels que des h\u00f4tels, th\u00e9\u00e2tres, maisons d\u2019habitation, a\u00e9roports et autres. Son utilisation est \u00e9galement indiqu\u00e9e dans les syst\u00e8mes de scellement de p\u00e9n\u00e9tration o\u00f9 des tuyaux et des c\u00e2bles doivent traverser des structures r\u00e9sistantes au feu.<\/p>\n","protected":false},"featured_media":231,"comment_status":"closed","ping_status":"open","template":"","meta":{"_acf_changed":false},"product_brand":[],"product_cat":[56,16,53],"product_tag":[71],"class_list":{"0":"post-9075","1":"product","2":"type-product","3":"status-publish","4":"has-post-thumbnail","6":"product_cat-adhesivo-especifico","7":"product_cat-bricolaje","8":"product_cat-selladores-siliconas","9":"product_tag-sellar","10":"description-off","12":"first","13":"instock","14":"purchasable","15":"product-type-simple"},"acf":[],"jetpack_sharing_enabled":true,"_links":{"self":[{"href":"https:\/\/gomagom.es\/fr\/wp-json\/wp\/v2\/product\/9075","targetHints":{"allow":["GET"]}}],"collection":[{"href":"https:\/\/gomagom.es\/fr\/wp-json\/wp\/v2\/product"}],"about":[{"href":"https:\/\/gomagom.es\/fr\/wp-json\/wp\/v2\/types\/product"}],"replies":[{"embeddable":true,"href":"https:\/\/gomagom.es\/fr\/wp-json\/wp\/v2\/comments?post=9075"}],"wp:featuredmedia":[{"embeddable":true,"href":"https:\/\/gomagom.es\/fr\/wp-json\/wp\/v2\/media\/231"}],"wp:attachment":[{"href":"https:\/\/gomagom.es\/fr\/wp-json\/wp\/v2\/media?parent=9075"}],"wp:term":[{"taxonomy":"product_brand","embeddable":true,"href":"https:\/\/gomagom.es\/fr\/wp-json\/wp\/v2\/product_brand?post=9075"},{"taxonomy":"product_cat","embeddable":true,"href":"https:\/\/gomagom.es\/fr\/wp-json\/wp\/v2\/product_cat?post=9075"},{"taxonomy":"product_tag","embeddable":true,"href":"https:\/\/gomagom.es\/fr\/wp-json\/wp\/v2\/product_tag?post=9075"}],"curies":[{"name":"wp","href":"https:\/\/api.w.org\/{rel}","templated":true}]}}