{"id":9077,"date":"2024-05-22T15:01:06","date_gmt":"2024-05-22T14:01:06","guid":{"rendered":"https:\/\/gomagom.es\/catalog\/sin%20categor\u00eda\/ruban-auto-agrippant-blanc\/"},"modified":"2025-04-01T15:26:54","modified_gmt":"2025-04-01T13:26:54","slug":"ruban-auto-agrippant-blanc","status":"publish","type":"product","link":"https:\/\/gomagom.es\/fr\/catalog\/ruban-auto-agrippant-blanc\/","title":{"rendered":"RUBAN AUTO-AGRIPPANT BLANC"},"content":{"rendered":"","protected":false},"excerpt":{"rendered":"<p><span style=\"color: #ff0000;\"><strong>N\u00ba 92<\/strong><\/span> |\u00a0<strong>Ref: GG17281<\/strong>  |\u00a0<i class=\"fa-solid fa-box\"><\/i> 12u. \u00a0<i class=\"fa-solid fa-box fa-2x\"><\/i> 144u.<\/br><br \/>\nLe ruban auto-agrippant adh\u00e9sif est un mat\u00e9riau adaptable \u00e0 di \u00e9rents environnements<br \/>\nde travail, ajustable, r\u00e9utilisable, tr\u00e8s facile \u00e0 poser et qui offre de<br \/>\nmultiples solutions. Id\u00e9al pour attacher, fixer, suspendre, coller et ranger rapidement et facilement des objets l\u00e9gers, pour organiser et regrouper des c\u00e2bles, pour accrocher des<br \/>\na ches ou des v\u00eatements, pour redresser ou faire tenir des plantes et des<br \/>\narbustes, etc. de mani\u00e8re simple et pratique. Facile \u00e0 ouvrir et \u00e0 fermer \u00e0 plusieurs<br \/>\nreprises. Ce ruban assure une fixation similaire \u00e0 celle des vis et des rivets, mais<br \/>\navec l\u2019avantage de pouvoir \u00eatre d\u00e9tach\u00e9 facilement. Il assure une adh\u00e9rence<br \/>\nferme, polyvalente, durable et est r\u00e9sistant \u00e0 l\u2019eau. Utilisable en ext\u00e9rieur. Il peut<br \/>\n\u00eatre coup\u00e9, agraf\u00e9, clou\u00e9 et viss\u00e9.<\/p>\n","protected":false},"featured_media":347,"comment_status":"closed","ping_status":"open","template":"","meta":{"_acf_changed":false},"product_brand":[],"product_cat":[16,63,62],"product_tag":[98],"class_list":{"0":"post-9077","1":"product","2":"type-product","3":"status-publish","4":"has-post-thumbnail","6":"product_cat-bricolaje","7":"product_cat-cintas-adhesivas-bricolaje","8":"product_cat-otros-productos","9":"product_tag-fijar","10":"description-off","12":"first","13":"instock","14":"purchasable","15":"product-type-simple"},"acf":[],"jetpack_sharing_enabled":true,"_links":{"self":[{"href":"https:\/\/gomagom.es\/fr\/wp-json\/wp\/v2\/product\/9077","targetHints":{"allow":["GET"]}}],"collection":[{"href":"https:\/\/gomagom.es\/fr\/wp-json\/wp\/v2\/product"}],"about":[{"href":"https:\/\/gomagom.es\/fr\/wp-json\/wp\/v2\/types\/product"}],"replies":[{"embeddable":true,"href":"https:\/\/gomagom.es\/fr\/wp-json\/wp\/v2\/comments?post=9077"}],"wp:featuredmedia":[{"embeddable":true,"href":"https:\/\/gomagom.es\/fr\/wp-json\/wp\/v2\/media\/347"}],"wp:attachment":[{"href":"https:\/\/gomagom.es\/fr\/wp-json\/wp\/v2\/media?parent=9077"}],"wp:term":[{"taxonomy":"product_brand","embeddable":true,"href":"https:\/\/gomagom.es\/fr\/wp-json\/wp\/v2\/product_brand?post=9077"},{"taxonomy":"product_cat","embeddable":true,"href":"https:\/\/gomagom.es\/fr\/wp-json\/wp\/v2\/product_cat?post=9077"},{"taxonomy":"product_tag","embeddable":true,"href":"https:\/\/gomagom.es\/fr\/wp-json\/wp\/v2\/product_tag?post=9077"}],"curies":[{"name":"wp","href":"https:\/\/api.w.org\/{rel}","templated":true}]}}