{"id":9094,"date":"2024-05-22T15:01:19","date_gmt":"2024-05-22T14:01:19","guid":{"rendered":"https:\/\/gomagom.es\/catalog\/sin%20categor\u00eda\/colle-transparente-liquide-500ml\/"},"modified":"2025-04-01T15:27:07","modified_gmt":"2025-04-01T13:27:07","slug":"colle-transparente-liquide-500ml","status":"publish","type":"product","link":"https:\/\/gomagom.es\/fr\/catalog\/colle-transparente-liquide-500ml\/","title":{"rendered":"COLLE TRANSPARENTE LIQUIDE 500ml"},"content":{"rendered":"","protected":false},"excerpt":{"rendered":"<p><strong>Ref: GG12181<\/strong> |\u00a0<i class=\"fa-solid fa-box\"><\/i> 6u. \u00a0<i class=\"fa-solid fa-box fa-2x\"><\/i> 12u.<\/br><br \/>\nPour coller: Le bois, le plaqu\u00e9, le conglom\u00e9rat, le cuir, le tissu, le li\u00e8ge, le garton, le papier, etc. Usage scolaire. Sans solvant.<\/p>\n","protected":false},"featured_media":420,"comment_status":"closed","ping_status":"open","template":"","meta":{"_acf_changed":false},"product_brand":[],"product_cat":[36],"product_tag":[],"class_list":{"0":"post-9094","1":"product","2":"type-product","3":"status-publish","4":"has-post-thumbnail","6":"product_cat-papeleria","7":"description-off","9":"first","10":"instock","11":"purchasable","12":"product-type-simple"},"acf":[],"jetpack_sharing_enabled":true,"_links":{"self":[{"href":"https:\/\/gomagom.es\/fr\/wp-json\/wp\/v2\/product\/9094","targetHints":{"allow":["GET"]}}],"collection":[{"href":"https:\/\/gomagom.es\/fr\/wp-json\/wp\/v2\/product"}],"about":[{"href":"https:\/\/gomagom.es\/fr\/wp-json\/wp\/v2\/types\/product"}],"replies":[{"embeddable":true,"href":"https:\/\/gomagom.es\/fr\/wp-json\/wp\/v2\/comments?post=9094"}],"wp:featuredmedia":[{"embeddable":true,"href":"https:\/\/gomagom.es\/fr\/wp-json\/wp\/v2\/media\/420"}],"wp:attachment":[{"href":"https:\/\/gomagom.es\/fr\/wp-json\/wp\/v2\/media?parent=9094"}],"wp:term":[{"taxonomy":"product_brand","embeddable":true,"href":"https:\/\/gomagom.es\/fr\/wp-json\/wp\/v2\/product_brand?post=9094"},{"taxonomy":"product_cat","embeddable":true,"href":"https:\/\/gomagom.es\/fr\/wp-json\/wp\/v2\/product_cat?post=9094"},{"taxonomy":"product_tag","embeddable":true,"href":"https:\/\/gomagom.es\/fr\/wp-json\/wp\/v2\/product_tag?post=9094"}],"curies":[{"name":"wp","href":"https:\/\/api.w.org\/{rel}","templated":true}]}}