{"id":9106,"date":"2024-05-22T15:01:19","date_gmt":"2024-05-22T14:01:19","guid":{"rendered":"https:\/\/gomagom.es\/catalog\/sin%20categor\u00eda\/activateur-slime-250ml\/"},"modified":"2025-04-01T15:27:10","modified_gmt":"2025-04-01T13:27:10","slug":"activateur-slime-250ml","status":"publish","type":"product","link":"https:\/\/gomagom.es\/fr\/catalog\/activateur-slime-250ml\/","title":{"rendered":"ACTIVATEUR SLIME 250ml"},"content":{"rendered":"","protected":false},"excerpt":{"rendered":"<p><strong>Ref: GG14081<\/strong> |\u00a0<i class=\"fa-solid fa-box\"><\/i> 10u. \u00a0<i class=\"fa-solid fa-box fa-2x\"><\/i> 40u.<\/br><br \/>\nMODE D&rsquo;EMPLOI: Verser l\u2019activateur de slime lentement sur la colle, tout en remuant avec une cuill\u00e8re,  jusqu\u2019\u00e0 ce que la totalit\u00e9 du liquide soit dilu\u00e9 dans celle ci.<br \/>\nDOSAGE: +\/- 50ml d\u2019activateur pour 100ml de colle. Normes: Conforme \u00e0 la norme europ\u00e9enne de jouets EN 71\/3. Formule  class\u00e9e comme non dangereuse selon le r\u00e8glement CLP (CE) 1272\/2008.<\/p>\n","protected":false},"featured_media":445,"comment_status":"closed","ping_status":"open","template":"","meta":{"_acf_changed":false},"product_brand":[],"product_cat":[36,349],"product_tag":[],"class_list":{"0":"post-9106","1":"product","2":"type-product","3":"status-publish","4":"has-post-thumbnail","6":"product_cat-papeleria","7":"product_cat-slime-kits-activadores","8":"description-off","10":"first","11":"instock","12":"purchasable","13":"product-type-simple"},"acf":[],"jetpack_sharing_enabled":true,"_links":{"self":[{"href":"https:\/\/gomagom.es\/fr\/wp-json\/wp\/v2\/product\/9106","targetHints":{"allow":["GET"]}}],"collection":[{"href":"https:\/\/gomagom.es\/fr\/wp-json\/wp\/v2\/product"}],"about":[{"href":"https:\/\/gomagom.es\/fr\/wp-json\/wp\/v2\/types\/product"}],"replies":[{"embeddable":true,"href":"https:\/\/gomagom.es\/fr\/wp-json\/wp\/v2\/comments?post=9106"}],"wp:featuredmedia":[{"embeddable":true,"href":"https:\/\/gomagom.es\/fr\/wp-json\/wp\/v2\/media\/445"}],"wp:attachment":[{"href":"https:\/\/gomagom.es\/fr\/wp-json\/wp\/v2\/media?parent=9106"}],"wp:term":[{"taxonomy":"product_brand","embeddable":true,"href":"https:\/\/gomagom.es\/fr\/wp-json\/wp\/v2\/product_brand?post=9106"},{"taxonomy":"product_cat","embeddable":true,"href":"https:\/\/gomagom.es\/fr\/wp-json\/wp\/v2\/product_cat?post=9106"},{"taxonomy":"product_tag","embeddable":true,"href":"https:\/\/gomagom.es\/fr\/wp-json\/wp\/v2\/product_tag?post=9106"}],"curies":[{"name":"wp","href":"https:\/\/api.w.org\/{rel}","templated":true}]}}