{"id":9108,"date":"2024-05-22T15:01:19","date_gmt":"2024-05-22T14:01:19","guid":{"rendered":"https:\/\/gomagom.es\/catalog\/sin%20categor\u00eda\/mastic-adhesif-repositionnable-pour-fixer-des-objects-20g\/"},"modified":"2025-04-01T15:27:13","modified_gmt":"2025-04-01T13:27:13","slug":"mastic-adhesif-repositionnable-pour-fixer-des-objects-20g","status":"publish","type":"product","link":"https:\/\/gomagom.es\/fr\/catalog\/mastic-adhesif-repositionnable-pour-fixer-des-objects-20g\/","title":{"rendered":"MASTIC ADHESIF REPOSITIONNABLE POUR FIXER DES OBJECTS 20g"},"content":{"rendered":"","protected":false},"excerpt":{"rendered":"<p><strong>Ref: GG15012<\/strong> |\u00a0<i class=\"fa-solid fa-box\"><\/i> 15u. \u00a0<i class=\"fa-solid fa-box fa-2x\"><\/i> 180u.<\/br><br \/>\nIl sert \u00e0 fixer n\u2019importe quel objet de peu de poids sans faire de trous. Il fixe des t\u00e9l\u00e9phones, des calculatrices, des cendriers, des cl\u00e9s\u2026<\/p>\n","protected":false},"featured_media":452,"comment_status":"closed","ping_status":"open","template":"","meta":{"_acf_changed":false},"product_brand":[],"product_cat":[49,36],"product_tag":[],"class_list":{"0":"post-9108","1":"product","2":"type-product","3":"status-publish","4":"has-post-thumbnail","6":"product_cat-masilla-adhesiva","7":"product_cat-papeleria","8":"description-off","10":"first","11":"instock","12":"purchasable","13":"product-type-simple"},"acf":[],"jetpack_sharing_enabled":true,"_links":{"self":[{"href":"https:\/\/gomagom.es\/fr\/wp-json\/wp\/v2\/product\/9108","targetHints":{"allow":["GET"]}}],"collection":[{"href":"https:\/\/gomagom.es\/fr\/wp-json\/wp\/v2\/product"}],"about":[{"href":"https:\/\/gomagom.es\/fr\/wp-json\/wp\/v2\/types\/product"}],"replies":[{"embeddable":true,"href":"https:\/\/gomagom.es\/fr\/wp-json\/wp\/v2\/comments?post=9108"}],"wp:featuredmedia":[{"embeddable":true,"href":"https:\/\/gomagom.es\/fr\/wp-json\/wp\/v2\/media\/452"}],"wp:attachment":[{"href":"https:\/\/gomagom.es\/fr\/wp-json\/wp\/v2\/media?parent=9108"}],"wp:term":[{"taxonomy":"product_brand","embeddable":true,"href":"https:\/\/gomagom.es\/fr\/wp-json\/wp\/v2\/product_brand?post=9108"},{"taxonomy":"product_cat","embeddable":true,"href":"https:\/\/gomagom.es\/fr\/wp-json\/wp\/v2\/product_cat?post=9108"},{"taxonomy":"product_tag","embeddable":true,"href":"https:\/\/gomagom.es\/fr\/wp-json\/wp\/v2\/product_tag?post=9108"}],"curies":[{"name":"wp","href":"https:\/\/api.w.org\/{rel}","templated":true}]}}