{"id":9111,"date":"2024-05-22T15:01:32","date_gmt":"2024-05-22T14:01:32","guid":{"rendered":"https:\/\/gomagom.es\/catalog\/sin%20categor\u00eda\/pastilles-adhesives-dotspermanent-32u\/"},"modified":"2025-04-01T15:27:15","modified_gmt":"2025-04-01T13:27:15","slug":"pastilles-adhesives-dotspermanent-32u","status":"publish","type":"product","link":"https:\/\/gomagom.es\/fr\/catalog\/pastilles-adhesives-dotspermanent-32u\/","title":{"rendered":"PASTILLES ADHESIVES DOTSPERMANENT 32u"},"content":{"rendered":"","protected":false},"excerpt":{"rendered":"<p><strong>Ref: GG15024<\/strong> |\u00a0<i class=\"fa-solid fa-box\"><\/i> 15u. \u00a0<i class=\"fa-solid fa-box fa-2x\"><\/i> 375u.<\/br><br \/>\nLes Dots peuvent \u00eatre utilis\u00e9es pour coller des affiches, des dessins, des cartes, des post-it et des notifications, etc. Les Dots fixent, collent et renforcent SANS salir, SANS t\u00e2cher les v\u00eatements, SANS odeur, SANS \u00e9claboussure et SANS r\u00e9sidus.<\/p>\n","protected":false},"featured_media":455,"comment_status":"closed","ping_status":"open","template":"","meta":{"_acf_changed":false},"product_brand":[],"product_cat":[38,47,36],"product_tag":[],"class_list":{"0":"post-9111","1":"product","2":"type-product","3":"status-publish","4":"has-post-thumbnail","6":"product_cat-material-escolar","7":"product_cat-material-oficina","8":"product_cat-papeleria","9":"description-off","11":"first","12":"instock","13":"purchasable","14":"product-type-simple"},"acf":[],"jetpack_sharing_enabled":true,"_links":{"self":[{"href":"https:\/\/gomagom.es\/fr\/wp-json\/wp\/v2\/product\/9111","targetHints":{"allow":["GET"]}}],"collection":[{"href":"https:\/\/gomagom.es\/fr\/wp-json\/wp\/v2\/product"}],"about":[{"href":"https:\/\/gomagom.es\/fr\/wp-json\/wp\/v2\/types\/product"}],"replies":[{"embeddable":true,"href":"https:\/\/gomagom.es\/fr\/wp-json\/wp\/v2\/comments?post=9111"}],"wp:featuredmedia":[{"embeddable":true,"href":"https:\/\/gomagom.es\/fr\/wp-json\/wp\/v2\/media\/455"}],"wp:attachment":[{"href":"https:\/\/gomagom.es\/fr\/wp-json\/wp\/v2\/media?parent=9111"}],"wp:term":[{"taxonomy":"product_brand","embeddable":true,"href":"https:\/\/gomagom.es\/fr\/wp-json\/wp\/v2\/product_brand?post=9111"},{"taxonomy":"product_cat","embeddable":true,"href":"https:\/\/gomagom.es\/fr\/wp-json\/wp\/v2\/product_cat?post=9111"},{"taxonomy":"product_tag","embeddable":true,"href":"https:\/\/gomagom.es\/fr\/wp-json\/wp\/v2\/product_tag?post=9111"}],"curies":[{"name":"wp","href":"https:\/\/api.w.org\/{rel}","templated":true}]}}