{"id":9127,"date":"2024-05-22T15:01:32","date_gmt":"2024-05-22T14:01:32","guid":{"rendered":"https:\/\/gomagom.es\/catalog\/sin%20categor\u00eda\/correcteur-a-sec-5mm-x-12m\/"},"modified":"2025-04-01T15:27:25","modified_gmt":"2025-04-01T13:27:25","slug":"correcteur-a-sec-5mm-x-12m","status":"publish","type":"product","link":"https:\/\/gomagom.es\/fr\/catalog\/correcteur-a-sec-5mm-x-12m\/","title":{"rendered":"CORRECTEUR \u00c0 SEC  5mm x 12m"},"content":{"rendered":"","protected":false},"excerpt":{"rendered":"<p><strong>Ref: GG15291<\/strong> |\u00a0<i class=\"fa-solid fa-box\"><\/i> 12u. \u00a0<i class=\"fa-solid fa-box fa-2x\"><\/i> 288u.<\/br><br \/>\nPour corriger et \u00e9crire imm\u00e9diatement. Pour corriger tout type d\u2019\u00e9crit et r\u00e9\u00e9crire \u00e0 l\u2019instant.<\/p>\n","protected":false},"featured_media":482,"comment_status":"closed","ping_status":"open","template":"","meta":{"_acf_changed":false},"product_brand":[],"product_cat":[43,36],"product_tag":[],"class_list":{"0":"post-9127","1":"product","2":"type-product","3":"status-publish","4":"has-post-thumbnail","6":"product_cat-correctores","7":"product_cat-papeleria","8":"description-off","10":"first","11":"instock","12":"purchasable","13":"product-type-simple"},"acf":[],"jetpack_sharing_enabled":true,"_links":{"self":[{"href":"https:\/\/gomagom.es\/fr\/wp-json\/wp\/v2\/product\/9127","targetHints":{"allow":["GET"]}}],"collection":[{"href":"https:\/\/gomagom.es\/fr\/wp-json\/wp\/v2\/product"}],"about":[{"href":"https:\/\/gomagom.es\/fr\/wp-json\/wp\/v2\/types\/product"}],"replies":[{"embeddable":true,"href":"https:\/\/gomagom.es\/fr\/wp-json\/wp\/v2\/comments?post=9127"}],"wp:featuredmedia":[{"embeddable":true,"href":"https:\/\/gomagom.es\/fr\/wp-json\/wp\/v2\/media\/482"}],"wp:attachment":[{"href":"https:\/\/gomagom.es\/fr\/wp-json\/wp\/v2\/media?parent=9127"}],"wp:term":[{"taxonomy":"product_brand","embeddable":true,"href":"https:\/\/gomagom.es\/fr\/wp-json\/wp\/v2\/product_brand?post=9127"},{"taxonomy":"product_cat","embeddable":true,"href":"https:\/\/gomagom.es\/fr\/wp-json\/wp\/v2\/product_cat?post=9127"},{"taxonomy":"product_tag","embeddable":true,"href":"https:\/\/gomagom.es\/fr\/wp-json\/wp\/v2\/product_tag?post=9127"}],"curies":[{"name":"wp","href":"https:\/\/api.w.org\/{rel}","templated":true}]}}