{"id":9131,"date":"2024-05-22T15:01:44","date_gmt":"2024-05-22T14:01:44","guid":{"rendered":"https:\/\/gomagom.es\/catalog\/sin%20categor\u00eda\/ruban-adhesif-double-fase-18mm\/"},"modified":"2025-04-01T15:27:27","modified_gmt":"2025-04-01T13:27:27","slug":"ruban-adhesif-double-fase-18mm","status":"publish","type":"product","link":"https:\/\/gomagom.es\/fr\/catalog\/ruban-adhesif-double-fase-18mm\/","title":{"rendered":"RUBAN ADH\u00c9SIF DOUBLE FASE 18mm"},"content":{"rendered":"","protected":false},"excerpt":{"rendered":"<p><strong>Ref: GG15650<\/strong> |\u00a0<i class=\"fa-solid fa-box\"><\/i> 12u. \u00a0<i class=\"fa-solid fa-box fa-2x\"><\/i> 72u.<\/br><br \/>\nPour coller: crochets, plaques, afiches, d\u00e9corations murales ou fixer un t\u00e9l\u00e9phone. Est tr\u00e8s utile \u00e0 la maison, au bureau et \u00e0 l\u2019\u00e9cole. Pour fixer tout type d\u2019objets de fa\u00e7on propre, rapide et facile. Propre \u00e0 usage infantile et\/ou domestique.<\/p>\n","protected":false},"featured_media":489,"comment_status":"closed","ping_status":"open","template":"","meta":{"_acf_changed":false},"product_brand":[],"product_cat":[41,36],"product_tag":[],"class_list":{"0":"post-9131","1":"product","2":"type-product","3":"status-publish","4":"has-post-thumbnail","6":"product_cat-cintas-adhesivas","7":"product_cat-papeleria","8":"description-off","10":"first","11":"instock","12":"purchasable","13":"product-type-simple"},"acf":[],"jetpack_sharing_enabled":true,"_links":{"self":[{"href":"https:\/\/gomagom.es\/fr\/wp-json\/wp\/v2\/product\/9131","targetHints":{"allow":["GET"]}}],"collection":[{"href":"https:\/\/gomagom.es\/fr\/wp-json\/wp\/v2\/product"}],"about":[{"href":"https:\/\/gomagom.es\/fr\/wp-json\/wp\/v2\/types\/product"}],"replies":[{"embeddable":true,"href":"https:\/\/gomagom.es\/fr\/wp-json\/wp\/v2\/comments?post=9131"}],"wp:featuredmedia":[{"embeddable":true,"href":"https:\/\/gomagom.es\/fr\/wp-json\/wp\/v2\/media\/489"}],"wp:attachment":[{"href":"https:\/\/gomagom.es\/fr\/wp-json\/wp\/v2\/media?parent=9131"}],"wp:term":[{"taxonomy":"product_brand","embeddable":true,"href":"https:\/\/gomagom.es\/fr\/wp-json\/wp\/v2\/product_brand?post=9131"},{"taxonomy":"product_cat","embeddable":true,"href":"https:\/\/gomagom.es\/fr\/wp-json\/wp\/v2\/product_cat?post=9131"},{"taxonomy":"product_tag","embeddable":true,"href":"https:\/\/gomagom.es\/fr\/wp-json\/wp\/v2\/product_tag?post=9131"}],"curies":[{"name":"wp","href":"https:\/\/api.w.org\/{rel}","templated":true}]}}